{"id":10762,"date":"2025-10-15T14:24:41","date_gmt":"2025-10-15T14:24:41","guid":{"rendered":"https:\/\/tepeyac.edu.mx\/Universidad\/?page_id=10762"},"modified":"2025-10-15T14:33:17","modified_gmt":"2025-10-15T14:33:17","slug":"aviso-de-privacidad-2","status":"publish","type":"page","link":"https:\/\/tepeyac.edu.mx\/Universidad\/aviso-de-privacidad-2\/","title":{"rendered":"Aviso de privacidad Videovigilancia"},"content":{"rendered":"\t\t<div data-elementor-type=\"wp-page\" data-elementor-id=\"10762\" class=\"elementor elementor-10762\">\n\t\t\t\t\t\t<section class=\"elementor-section elementor-top-section elementor-element elementor-element-67ad2aa4 elementor-section-boxed elementor-section-height-default elementor-section-height-default\" data-id=\"67ad2aa4\" data-element_type=\"section\">\n\t\t\t\t\t\t<div class=\"elementor-container elementor-column-gap-default\">\n\t\t\t\t\t<div class=\"elementor-column elementor-col-100 elementor-top-column elementor-element elementor-element-259a6573\" data-id=\"259a6573\" data-element_type=\"column\">\n\t\t\t<div class=\"elementor-widget-wrap elementor-element-populated\">\n\t\t\t\t\t\t<div class=\"elementor-element elementor-element-d33af01 elementor-widget elementor-widget-image\" data-id=\"d33af01\" data-element_type=\"widget\" data-widget_type=\"image.default\">\n\t\t\t\t<div class=\"elementor-widget-container\">\n\t\t\t\t\t\t\t\t\t\t\t\t\t\t\t<img decoding=\"async\" width=\"255\" height=\"189\" src=\"https:\/\/tepeyac.edu.mx\/Universidad\/wp-content\/uploads\/2024\/01\/aviso-de-privacidad.jpg\" class=\"attachment-medium size-medium wp-image-9044\" alt=\"Aviso de privacidad Universidad del Tepeyac\" \/>\t\t\t\t\t\t\t\t\t\t\t\t\t\t\t<\/div>\n\t\t\t\t<\/div>\n\t\t\t\t<div class=\"elementor-element elementor-element-33ecec1a elementor-widget elementor-widget-text-editor\" data-id=\"33ecec1a\" data-element_type=\"widget\" data-widget_type=\"text-editor.default\">\n\t\t\t\t<div class=\"elementor-widget-container\">\n\t\t\t\t\t\t\t\t\t<h2 class=\"wp-block-heading\">Aviso de privacidad Integral Videovigilancia<\/h2>\n<p><!-- \/wp:heading --><!-- wp:paragraph --><\/p>\n<p>El Colegio y Universidad del Tepeyac proteger\u00e1 tus datos personales como lo son las im\u00e1genes captadas por las c\u00e1maras de seguridad, y ser\u00e1n sometidos al tratamiento para el desarrollo de las finalidades descritas en el presente Aviso de Privacidad, basado en la normatividad vigente aplicable al derecho a la vida privada y a la protecci\u00f3n de datos personales.<\/p>\n<p>\u00a0<\/p>\n<h1><span style=\"font-size: 21px;\">Objeto.<\/span><\/h1>\n<p>Informar a los usuarios de la existencia y caracter\u00edsticas principales del tratamiento al que ser\u00e1n sometidos sus datos personales que sean recolectados por las c\u00e1maras de seguridad y c\u00f3mo se protegen estos, a fin de que pueda tomar decisiones informadas al respecto.<\/p>\n<p>\u00a0<\/p>\n<p>El Colegio y Universidad del Tepeyac cumple con medidas de seguridad; t\u00e9cnicas, administrativas y f\u00edsicas que aseguran el tratamiento de los datos personales conforme a la normatividad aplicable.<\/p>\n<p>\u00a0<\/p>\n<h1><span style=\"font-size: 21px;\">La denominaci\u00f3n del Responsable.<\/span><\/h1>\n<p><strong>COLEGIO DEL TEPEYAC, COLEGIO DEL TEPEYAC AC., COLEGIO Y UNIVERSIDAD DEL TEPEYAC SC., CENTROS DE ESTUDIOS DEL TEPEYAC SC.\u00a0<\/strong>-que de aqu\u00ed en adelante denominaremos- \u201cCUT\u201d<\/p>\n<p>\u00a0<\/p>\n<h1><span style=\"font-size: 21px;\">El domicilio del Responsable.<\/span><\/h1>\n<p>Av. Callao 842 Col.Lindavista, C.P: 07300 Del. Gustavo A. Madero, CDMX.<\/p>\n<h1><span style=\"font-size: 21px;\">Datos personales que ser\u00e1n sometidos a tratamiento (identificando aqu\u00e9llos que son sensibles).<\/span><\/h1>\n<p>Los datos que se recaban a trav\u00e9s de las c\u00e1maras de seguridad son:<\/p>\n<ul>\n<li>Im\u00e1genes captadas de todo el personal que labora en las instalaciones del CUT, proveedores y visitantes.<\/li>\n<\/ul>\n<h1><span style=\"font-size: 21px;\">Finalidades del tratamiento para las cuales se obtiene los datos personales (distinguiendo aquellas que requieran el consentimiento del titular).<\/span><\/h1>\n<p>Los datos personales podr\u00e1n ser tratados para los siguientes fines:<\/p>\n<ul>\n<li>Seguridad y vigilancia de las instalaciones del CUT<\/li>\n<\/ul>\n<p>\u00a0<\/p>\n<p>Las c\u00e1maras son para la seguridad de todo el personal que labora en las instalaciones del CUT, proveedores y visitantes, y en su caso, para proporcionarles un mejor servicio, se pueden encontrar en \u00e1reas comunes, pasillos, oficinas, patios,escaleras,centro de computo, laboratorios,cafeterias.<\/p>\n<p>\u00a0<\/p>\n<p>Los datos personales recabados por las c\u00e1maras de seguridad, podr\u00e1n ser tratados sin consentimiento del titular, siempre en respeto a sus derechos; teniendo como supuestos de excepci\u00f3n a los principios que rigen el tratamiento de datos, la seguridad nacional, disposiciones de orden p\u00fablico, seguridad y salud p\u00fablicas o para proteger los derechos de terceros, seg\u00fan lo establece el segundo p\u00e1rrafo del art\u00edculo 16, de la Constituci\u00f3n Pol\u00edtica de los Estados Unidos Mexicanos.<\/p>\n<p>\u00a0<\/p>\n<h1><span style=\"font-size: 21px;\">Fundamento legal para llevar a cabo el tratamiento.<\/span><\/h1>\n<p>La Unidad de Transparencia (Control Escolar), hace de tu conocimiento que el fundamento para tratar tus datos personales, se encuentra en los art\u00edculos 6\u00b0 Base A y 16 segundo p\u00e1rrafo de la <a href=\"http:\/\/www.ordenjuridico.gob.mx\/Constitucion\/cn16.pdf\">Constituci\u00f3n Pol\u00edtica de los Estados Unidos Mexicano<\/a>; 3\u00b0, fracci\u00f3n XXXIII, 4\u00b0, 16, 17 y 18 de la <a href=\"http:\/\/www.dof.gob.mx\/nota_detalle.php?codigo=5469949&amp;fecha=26\/01\/2017\">Ley General de Protecci\u00f3n de Datos Personales en Posesi\u00f3n de Sujetos Obligados<\/a>;<\/p>\n<p>\u00a0<\/p>\n<p>Tambi\u00e9n se informa al titular que no se realizar\u00e1n transferencias de datos personales que requieran de su consentimiento.<\/p>\n<p>\u00a0<\/p>\n<p><strong>Mecanismos, medios y procedimientos disponibles para ejercer los derechos ARCO. <\/strong>La Unidad de Transparencia (Control Escolar) permite al titular ejercer los derechos de acceso, rectificaci\u00f3n, cancelaci\u00f3n y oposici\u00f3n de datos personales de conformidad con el art\u00edculo 16 p\u00e1rrafo segundo de la <a href=\"http:\/\/www.ordenjuridico.gob.mx\/Constitucion\/cn16.pdf\">Constituci\u00f3n Pol\u00edtica de los Estados Unidos Mexicanos<\/a>, as\u00ed como T\u00edtulo Tercero, Cap\u00edtulos I y II de la <a href=\"http:\/\/www.dof.gob.mx\/nota_detalle.php?codigo=5469949&amp;fecha=26\/01\/2017\">Ley General de Protecci\u00f3n de Datos Personales en Posesi\u00f3n<\/a> <a href=\"http:\/\/www.dof.gob.mx\/nota_detalle.php?codigo=5469949&amp;fecha=26\/01\/2017\">de Sujetos Obligados.<\/a><\/p>\n<p>\u00a0<\/p>\n<p>Para ejercer estos derechos el titular podr\u00e1 acudir a la Unidad de Transparencia (Control Escolar)<\/p>\n<p>\u00a0<\/p>\n<h1><span style=\"font-size: 21px;\">El domicilio de la Unidad de Transparencia.<\/span><\/h1>\n<p>Av. Callao 842. Col Lindavista. GAM , CDMX, Edificio San juan, Correo electronico: diradmon@tepeyac.edu.mx\u00a0\u00a0\u00a0\u00a0\u00a0\u00a0\u00a0\u00a0\u00a0\u00a0\u00a0\u00a0\u00a0\u00a0\u00a0\u00a0\u00a0\u00a0\u00a0\u00a0\u00a0\u00a0\u00a0\u00a0\u00a0\u00a0\u00a0\u00a0\u00a0\u00a0\u00a0\u00a0\u00a0\u00a0\u00a0\u00a0\u00a0\u00a0\u00a0\u00a0\u00a0\u00a0\u00a0\u00a0\u00a0\u00a0\u00a0\u00a0\u00a0\u00a0\u00a0\u00a0\u00a0\u00a0\u00a0\u00a0\u00a0\u00a0\u00a0\u00a0\u00a0\u00a0\u00a0\u00a0\u00a0\u00a0\u00a0\u00a0\u00a0\u00a0\u00a0<\/p>\n<h1><span style=\"font-size: 21px;\">Cambios y actualizaciones al Aviso de Privacidad.<\/span><\/h1>\n<p>El presente Aviso de Privacidad puede cambiar o actualizarse peri\u00f3dicamente; por lo que te pedimos lo revises constantemente en esta direcci\u00f3n electr\u00f3nica www.tepeyac.edu.mx para que puedas estar al tanto de la \u00faltima versi\u00f3n que rige el tratamiento de tus datos personales.<\/p>\n<p>No obstante lo anterior, el Aviso de Privacidad siempre deber\u00e1 observar las disposiciones jur\u00eddicas aplicables.<\/p>\n<p>Estas modificaciones estar\u00e1n disponibles al p\u00fablico a trav\u00e9s de nuestra p\u00e1gina web: www.tepeyac.edu.mx<\/p>\n<p><!-- \/wp:paragraph --><\/p>\t\t\t\t\t\t\t\t<\/div>\n\t\t\t\t<\/div>\n\t\t\t\t\t<\/div>\n\t\t<\/div>\n\t\t\t\t\t<\/div>\n\t\t<\/section>\n\t\t\t\t<\/div>\n\t\t","protected":false},"excerpt":{"rendered":"<p>Transparencia y compromiso de la Universidad del Tepeyac con tu privacidad. En nuestra p\u00e1gina de aviso de privacidad, encontrar\u00e1s detalles sobre c\u00f3mo protegemos tus datos, garantizando la confidencialidad y seguridad en cada aspecto de tu experiencia educativa. Tu privacidad es nuestra prioridad; conoce m\u00e1s sobre nuestras pol\u00edticas y pr\u00e1cticas aqu\u00ed.<\/p>\n","protected":false},"author":1,"featured_media":0,"parent":0,"menu_order":0,"comment_status":"closed","ping_status":"closed","template":"","meta":{"content-type":"","_joinchat":[],"footnotes":""},"class_list":["post-10762","page","type-page","status-publish","hentry","latest_post"],"yoast_head":"<!-- This site is optimized with the Yoast SEO plugin v27.4 - https:\/\/yoast.com\/product\/yoast-seo-wordpress\/ -->\n<title>Aviso de privacidad Videovigilancia - Universidad del Tepeyac<\/title>\n<meta name=\"robots\" content=\"index, follow, max-snippet:-1, max-image-preview:large, max-video-preview:-1\" \/>\n<link rel=\"canonical\" href=\"https:\/\/tepeyac.edu.mx\/Universidad\/aviso-de-privacidad-2\/\" \/>\n<meta property=\"og:locale\" content=\"es_ES\" \/>\n<meta property=\"og:type\" content=\"article\" \/>\n<meta property=\"og:title\" content=\"Aviso de privacidad Videovigilancia - Universidad del Tepeyac\" \/>\n<meta property=\"og:description\" content=\"Transparencia y compromiso de la Universidad del Tepeyac con tu privacidad. En nuestra p\u00e1gina de aviso de privacidad, encontrar\u00e1s detalles sobre c\u00f3mo protegemos tus datos, garantizando la confidencialidad y seguridad en cada aspecto de tu experiencia educativa. Tu privacidad es nuestra prioridad; conoce m\u00e1s sobre nuestras pol\u00edticas y pr\u00e1cticas aqu\u00ed.\" \/>\n<meta property=\"og:url\" content=\"https:\/\/tepeyac.edu.mx\/Universidad\/aviso-de-privacidad-2\/\" \/>\n<meta property=\"og:site_name\" content=\"Universidad del Tepeyac\" \/>\n<meta property=\"article:publisher\" content=\"https:\/\/www.facebook.com\/Unitepeyac.oficial\" \/>\n<meta property=\"article:modified_time\" content=\"2025-10-15T14:33:17+00:00\" \/>\n<meta property=\"og:image\" content=\"https:\/\/tepeyac.edu.mx\/Universidad\/wp-content\/uploads\/2024\/01\/aviso-de-privacidad.jpg\" \/>\n\t<meta property=\"og:image:width\" content=\"255\" \/>\n\t<meta property=\"og:image:height\" content=\"189\" \/>\n\t<meta property=\"og:image:type\" content=\"image\/jpeg\" \/>\n<meta name=\"twitter:card\" content=\"summary_large_image\" \/>\n<meta name=\"twitter:label1\" content=\"Tiempo de lectura\" \/>\n\t<meta name=\"twitter:data1\" content=\"4 minutos\" \/>\n<script type=\"application\/ld+json\" class=\"yoast-schema-graph\">{\"@context\":\"https:\\\/\\\/schema.org\",\"@graph\":[{\"@type\":\"WebPage\",\"@id\":\"https:\\\/\\\/tepeyac.edu.mx\\\/Universidad\\\/aviso-de-privacidad-2\\\/\",\"url\":\"https:\\\/\\\/tepeyac.edu.mx\\\/Universidad\\\/aviso-de-privacidad-2\\\/\",\"name\":\"Aviso de privacidad Videovigilancia - Universidad del Tepeyac\",\"isPartOf\":{\"@id\":\"https:\\\/\\\/tepeyac.edu.mx\\\/Universidad\\\/#website\"},\"primaryImageOfPage\":{\"@id\":\"https:\\\/\\\/tepeyac.edu.mx\\\/Universidad\\\/aviso-de-privacidad-2\\\/#primaryimage\"},\"image\":{\"@id\":\"https:\\\/\\\/tepeyac.edu.mx\\\/Universidad\\\/aviso-de-privacidad-2\\\/#primaryimage\"},\"thumbnailUrl\":\"https:\\\/\\\/tepeyac.edu.mx\\\/Universidad\\\/wp-content\\\/uploads\\\/2024\\\/01\\\/aviso-de-privacidad.jpg\",\"datePublished\":\"2025-10-15T14:24:41+00:00\",\"dateModified\":\"2025-10-15T14:33:17+00:00\",\"breadcrumb\":{\"@id\":\"https:\\\/\\\/tepeyac.edu.mx\\\/Universidad\\\/aviso-de-privacidad-2\\\/#breadcrumb\"},\"inLanguage\":\"es\",\"potentialAction\":[{\"@type\":\"ReadAction\",\"target\":[\"https:\\\/\\\/tepeyac.edu.mx\\\/Universidad\\\/aviso-de-privacidad-2\\\/\"]}]},{\"@type\":\"ImageObject\",\"inLanguage\":\"es\",\"@id\":\"https:\\\/\\\/tepeyac.edu.mx\\\/Universidad\\\/aviso-de-privacidad-2\\\/#primaryimage\",\"url\":\"https:\\\/\\\/tepeyac.edu.mx\\\/Universidad\\\/wp-content\\\/uploads\\\/2024\\\/01\\\/aviso-de-privacidad.jpg\",\"contentUrl\":\"https:\\\/\\\/tepeyac.edu.mx\\\/Universidad\\\/wp-content\\\/uploads\\\/2024\\\/01\\\/aviso-de-privacidad.jpg\",\"width\":255,\"height\":189,\"caption\":\"Aviso de privacidad Universidad del Tepeyac\"},{\"@type\":\"BreadcrumbList\",\"@id\":\"https:\\\/\\\/tepeyac.edu.mx\\\/Universidad\\\/aviso-de-privacidad-2\\\/#breadcrumb\",\"itemListElement\":[{\"@type\":\"ListItem\",\"position\":1,\"name\":\"Portada\",\"item\":\"https:\\\/\\\/tepeyac.edu.mx\\\/Universidad\\\/\"},{\"@type\":\"ListItem\",\"position\":2,\"name\":\"Aviso de privacidad Videovigilancia\"}]},{\"@type\":\"WebSite\",\"@id\":\"https:\\\/\\\/tepeyac.edu.mx\\\/Universidad\\\/#website\",\"url\":\"https:\\\/\\\/tepeyac.edu.mx\\\/Universidad\\\/\",\"name\":\"https:\\\/\\\/tepeyac.edu.mx\\\/Universidad\\\/\",\"description\":\"La calidad acad\u00e9mica y el compromiso con la excelencia han llevado a la Universidad del Tepeyac desde hace 48 a\u00f1os  a ser reconocida como una de las Universidades m\u00e1s destacadas de la Ciudad de M\u00e9xico.\",\"publisher\":{\"@id\":\"https:\\\/\\\/tepeyac.edu.mx\\\/Universidad\\\/#organization\"},\"alternateName\":\"Universidad del Tepeyac\",\"potentialAction\":[{\"@type\":\"SearchAction\",\"target\":{\"@type\":\"EntryPoint\",\"urlTemplate\":\"https:\\\/\\\/tepeyac.edu.mx\\\/Universidad\\\/?s={search_term_string}\"},\"query-input\":{\"@type\":\"PropertyValueSpecification\",\"valueRequired\":true,\"valueName\":\"search_term_string\"}}],\"inLanguage\":\"es\"},{\"@type\":\"Organization\",\"@id\":\"https:\\\/\\\/tepeyac.edu.mx\\\/Universidad\\\/#organization\",\"name\":\"https:\\\/\\\/tepeyac.edu.mx\\\/Universidad\\\/\",\"url\":\"https:\\\/\\\/tepeyac.edu.mx\\\/Universidad\\\/\",\"logo\":{\"@type\":\"ImageObject\",\"inLanguage\":\"es\",\"@id\":\"https:\\\/\\\/tepeyac.edu.mx\\\/Universidad\\\/#\\\/schema\\\/logo\\\/image\\\/\",\"url\":\"https:\\\/\\\/tepeyac.edu.mx\\\/Universidad\\\/wp-content\\\/uploads\\\/2023\\\/09\\\/cropped-LOGO-UNIVERSIDAD-DEL-TEPEYAC-PK-1.png\",\"contentUrl\":\"https:\\\/\\\/tepeyac.edu.mx\\\/Universidad\\\/wp-content\\\/uploads\\\/2023\\\/09\\\/cropped-LOGO-UNIVERSIDAD-DEL-TEPEYAC-PK-1.png\",\"width\":200,\"height\":50,\"caption\":\"https:\\\/\\\/tepeyac.edu.mx\\\/Universidad\\\/\"},\"image\":{\"@id\":\"https:\\\/\\\/tepeyac.edu.mx\\\/Universidad\\\/#\\\/schema\\\/logo\\\/image\\\/\"},\"sameAs\":[\"https:\\\/\\\/www.facebook.com\\\/Unitepeyac.oficial\",\"https:\\\/\\\/www.instagram.com\\\/unitepeyac\\\/\"]}]}<\/script>\n<!-- \/ Yoast SEO plugin. -->","yoast_head_json":{"title":"Aviso de privacidad Videovigilancia - Universidad del Tepeyac","robots":{"index":"index","follow":"follow","max-snippet":"max-snippet:-1","max-image-preview":"max-image-preview:large","max-video-preview":"max-video-preview:-1"},"canonical":"https:\/\/tepeyac.edu.mx\/Universidad\/aviso-de-privacidad-2\/","og_locale":"es_ES","og_type":"article","og_title":"Aviso de privacidad Videovigilancia - Universidad del Tepeyac","og_description":"Transparencia y compromiso de la Universidad del Tepeyac con tu privacidad. En nuestra p\u00e1gina de aviso de privacidad, encontrar\u00e1s detalles sobre c\u00f3mo protegemos tus datos, garantizando la confidencialidad y seguridad en cada aspecto de tu experiencia educativa. Tu privacidad es nuestra prioridad; conoce m\u00e1s sobre nuestras pol\u00edticas y pr\u00e1cticas aqu\u00ed.","og_url":"https:\/\/tepeyac.edu.mx\/Universidad\/aviso-de-privacidad-2\/","og_site_name":"Universidad del Tepeyac","article_publisher":"https:\/\/www.facebook.com\/Unitepeyac.oficial","article_modified_time":"2025-10-15T14:33:17+00:00","og_image":[{"width":255,"height":189,"url":"https:\/\/tepeyac.edu.mx\/Universidad\/wp-content\/uploads\/2024\/01\/aviso-de-privacidad.jpg","type":"image\/jpeg"}],"twitter_card":"summary_large_image","twitter_misc":{"Tiempo de lectura":"4 minutos"},"schema":{"@context":"https:\/\/schema.org","@graph":[{"@type":"WebPage","@id":"https:\/\/tepeyac.edu.mx\/Universidad\/aviso-de-privacidad-2\/","url":"https:\/\/tepeyac.edu.mx\/Universidad\/aviso-de-privacidad-2\/","name":"Aviso de privacidad Videovigilancia - Universidad del Tepeyac","isPartOf":{"@id":"https:\/\/tepeyac.edu.mx\/Universidad\/#website"},"primaryImageOfPage":{"@id":"https:\/\/tepeyac.edu.mx\/Universidad\/aviso-de-privacidad-2\/#primaryimage"},"image":{"@id":"https:\/\/tepeyac.edu.mx\/Universidad\/aviso-de-privacidad-2\/#primaryimage"},"thumbnailUrl":"https:\/\/tepeyac.edu.mx\/Universidad\/wp-content\/uploads\/2024\/01\/aviso-de-privacidad.jpg","datePublished":"2025-10-15T14:24:41+00:00","dateModified":"2025-10-15T14:33:17+00:00","breadcrumb":{"@id":"https:\/\/tepeyac.edu.mx\/Universidad\/aviso-de-privacidad-2\/#breadcrumb"},"inLanguage":"es","potentialAction":[{"@type":"ReadAction","target":["https:\/\/tepeyac.edu.mx\/Universidad\/aviso-de-privacidad-2\/"]}]},{"@type":"ImageObject","inLanguage":"es","@id":"https:\/\/tepeyac.edu.mx\/Universidad\/aviso-de-privacidad-2\/#primaryimage","url":"https:\/\/tepeyac.edu.mx\/Universidad\/wp-content\/uploads\/2024\/01\/aviso-de-privacidad.jpg","contentUrl":"https:\/\/tepeyac.edu.mx\/Universidad\/wp-content\/uploads\/2024\/01\/aviso-de-privacidad.jpg","width":255,"height":189,"caption":"Aviso de privacidad Universidad del Tepeyac"},{"@type":"BreadcrumbList","@id":"https:\/\/tepeyac.edu.mx\/Universidad\/aviso-de-privacidad-2\/#breadcrumb","itemListElement":[{"@type":"ListItem","position":1,"name":"Portada","item":"https:\/\/tepeyac.edu.mx\/Universidad\/"},{"@type":"ListItem","position":2,"name":"Aviso de privacidad Videovigilancia"}]},{"@type":"WebSite","@id":"https:\/\/tepeyac.edu.mx\/Universidad\/#website","url":"https:\/\/tepeyac.edu.mx\/Universidad\/","name":"https:\/\/tepeyac.edu.mx\/Universidad\/","description":"La calidad acad\u00e9mica y el compromiso con la excelencia han llevado a la Universidad del Tepeyac desde hace 48 a\u00f1os  a ser reconocida como una de las Universidades m\u00e1s destacadas de la Ciudad de M\u00e9xico.","publisher":{"@id":"https:\/\/tepeyac.edu.mx\/Universidad\/#organization"},"alternateName":"Universidad del Tepeyac","potentialAction":[{"@type":"SearchAction","target":{"@type":"EntryPoint","urlTemplate":"https:\/\/tepeyac.edu.mx\/Universidad\/?s={search_term_string}"},"query-input":{"@type":"PropertyValueSpecification","valueRequired":true,"valueName":"search_term_string"}}],"inLanguage":"es"},{"@type":"Organization","@id":"https:\/\/tepeyac.edu.mx\/Universidad\/#organization","name":"https:\/\/tepeyac.edu.mx\/Universidad\/","url":"https:\/\/tepeyac.edu.mx\/Universidad\/","logo":{"@type":"ImageObject","inLanguage":"es","@id":"https:\/\/tepeyac.edu.mx\/Universidad\/#\/schema\/logo\/image\/","url":"https:\/\/tepeyac.edu.mx\/Universidad\/wp-content\/uploads\/2023\/09\/cropped-LOGO-UNIVERSIDAD-DEL-TEPEYAC-PK-1.png","contentUrl":"https:\/\/tepeyac.edu.mx\/Universidad\/wp-content\/uploads\/2023\/09\/cropped-LOGO-UNIVERSIDAD-DEL-TEPEYAC-PK-1.png","width":200,"height":50,"caption":"https:\/\/tepeyac.edu.mx\/Universidad\/"},"image":{"@id":"https:\/\/tepeyac.edu.mx\/Universidad\/#\/schema\/logo\/image\/"},"sameAs":["https:\/\/www.facebook.com\/Unitepeyac.oficial","https:\/\/www.instagram.com\/unitepeyac\/"]}]}},"_links":{"self":[{"href":"https:\/\/tepeyac.edu.mx\/Universidad\/wp-json\/wp\/v2\/pages\/10762","targetHints":{"allow":["GET"]}}],"collection":[{"href":"https:\/\/tepeyac.edu.mx\/Universidad\/wp-json\/wp\/v2\/pages"}],"about":[{"href":"https:\/\/tepeyac.edu.mx\/Universidad\/wp-json\/wp\/v2\/types\/page"}],"author":[{"embeddable":true,"href":"https:\/\/tepeyac.edu.mx\/Universidad\/wp-json\/wp\/v2\/users\/1"}],"replies":[{"embeddable":true,"href":"https:\/\/tepeyac.edu.mx\/Universidad\/wp-json\/wp\/v2\/comments?post=10762"}],"version-history":[{"count":4,"href":"https:\/\/tepeyac.edu.mx\/Universidad\/wp-json\/wp\/v2\/pages\/10762\/revisions"}],"predecessor-version":[{"id":10770,"href":"https:\/\/tepeyac.edu.mx\/Universidad\/wp-json\/wp\/v2\/pages\/10762\/revisions\/10770"}],"wp:attachment":[{"href":"https:\/\/tepeyac.edu.mx\/Universidad\/wp-json\/wp\/v2\/media?parent=10762"}],"curies":[{"name":"wp","href":"https:\/\/api.w.org\/{rel}","templated":true}]}}