{"id":11011,"date":"2026-03-04T16:57:40","date_gmt":"2026-03-04T16:57:40","guid":{"rendered":"https:\/\/tepeyac.edu.mx\/Universidad\/?page_id=11011"},"modified":"2026-03-06T14:51:50","modified_gmt":"2026-03-06T14:51:50","slug":"investiga","status":"publish","type":"page","link":"https:\/\/tepeyac.edu.mx\/Universidad\/investiga\/","title":{"rendered":"Investigaci\u00f3n"},"content":{"rendered":"\t\t<div data-elementor-type=\"wp-page\" data-elementor-id=\"11011\" class=\"elementor elementor-11011\">\n\t\t\t\t\t\t<section class=\"elementor-section elementor-top-section elementor-element elementor-element-637f375 elementor-section-boxed elementor-section-height-default elementor-section-height-default\" data-id=\"637f375\" data-element_type=\"section\">\n\t\t\t\t\t\t<div class=\"elementor-container elementor-column-gap-default\">\n\t\t\t\t\t<div class=\"elementor-column elementor-col-100 elementor-top-column elementor-element elementor-element-98ae862\" data-id=\"98ae862\" data-element_type=\"column\">\n\t\t\t<div class=\"elementor-widget-wrap elementor-element-populated\">\n\t\t\t\t\t\t<div class=\"elementor-element elementor-element-9cab0df elementor-widget elementor-widget-image\" data-id=\"9cab0df\" data-element_type=\"widget\" data-widget_type=\"image.default\">\n\t\t\t\t<div class=\"elementor-widget-container\">\n\t\t\t\t\t\t\t\t\t\t\t\t\t\t\t<img fetchpriority=\"high\" decoding=\"async\" width=\"1400\" height=\"613\" src=\"https:\/\/tepeyac.edu.mx\/Universidad\/wp-content\/uploads\/2026\/03\/centro.jpg\" class=\"attachment-1536x1536 size-1536x1536 wp-image-11013\" alt=\"\" srcset=\"https:\/\/tepeyac.edu.mx\/Universidad\/wp-content\/uploads\/2026\/03\/centro.jpg 1400w, https:\/\/tepeyac.edu.mx\/Universidad\/wp-content\/uploads\/2026\/03\/centro-300x131.jpg 300w, https:\/\/tepeyac.edu.mx\/Universidad\/wp-content\/uploads\/2026\/03\/centro-1024x448.jpg 1024w, https:\/\/tepeyac.edu.mx\/Universidad\/wp-content\/uploads\/2026\/03\/centro-768x336.jpg 768w\" sizes=\"(max-width: 1400px) 100vw, 1400px\" \/>\t\t\t\t\t\t\t\t\t\t\t\t\t\t\t<\/div>\n\t\t\t\t<\/div>\n\t\t\t\t\t<\/div>\n\t\t<\/div>\n\t\t\t\t\t<\/div>\n\t\t<\/section>\n\t\t\t\t<section class=\"elementor-section elementor-top-section elementor-element elementor-element-a2e0084 elementor-section-boxed elementor-section-height-default elementor-section-height-default\" data-id=\"a2e0084\" data-element_type=\"section\">\n\t\t\t\t\t\t<div class=\"elementor-container elementor-column-gap-default\">\n\t\t\t\t\t<div class=\"elementor-column elementor-col-100 elementor-top-column elementor-element elementor-element-89c9e3b\" data-id=\"89c9e3b\" data-element_type=\"column\">\n\t\t\t<div class=\"elementor-widget-wrap elementor-element-populated\">\n\t\t\t\t\t\t<div class=\"elementor-element elementor-element-445c0c5 elementor-widget__width-initial elementor-widget elementor-widget-text-editor\" data-id=\"445c0c5\" data-element_type=\"widget\" data-widget_type=\"text-editor.default\">\n\t\t\t\t<div class=\"elementor-widget-container\">\n\t\t\t\t\t\t\t\t\t<p class=\"MsoNormal\" style=\"text-align: justify;\">El Centro de Investigaci\u00f3n de la Universidad del Tepeyac es un espacio acad\u00e9mico orientado a la generaci\u00f3n, difusi\u00f3n y aplicaci\u00f3n del conocimiento con impacto educativo y social. Su prop\u00f3sito es consolidar una cultura investigativa s\u00f3lida, vinculada a los procesos formativos de licenciatura y posgrado, y comprometida con la innovaci\u00f3n, la calidad acad\u00e9mica y la transformaci\u00f3n educativa.<\/p><p class=\"MsoNormal\" style=\"text-align: justify;\">En esta primera etapa, el Centro presenta dos publicaciones que reflejan el trabajo acad\u00e9mico desarrollado en el Doctorado en Innovaci\u00f3n Educativa:<\/p><p>\u00a0<\/p><p class=\"MsoNormal\" style=\"text-align: justify;\"><b>Innovaciones educativas: modelos, dise\u00f1os y metodolog\u00edas para el aprendizaje<\/b><br \/>Libro digital que surge del Seminario de Innovaci\u00f3n en los Procesos de Ense\u00f1anza-Aprendizaje del Doctorado en Innovaci\u00f3n Educativa de la Universidad del Tepeyac.<br \/>Esta obra re\u00fane 10 art\u00edculos acad\u00e9micos elaborados por los doctorandos, en los que se abordan propuestas, modelos y metodolog\u00edas innovadoras orientadas a fortalecer los procesos formativos en distintos contextos educativos.<br \/>El libro representa un ejercicio de investigaci\u00f3n aplicada que integra rigor te\u00f3rico, reflexi\u00f3n cr\u00edtica y propuestas viables para la mejora de la pr\u00e1ctica educativa.<\/p>\t\t\t\t\t\t\t\t<\/div>\n\t\t\t\t<\/div>\n\t\t\t\t\t<\/div>\n\t\t<\/div>\n\t\t\t\t\t<\/div>\n\t\t<\/section>\n\t\t\t\t<section class=\"elementor-section elementor-top-section elementor-element elementor-element-5d9f186 elementor-section-boxed elementor-section-height-default elementor-section-height-default\" data-id=\"5d9f186\" data-element_type=\"section\">\n\t\t\t\t\t\t<div class=\"elementor-container elementor-column-gap-default\">\n\t\t\t\t\t<div class=\"elementor-column elementor-col-100 elementor-top-column elementor-element elementor-element-3951383\" data-id=\"3951383\" data-element_type=\"column\">\n\t\t\t<div class=\"elementor-widget-wrap elementor-element-populated\">\n\t\t\t\t\t\t<div class=\"elementor-element elementor-element-127a6be elementor-widget elementor-widget-image\" data-id=\"127a6be\" data-element_type=\"widget\" data-widget_type=\"image.default\">\n\t\t\t\t<div class=\"elementor-widget-container\">\n\t\t\t\t\t\t\t\t\t\t\t\t\t\t\t\t<a href=\"https:\/\/tepeyac.edu.mx\/Universidad\/wp-content\/uploads\/2026\/03\/INNOVACIONES-EDUCATIVAS-2025V1.pdf\" target=\"_blank\">\n\t\t\t\t\t\t\t<img decoding=\"async\" width=\"458\" height=\"587\" src=\"https:\/\/tepeyac.edu.mx\/Universidad\/wp-content\/uploads\/2026\/03\/Captura-de-pantalla-2026-02-26-125150.png\" class=\"attachment-large size-large wp-image-11031\" alt=\"\" srcset=\"https:\/\/tepeyac.edu.mx\/Universidad\/wp-content\/uploads\/2026\/03\/Captura-de-pantalla-2026-02-26-125150.png 458w, https:\/\/tepeyac.edu.mx\/Universidad\/wp-content\/uploads\/2026\/03\/Captura-de-pantalla-2026-02-26-125150-234x300.png 234w\" sizes=\"(max-width: 458px) 100vw, 458px\" \/>\t\t\t\t\t\t\t\t<\/a>\n\t\t\t\t\t\t\t\t\t\t\t\t\t\t\t<\/div>\n\t\t\t\t<\/div>\n\t\t\t\t\t<\/div>\n\t\t<\/div>\n\t\t\t\t\t<\/div>\n\t\t<\/section>\n\t\t\t\t<section class=\"elementor-section elementor-top-section elementor-element elementor-element-b8a591c elementor-section-boxed elementor-section-height-default elementor-section-height-default\" data-id=\"b8a591c\" data-element_type=\"section\">\n\t\t\t\t\t\t<div class=\"elementor-container elementor-column-gap-default\">\n\t\t\t\t\t<div class=\"elementor-column elementor-col-100 elementor-top-column elementor-element elementor-element-7a6e971\" data-id=\"7a6e971\" data-element_type=\"column\">\n\t\t\t<div class=\"elementor-widget-wrap elementor-element-populated\">\n\t\t\t\t\t\t<div class=\"elementor-element elementor-element-4cf75d5 elementor-widget__width-initial elementor-widget elementor-widget-text-editor\" data-id=\"4cf75d5\" data-element_type=\"widget\" data-widget_type=\"text-editor.default\">\n\t\t\t\t<div class=\"elementor-widget-container\">\n\t\t\t\t\t\t\t\t\t<p><b>\u00a0<\/b><\/p><p><b>Revista NEXUS \u2013 N\u00famero 1<\/b><\/p><p>La revista NEXUS es una publicaci\u00f3n semestral del Centro de Investigaci\u00f3n que busca difundir<\/p><p>trabajos acad\u00e9micos derivados de procesos formativos y l\u00edneas de investigaci\u00f3n institucionales.<\/p><p>En su primer n\u00famero se incluyen:<\/p><p>\uf0b7 3 revisiones de literatura<\/p><p>\uf0b7 2 ensayos acad\u00e9micos<\/p><p>Los textos han sido elaborados por alumnos y docentes del Doctorado en Innovaci\u00f3n Educativa,<\/p><p>fortaleciendo el di\u00e1logo acad\u00e9mico, la producci\u00f3n cient\u00edfica emergente y la consolidaci\u00f3n de<\/p><p>comunidades de aprendizaje e investigaci\u00f3n.<\/p>\t\t\t\t\t\t\t\t<\/div>\n\t\t\t\t<\/div>\n\t\t\t\t\t<\/div>\n\t\t<\/div>\n\t\t\t\t\t<\/div>\n\t\t<\/section>\n\t\t\t\t<section class=\"elementor-section elementor-top-section elementor-element elementor-element-b47adb9 elementor-section-boxed elementor-section-height-default elementor-section-height-default\" data-id=\"b47adb9\" data-element_type=\"section\">\n\t\t\t\t\t\t<div class=\"elementor-container elementor-column-gap-default\">\n\t\t\t\t\t<div class=\"elementor-column elementor-col-100 elementor-top-column elementor-element elementor-element-8fc9c9f\" data-id=\"8fc9c9f\" data-element_type=\"column\">\n\t\t\t<div class=\"elementor-widget-wrap elementor-element-populated\">\n\t\t\t\t\t\t<div class=\"elementor-element elementor-element-3782cd9 elementor-widget elementor-widget-image\" data-id=\"3782cd9\" data-element_type=\"widget\" data-widget_type=\"image.default\">\n\t\t\t\t<div class=\"elementor-widget-container\">\n\t\t\t\t\t\t\t\t\t\t\t\t\t\t\t\t<a href=\"https:\/\/tepeyac.edu.mx\/Universidad\/wp-content\/uploads\/2026\/03\/NEXUS-Vol-1-No-1.pdf\">\n\t\t\t\t\t\t\t<img decoding=\"async\" width=\"325\" height=\"457\" src=\"https:\/\/tepeyac.edu.mx\/Universidad\/wp-content\/uploads\/2026\/03\/Captura-de-pantalla-2026-02-26-125000.png\" class=\"attachment-large size-large wp-image-11033\" alt=\"\" srcset=\"https:\/\/tepeyac.edu.mx\/Universidad\/wp-content\/uploads\/2026\/03\/Captura-de-pantalla-2026-02-26-125000.png 325w, https:\/\/tepeyac.edu.mx\/Universidad\/wp-content\/uploads\/2026\/03\/Captura-de-pantalla-2026-02-26-125000-213x300.png 213w\" sizes=\"(max-width: 325px) 100vw, 325px\" \/>\t\t\t\t\t\t\t\t<\/a>\n\t\t\t\t\t\t\t\t\t\t\t\t\t\t\t<\/div>\n\t\t\t\t<\/div>\n\t\t\t\t\t<\/div>\n\t\t<\/div>\n\t\t\t\t\t<\/div>\n\t\t<\/section>\n\t\t\t\t<section class=\"elementor-section elementor-top-section elementor-element elementor-element-65258a8 elementor-section-boxed elementor-section-height-default elementor-section-height-default\" data-id=\"65258a8\" data-element_type=\"section\">\n\t\t\t\t\t\t<div class=\"elementor-container elementor-column-gap-default\">\n\t\t\t\t\t<div class=\"elementor-column elementor-col-100 elementor-top-column elementor-element elementor-element-2d36580\" data-id=\"2d36580\" data-element_type=\"column\">\n\t\t\t<div class=\"elementor-widget-wrap elementor-element-populated\">\n\t\t\t\t\t\t<div class=\"elementor-element elementor-element-f8f248d elementor-widget elementor-widget-text-editor\" data-id=\"f8f248d\" data-element_type=\"widget\" data-widget_type=\"text-editor.default\">\n\t\t\t\t<div class=\"elementor-widget-container\">\n\t\t\t\t\t\t\t\t\t<p>El Centro de Investigaci\u00f3n reafirma as\u00ed su compromiso con la producci\u00f3n acad\u00e9mica de calidad, la&nbsp;<span style=\"color: inherit;\">formaci\u00f3n de investigadores y la generaci\u00f3n de conocimiento pertinente para los desaf\u00edos educativos&nbsp;<\/span><span style=\"color: inherit;\">contempor\u00e1neos.<\/span><\/p>\t\t\t\t\t\t\t\t<\/div>\n\t\t\t\t<\/div>\n\t\t\t\t\t<\/div>\n\t\t<\/div>\n\t\t\t\t\t<\/div>\n\t\t<\/section>\n\t\t\t\t<\/div>\n\t\t","protected":false},"excerpt":{"rendered":"<p>Desarrolla tu visi\u00f3n financiera y contable en la Universidad del Tepeyac. La carrera de Administraci\u00f3n Financiera y Contable te prepara para dise\u00f1ar estrategias que optimicen los recursos empresariales, garantizando una gesti\u00f3n eficiente y \u00e9tica. Aprende a analizar datos, evaluar riesgos y tomar decisiones clave en un entorno econ\u00f3mico global. \u00a1S\u00e9 el experto que las organizaciones necesitan!\u00bb<\/p>\n","protected":false},"author":1,"featured_media":0,"parent":0,"menu_order":0,"comment_status":"closed","ping_status":"closed","template":"","meta":{"content-type":"","_joinchat":[],"footnotes":""},"class_list":["post-11011","page","type-page","status-publish","hentry","latest_post"],"yoast_head":"<!-- This site is optimized with the Yoast SEO plugin v27.4 - https:\/\/yoast.com\/product\/yoast-seo-wordpress\/ -->\n<title>Investigaci\u00f3n - Universidad del Tepeyac<\/title>\n<meta name=\"description\" content=\"Nuestros egresados de esta carrera, tienen conocimientos s\u00f3lidos en procedimientos contables y financieros, an\u00e1lisis de mercados, regulaciones fiscales y productos financieros.\" \/>\n<meta name=\"robots\" content=\"index, follow, max-snippet:-1, max-image-preview:large, max-video-preview:-1\" \/>\n<link rel=\"canonical\" href=\"https:\/\/tepeyac.edu.mx\/Universidad\/investiga\/\" \/>\n<meta property=\"og:locale\" content=\"es_ES\" \/>\n<meta property=\"og:type\" content=\"article\" \/>\n<meta property=\"og:title\" content=\"Investigaci\u00f3n - Universidad del Tepeyac\" \/>\n<meta property=\"og:description\" content=\"Nuestros egresados de esta carrera, tienen conocimientos s\u00f3lidos en procedimientos contables y financieros, an\u00e1lisis de mercados, regulaciones fiscales y productos financieros.\" \/>\n<meta property=\"og:url\" content=\"https:\/\/tepeyac.edu.mx\/Universidad\/investiga\/\" \/>\n<meta property=\"og:site_name\" content=\"Universidad del Tepeyac\" \/>\n<meta property=\"article:publisher\" content=\"https:\/\/www.facebook.com\/Unitepeyac.oficial\" \/>\n<meta property=\"article:modified_time\" content=\"2026-03-06T14:51:50+00:00\" \/>\n<meta property=\"og:image\" content=\"https:\/\/tepeyac.edu.mx\/Universidad\/wp-content\/uploads\/2026\/03\/centro.jpg\" \/>\n\t<meta property=\"og:image:width\" content=\"1400\" \/>\n\t<meta property=\"og:image:height\" content=\"613\" \/>\n\t<meta property=\"og:image:type\" content=\"image\/jpeg\" \/>\n<meta name=\"twitter:card\" content=\"summary_large_image\" \/>\n<meta name=\"twitter:label1\" content=\"Tiempo de lectura\" \/>\n\t<meta name=\"twitter:data1\" content=\"2 minutos\" \/>\n<script type=\"application\/ld+json\" class=\"yoast-schema-graph\">{\"@context\":\"https:\\\/\\\/schema.org\",\"@graph\":[{\"@type\":\"WebPage\",\"@id\":\"https:\\\/\\\/tepeyac.edu.mx\\\/Universidad\\\/investiga\\\/\",\"url\":\"https:\\\/\\\/tepeyac.edu.mx\\\/Universidad\\\/investiga\\\/\",\"name\":\"Investigaci\u00f3n - Universidad del Tepeyac\",\"isPartOf\":{\"@id\":\"https:\\\/\\\/tepeyac.edu.mx\\\/Universidad\\\/#website\"},\"primaryImageOfPage\":{\"@id\":\"https:\\\/\\\/tepeyac.edu.mx\\\/Universidad\\\/investiga\\\/#primaryimage\"},\"image\":{\"@id\":\"https:\\\/\\\/tepeyac.edu.mx\\\/Universidad\\\/investiga\\\/#primaryimage\"},\"thumbnailUrl\":\"https:\\\/\\\/tepeyac.edu.mx\\\/Universidad\\\/wp-content\\\/uploads\\\/2026\\\/03\\\/centro.jpg\",\"datePublished\":\"2026-03-04T16:57:40+00:00\",\"dateModified\":\"2026-03-06T14:51:50+00:00\",\"description\":\"Nuestros egresados de esta carrera, tienen conocimientos s\u00f3lidos en procedimientos contables y financieros, an\u00e1lisis de mercados, regulaciones fiscales y productos financieros.\",\"breadcrumb\":{\"@id\":\"https:\\\/\\\/tepeyac.edu.mx\\\/Universidad\\\/investiga\\\/#breadcrumb\"},\"inLanguage\":\"es\",\"potentialAction\":[{\"@type\":\"ReadAction\",\"target\":[\"https:\\\/\\\/tepeyac.edu.mx\\\/Universidad\\\/investiga\\\/\"]}]},{\"@type\":\"ImageObject\",\"inLanguage\":\"es\",\"@id\":\"https:\\\/\\\/tepeyac.edu.mx\\\/Universidad\\\/investiga\\\/#primaryimage\",\"url\":\"https:\\\/\\\/tepeyac.edu.mx\\\/Universidad\\\/wp-content\\\/uploads\\\/2026\\\/03\\\/centro.jpg\",\"contentUrl\":\"https:\\\/\\\/tepeyac.edu.mx\\\/Universidad\\\/wp-content\\\/uploads\\\/2026\\\/03\\\/centro.jpg\",\"width\":1400,\"height\":613},{\"@type\":\"BreadcrumbList\",\"@id\":\"https:\\\/\\\/tepeyac.edu.mx\\\/Universidad\\\/investiga\\\/#breadcrumb\",\"itemListElement\":[{\"@type\":\"ListItem\",\"position\":1,\"name\":\"Portada\",\"item\":\"https:\\\/\\\/tepeyac.edu.mx\\\/Universidad\\\/\"},{\"@type\":\"ListItem\",\"position\":2,\"name\":\"Investigaci\u00f3n\"}]},{\"@type\":\"WebSite\",\"@id\":\"https:\\\/\\\/tepeyac.edu.mx\\\/Universidad\\\/#website\",\"url\":\"https:\\\/\\\/tepeyac.edu.mx\\\/Universidad\\\/\",\"name\":\"https:\\\/\\\/tepeyac.edu.mx\\\/Universidad\\\/\",\"description\":\"La calidad acad\u00e9mica y el compromiso con la excelencia han llevado a la Universidad del Tepeyac desde hace 48 a\u00f1os  a ser reconocida como una de las Universidades m\u00e1s destacadas de la Ciudad de M\u00e9xico.\",\"publisher\":{\"@id\":\"https:\\\/\\\/tepeyac.edu.mx\\\/Universidad\\\/#organization\"},\"alternateName\":\"Universidad del Tepeyac\",\"potentialAction\":[{\"@type\":\"SearchAction\",\"target\":{\"@type\":\"EntryPoint\",\"urlTemplate\":\"https:\\\/\\\/tepeyac.edu.mx\\\/Universidad\\\/?s={search_term_string}\"},\"query-input\":{\"@type\":\"PropertyValueSpecification\",\"valueRequired\":true,\"valueName\":\"search_term_string\"}}],\"inLanguage\":\"es\"},{\"@type\":\"Organization\",\"@id\":\"https:\\\/\\\/tepeyac.edu.mx\\\/Universidad\\\/#organization\",\"name\":\"https:\\\/\\\/tepeyac.edu.mx\\\/Universidad\\\/\",\"url\":\"https:\\\/\\\/tepeyac.edu.mx\\\/Universidad\\\/\",\"logo\":{\"@type\":\"ImageObject\",\"inLanguage\":\"es\",\"@id\":\"https:\\\/\\\/tepeyac.edu.mx\\\/Universidad\\\/#\\\/schema\\\/logo\\\/image\\\/\",\"url\":\"https:\\\/\\\/tepeyac.edu.mx\\\/Universidad\\\/wp-content\\\/uploads\\\/2023\\\/09\\\/cropped-LOGO-UNIVERSIDAD-DEL-TEPEYAC-PK-1.png\",\"contentUrl\":\"https:\\\/\\\/tepeyac.edu.mx\\\/Universidad\\\/wp-content\\\/uploads\\\/2023\\\/09\\\/cropped-LOGO-UNIVERSIDAD-DEL-TEPEYAC-PK-1.png\",\"width\":200,\"height\":50,\"caption\":\"https:\\\/\\\/tepeyac.edu.mx\\\/Universidad\\\/\"},\"image\":{\"@id\":\"https:\\\/\\\/tepeyac.edu.mx\\\/Universidad\\\/#\\\/schema\\\/logo\\\/image\\\/\"},\"sameAs\":[\"https:\\\/\\\/www.facebook.com\\\/Unitepeyac.oficial\",\"https:\\\/\\\/www.instagram.com\\\/unitepeyac\\\/\"]}]}<\/script>\n<!-- \/ Yoast SEO plugin. -->","yoast_head_json":{"title":"Investigaci\u00f3n - Universidad del Tepeyac","description":"Nuestros egresados de esta carrera, tienen conocimientos s\u00f3lidos en procedimientos contables y financieros, an\u00e1lisis de mercados, regulaciones fiscales y productos financieros.","robots":{"index":"index","follow":"follow","max-snippet":"max-snippet:-1","max-image-preview":"max-image-preview:large","max-video-preview":"max-video-preview:-1"},"canonical":"https:\/\/tepeyac.edu.mx\/Universidad\/investiga\/","og_locale":"es_ES","og_type":"article","og_title":"Investigaci\u00f3n - Universidad del Tepeyac","og_description":"Nuestros egresados de esta carrera, tienen conocimientos s\u00f3lidos en procedimientos contables y financieros, an\u00e1lisis de mercados, regulaciones fiscales y productos financieros.","og_url":"https:\/\/tepeyac.edu.mx\/Universidad\/investiga\/","og_site_name":"Universidad del Tepeyac","article_publisher":"https:\/\/www.facebook.com\/Unitepeyac.oficial","article_modified_time":"2026-03-06T14:51:50+00:00","og_image":[{"width":1400,"height":613,"url":"https:\/\/tepeyac.edu.mx\/Universidad\/wp-content\/uploads\/2026\/03\/centro.jpg","type":"image\/jpeg"}],"twitter_card":"summary_large_image","twitter_misc":{"Tiempo de lectura":"2 minutos"},"schema":{"@context":"https:\/\/schema.org","@graph":[{"@type":"WebPage","@id":"https:\/\/tepeyac.edu.mx\/Universidad\/investiga\/","url":"https:\/\/tepeyac.edu.mx\/Universidad\/investiga\/","name":"Investigaci\u00f3n - Universidad del Tepeyac","isPartOf":{"@id":"https:\/\/tepeyac.edu.mx\/Universidad\/#website"},"primaryImageOfPage":{"@id":"https:\/\/tepeyac.edu.mx\/Universidad\/investiga\/#primaryimage"},"image":{"@id":"https:\/\/tepeyac.edu.mx\/Universidad\/investiga\/#primaryimage"},"thumbnailUrl":"https:\/\/tepeyac.edu.mx\/Universidad\/wp-content\/uploads\/2026\/03\/centro.jpg","datePublished":"2026-03-04T16:57:40+00:00","dateModified":"2026-03-06T14:51:50+00:00","description":"Nuestros egresados de esta carrera, tienen conocimientos s\u00f3lidos en procedimientos contables y financieros, an\u00e1lisis de mercados, regulaciones fiscales y productos financieros.","breadcrumb":{"@id":"https:\/\/tepeyac.edu.mx\/Universidad\/investiga\/#breadcrumb"},"inLanguage":"es","potentialAction":[{"@type":"ReadAction","target":["https:\/\/tepeyac.edu.mx\/Universidad\/investiga\/"]}]},{"@type":"ImageObject","inLanguage":"es","@id":"https:\/\/tepeyac.edu.mx\/Universidad\/investiga\/#primaryimage","url":"https:\/\/tepeyac.edu.mx\/Universidad\/wp-content\/uploads\/2026\/03\/centro.jpg","contentUrl":"https:\/\/tepeyac.edu.mx\/Universidad\/wp-content\/uploads\/2026\/03\/centro.jpg","width":1400,"height":613},{"@type":"BreadcrumbList","@id":"https:\/\/tepeyac.edu.mx\/Universidad\/investiga\/#breadcrumb","itemListElement":[{"@type":"ListItem","position":1,"name":"Portada","item":"https:\/\/tepeyac.edu.mx\/Universidad\/"},{"@type":"ListItem","position":2,"name":"Investigaci\u00f3n"}]},{"@type":"WebSite","@id":"https:\/\/tepeyac.edu.mx\/Universidad\/#website","url":"https:\/\/tepeyac.edu.mx\/Universidad\/","name":"https:\/\/tepeyac.edu.mx\/Universidad\/","description":"La calidad acad\u00e9mica y el compromiso con la excelencia han llevado a la Universidad del Tepeyac desde hace 48 a\u00f1os  a ser reconocida como una de las Universidades m\u00e1s destacadas de la Ciudad de M\u00e9xico.","publisher":{"@id":"https:\/\/tepeyac.edu.mx\/Universidad\/#organization"},"alternateName":"Universidad del Tepeyac","potentialAction":[{"@type":"SearchAction","target":{"@type":"EntryPoint","urlTemplate":"https:\/\/tepeyac.edu.mx\/Universidad\/?s={search_term_string}"},"query-input":{"@type":"PropertyValueSpecification","valueRequired":true,"valueName":"search_term_string"}}],"inLanguage":"es"},{"@type":"Organization","@id":"https:\/\/tepeyac.edu.mx\/Universidad\/#organization","name":"https:\/\/tepeyac.edu.mx\/Universidad\/","url":"https:\/\/tepeyac.edu.mx\/Universidad\/","logo":{"@type":"ImageObject","inLanguage":"es","@id":"https:\/\/tepeyac.edu.mx\/Universidad\/#\/schema\/logo\/image\/","url":"https:\/\/tepeyac.edu.mx\/Universidad\/wp-content\/uploads\/2023\/09\/cropped-LOGO-UNIVERSIDAD-DEL-TEPEYAC-PK-1.png","contentUrl":"https:\/\/tepeyac.edu.mx\/Universidad\/wp-content\/uploads\/2023\/09\/cropped-LOGO-UNIVERSIDAD-DEL-TEPEYAC-PK-1.png","width":200,"height":50,"caption":"https:\/\/tepeyac.edu.mx\/Universidad\/"},"image":{"@id":"https:\/\/tepeyac.edu.mx\/Universidad\/#\/schema\/logo\/image\/"},"sameAs":["https:\/\/www.facebook.com\/Unitepeyac.oficial","https:\/\/www.instagram.com\/unitepeyac\/"]}]}},"_links":{"self":[{"href":"https:\/\/tepeyac.edu.mx\/Universidad\/wp-json\/wp\/v2\/pages\/11011","targetHints":{"allow":["GET"]}}],"collection":[{"href":"https:\/\/tepeyac.edu.mx\/Universidad\/wp-json\/wp\/v2\/pages"}],"about":[{"href":"https:\/\/tepeyac.edu.mx\/Universidad\/wp-json\/wp\/v2\/types\/page"}],"author":[{"embeddable":true,"href":"https:\/\/tepeyac.edu.mx\/Universidad\/wp-json\/wp\/v2\/users\/1"}],"replies":[{"embeddable":true,"href":"https:\/\/tepeyac.edu.mx\/Universidad\/wp-json\/wp\/v2\/comments?post=11011"}],"version-history":[{"count":19,"href":"https:\/\/tepeyac.edu.mx\/Universidad\/wp-json\/wp\/v2\/pages\/11011\/revisions"}],"predecessor-version":[{"id":11037,"href":"https:\/\/tepeyac.edu.mx\/Universidad\/wp-json\/wp\/v2\/pages\/11011\/revisions\/11037"}],"wp:attachment":[{"href":"https:\/\/tepeyac.edu.mx\/Universidad\/wp-json\/wp\/v2\/media?parent=11011"}],"curies":[{"name":"wp","href":"https:\/\/api.w.org\/{rel}","templated":true}]}}