{"id":3,"date":"2023-08-25T16:09:29","date_gmt":"2023-08-25T16:09:29","guid":{"rendered":"https:\/\/tepeyac.edu.mx\/Universidad\/?page_id=3"},"modified":"2025-10-15T14:20:42","modified_gmt":"2025-10-15T14:20:42","slug":"aviso-de-privacidad","status":"publish","type":"page","link":"https:\/\/tepeyac.edu.mx\/Universidad\/aviso-de-privacidad\/","title":{"rendered":"Aviso de privacidad"},"content":{"rendered":"\t\t<div data-elementor-type=\"wp-page\" data-elementor-id=\"3\" class=\"elementor elementor-3\">\n\t\t\t\t\t\t<section class=\"elementor-section elementor-top-section elementor-element elementor-element-67ad2aa4 elementor-section-boxed elementor-section-height-default elementor-section-height-default\" data-id=\"67ad2aa4\" data-element_type=\"section\">\n\t\t\t\t\t\t<div class=\"elementor-container elementor-column-gap-default\">\n\t\t\t\t\t<div class=\"elementor-column elementor-col-100 elementor-top-column elementor-element elementor-element-259a6573\" data-id=\"259a6573\" data-element_type=\"column\">\n\t\t\t<div class=\"elementor-widget-wrap elementor-element-populated\">\n\t\t\t\t\t\t<div class=\"elementor-element elementor-element-d33af01 elementor-widget elementor-widget-image\" data-id=\"d33af01\" data-element_type=\"widget\" data-widget_type=\"image.default\">\n\t\t\t\t<div class=\"elementor-widget-container\">\n\t\t\t\t\t\t\t\t\t\t\t\t\t\t\t<img decoding=\"async\" width=\"255\" height=\"189\" src=\"https:\/\/tepeyac.edu.mx\/Universidad\/wp-content\/uploads\/2024\/01\/aviso-de-privacidad.jpg\" class=\"attachment-medium size-medium wp-image-9044\" alt=\"Aviso de privacidad Universidad del Tepeyac\" \/>\t\t\t\t\t\t\t\t\t\t\t\t\t\t\t<\/div>\n\t\t\t\t<\/div>\n\t\t\t\t<div class=\"elementor-element elementor-element-33ecec1a elementor-widget elementor-widget-text-editor\" data-id=\"33ecec1a\" data-element_type=\"widget\" data-widget_type=\"text-editor.default\">\n\t\t\t\t<div class=\"elementor-widget-container\">\n\t\t\t\t\t\t\t\t\t<h2 class=\"wp-block-heading\">Aviso de privacidad&nbsp;<\/h2>\n<p><!-- \/wp:heading --><!-- wp:paragraph --><\/p>\n<p>En cumplimiento con lo establecido en los art\u00edculos 3 fracci\u00f3n I, 8, 15, 16, 17, 18 y 36 de la&nbsp;<strong>Ley Federal de Protecci\u00f3n de Datos Personales en Posesi\u00f3n de Particulares,&nbsp;<\/strong>nos permitimos informar nuestro aviso de privacidad, manejo de datos personales y ratificamos los compromisos siguientes:<\/p>\n<p><strong>1.- Identidad y domicilio del responsable del tratamiento de sus datos personales<\/strong>:<\/p>\n<p><strong>COLEGIO DEL TEPEYAC, COLEGIO DEL TEPEYAC AC., COLEGIO Y UNIVERSIDAD DEL TEPEYAC SC., CENTROS DE ESTUDIOS DEL TEPEYAC SC.&nbsp; -denominado de aqui en adelante como CUT &#8211;&nbsp;<\/strong>Como contactarnos: en&nbsp;<strong>Av. Callao 842, Colonia Lindavista, C.P. 07300, Delegaci\u00f3n Gustavo A. Madero, Distrito Federal. Tel\u00e9fono 55-55-77-64-22, Pagina web: www.tepeyac.edu.mx<\/strong><\/p>\n<p><strong>&nbsp;<\/strong>Empresa prestadora de servicios educativos en los niveles de educaci\u00f3n b\u00e1sica, media y media superior, y con la finalidad de asegurar la privacidad de los datos proporcionados por nuestros alumnos, exalumnos, egresados, padres de familia o tutores, aspirantes, empleados y proveedores con el fin de vincularse con los servicios acad\u00e9micos o administrativos proporcionados por la responsable.<\/p>\n<p>El titular y personal de&nbsp;<strong>CONTROL ESCOLAR&nbsp;<\/strong>ser\u00e1n los responsables a nombre de esta, de recabar la informaci\u00f3n, as\u00ed como de atender las solicitudes con respecto a los Derechos de Acceso, Rectificaci\u00f3n, Cancelaci\u00f3n y Oposici\u00f3n (ARCO), con domicilio en&nbsp;<strong>Av. Callao 842, Colonia Lindavista, C.P. 07300, Delegaci\u00f3n Gustavo A. Madero, Distrito Federal. Tel\u00e9fono 55-55-77-64-22, correo electr\u00f3nico diradmon@tepeyac.edu.mx<\/strong><\/p>\n<p><strong>2.-Datos personales que pueden recabarse<\/strong>:<\/p>\n<p>Para las finalidades se\u00f1aladas en el presente aviso de privacidad, podemos recabar sus datos personales de distintas formas: cuando usted nos los proporciona directamente; cuando visita nuestro sitio de internet o utiliza nuestros servicios en l\u00ednea, y cuando obtenemos informaci\u00f3n a trav\u00e9s de otras fuentes que est\u00e1n permitidas por la ley.<\/p>\n<p>Recabamos sus datos personales de forma directa al inscribir a su hijo o hija (alumno) a cualquiera de las secciones o grados de <b>CUT<\/b><strong>,<\/strong>&nbsp;como parte del historial del alumno, as\u00ed como de sus padres y\/o tutor. Es importante citar que en algunos casos ser\u00e1n recabados y tratados datos sensibles, como origen racial o \u00e9tnico, estado de salud presente y futuro, informaci\u00f3n gen\u00e9tica, creencias religiosas, filos\u00f3ficas y morales, preferencia sexual, entre otras que se consideren pertinentes, mismos que nos comprometemos a que los mismos ser\u00e1n tratados bajo las m\u00e1s estrictas medidas de seguridad que garanticen su confidencialidad.<\/p>\n<p>El&nbsp;<strong>CUT,&nbsp;<\/strong>podr\u00e1 recabar de manera enunciativa m\u00e1s no limitativa con objeto de que le prestemos un servicio:<\/p>\n<p>Datos sobre el alumno, nombre completo, domicilio, CURP, RFC (si es el caso), fecha de nacimiento, tel\u00e9fono, celular, correo electr\u00f3nico, nacionalidad, escuela de procedencia, as\u00ed como alergias, enfermedades, tratamientos m\u00e9dicos o psicol\u00f3gicos, nombre y datos del m\u00e9dico tratante.<\/p>\n<p>Datos sobre los padres o tutores, nombres completos, estado civil, domicilio completo de la familia o de cada uno en caso de no vivir juntos, tel\u00e9fono particular, celular, Id Nextel, correos electr\u00f3nicos, ocupaci\u00f3n, domicilio de la fuente de empleo, puesto que desempe\u00f1a, nivel acad\u00e9mico y horario de trabajo. En caso de solicitar facturaci\u00f3n electr\u00f3nica, se requerir\u00e1 RFC, CURP, domicilio fiscal y dem\u00e1s requisitos fiscales pertinentes.<\/p>\n<p>Datos complementarios, podr\u00e1 solicitarse situaci\u00f3n familiar, nombre de otros hijos, escolaridad y ocupaci\u00f3n de los mismos, comportamiento del alumno en lo social, familiar, emotivo, salud, deportivo, As\u00ed como otro tipo de datos solicitados en las entrevistas de admisi\u00f3n y\/o de seguimiento que permitan evaluar al alumno y\/o su familia.<\/p>\n<p>Datos complementarios de tipo econ\u00f3mico, para el proceso de solicitud de beca, se solicitara informaci\u00f3n referente al entorno econ\u00f3mico familiar, como es ingresos y egresos, reporte del buro de cr\u00e9dito, declaraciones de impuestos, recibos de nomina o documentos que acrediten la situaci\u00f3n econ\u00f3mica de la familia.<\/p>\n<p>De conformidad con el numeral 9 de la&nbsp;<strong>Ley Federal de Protecci\u00f3n de Datos Personales en Posesi\u00f3n de Particulares<\/strong>, requerimos su consentimiento para el tratamiento que se dar\u00e1 a sus datos sensibles, indicando si acepta o no dicho tratamiento.<\/p>\n<p>*Consiento que mis datos personales sensibles sean tratados conforme a los t\u00e9rminos y condiciones del presente aviso de privacidad.<\/p>\n<p>Nombre y firma del titular.<\/p>\n<p><strong>3.- Finalidades del tratamiento de los datos<\/strong>:<\/p>\n<p>Los datos personales recabados ser\u00e1n utilizados para los siguientes fines;<\/p>\n<p>Operaci\u00f3n y administraci\u00f3n del expediente (historial del alumno) en el \u00e1mbito acad\u00e9mico, deportivo, cultural, administrativo y cualquier otro servicio que ofrezca el&nbsp;<strong>CUT&nbsp;<\/strong>contratado por usted.<\/p>\n<p>Informaci\u00f3n de contacto para la localizaci\u00f3n de los padres o tutores, ya sea para citas, emergencias, informes o avisos.<\/p>\n<p>Analizar la situaci\u00f3n econ\u00f3mica familiar por solicitud de becas.<\/p>\n<p>Para dar cumplimiento a obligaciones contra\u00eddas con nuestros alumnos, exalumnos, egresados, padres de familia o tutores, aspirantes, empleados y proveedores.<\/p>\n<p><strong>4.- Transferencia de datos personales<\/strong>:<\/p>\n<p>Los datos recabados podr\u00e1n ser transferidos y tratados dentro y fuera del pa\u00eds, por personas f\u00edsicas o morales distintas al <b>CUT<\/b><strong>&nbsp;<\/strong>en los siguientes casos;<\/p>\n<p>&nbsp;A la Secretar\u00eda de Educaci\u00f3n P\u00fablica estatal y\/o federal, Universidad Nacional Aut\u00f3noma de M\u00e9xico y a otras dependencias de gobierno que de manera oficial soliciten al&nbsp;<strong>CUT.<\/strong><\/p>\n<p>Instituciones educativas como parte de informes acad\u00e9micos, consistentes en constancias de estudio, boletas, reportes disciplinarios o cartas de buena conducta, entre otros.<\/p>\n<p>Para la realizaci\u00f3n de estudios socioecon\u00f3micos con motivo de la solicitud de becas.<\/p>\n<p>Para Acreditadoras o Certificadoras para el caso del nivel de idiomas, en el entendido que solo se transfiere nombre completo, secci\u00f3n, grado y grupo del alumno.<\/p>\n<p>Terceros contratados para brindar servicios, en el entendido que solo se transfiere nombre completo, secci\u00f3n, grado y grupo del alumno.<\/p>\n<p>El&nbsp;<strong>CUT&nbsp;<\/strong>se compromete a no transferir informaci\u00f3n personal a terceros sin su consentimiento, con las excepciones previstas por la propia&nbsp;<strong>Ley Federal de Protecci\u00f3n de Datos Personales en Posesi\u00f3n de Particulares y leyes y reglamentos complementarios.<\/strong><\/p>\n<p><strong>Si usted no manifiesta su oposici\u00f3n para que sus datos sean transferidos, se entender\u00e1 como aceptado su consentimiento para ello.<\/strong><\/p>\n<p><strong>5.- Opciones y medios a los titulares para limitar el uso o divulgaci\u00f3n de los datos, as\u00ed como para ejercer los derechos de acceso, rectificaci\u00f3n, cancelaci\u00f3n u oposici\u00f3n (ARCO)<\/strong>:<\/p>\n<p>Usted tiene el derecho de acceder a sus datos personales y a los detalles del tratamiento de los mismos, ya sea para rectificarlos en caso de ser inexactos o incompletos, cancelarlos, cuando considere que no se requieren para alguna de las finalidades se\u00f1aladas en el presente Aviso de Privacidad, est\u00e9n siendo utilizados para fines no consentidos o haya finalizado la relaci\u00f3n contractual o de servicio, o bien oponerse al tratamiento que se les d\u00e9.<\/p>\n<p>Lo manifestado en el p\u00e1rrafo precedente podr\u00e1 hacerse valer en forma personal o por representante legal, representaci\u00f3n esta que deber\u00e1 acreditarse fehacientemente conforme a derecho, para ello tendr\u00e1 que enviar una solicitud v\u00eda correo electr\u00f3nico dirigida al \u00e1rea de Control Escolar de la secci\u00f3n correspondiente, correo y domicilio se\u00f1alados en el numeral marcado con el n\u00famero 1 del presente Aviso de Privacidad.<\/p>\n<p>La solicitud deber\u00e1 reunir los siguientes requisitos;<\/p>\n<p>Nombre, domicilio y direcci\u00f3n electr\u00f3nica del solicitante.<\/p>\n<p>Copia simple de identificaci\u00f3n oficial con fotograf\u00eda o en su caso documento con el cual se acredite la personalidad del representante legal que actuara a su nombre y representaci\u00f3n e identificaci\u00f3n del mismo.<\/p>\n<p>Descripci\u00f3n clara y precisa de los datos personales de los cuales pretenda tener acceso, rectificaci\u00f3n, cancelaci\u00f3n u oposici\u00f3n, as\u00ed como para limitar el uso o divulgaci\u00f3n de los mismos.<\/p>\n<p>Cualquier elemento o documento que facilite la localizaci\u00f3n de sus datos personales.<\/p>\n<p>Firma del titular de los datos.<\/p>\n<p>Para el caso de solicitar rectificaci\u00f3n de datos, deber\u00e1 indicar en qu\u00e9 consiste dicha rectificaci\u00f3n y como deber\u00e1n quedar los mismos, proporcionando los documentos que acrediten y sustenten dicha solicitud.<\/p>\n<p>En un plazo m\u00e1ximo de 20 d\u00edas h\u00e1biles posteriores a la recepci\u00f3n de la solicitud, se informara al solicitante v\u00eda correo electr\u00f3nico proporcionado, sobre el cumplimiento dado a su derecho.<\/p>\n<p>Nos reservamos el derecho de efectuar en cualquier momento modificaciones o actualizaciones al presente aviso de privacidad, para la atenci\u00f3n de novedades legislativas, pol\u00edticas internas o nuevos requerimientos para la prestaci\u00f3n u ofrecimiento de nuestros servicios o productos.<\/p>\n<p>Estas modificaciones estar\u00e1n disponibles al p\u00fablico a trav\u00e9s de nuestra p\u00e1gina web: www.tepeyac.edu.mx<\/p>\n<p><!-- \/wp:paragraph --><\/p>\t\t\t\t\t\t\t\t<\/div>\n\t\t\t\t<\/div>\n\t\t\t\t\t<\/div>\n\t\t<\/div>\n\t\t\t\t\t<\/div>\n\t\t<\/section>\n\t\t\t\t<\/div>\n\t\t","protected":false},"excerpt":{"rendered":"<p>Transparencia y compromiso de la Universidad del Tepeyac con tu privacidad. En nuestra p\u00e1gina de aviso de privacidad, encontrar\u00e1s detalles sobre c\u00f3mo protegemos tus datos, garantizando la confidencialidad y seguridad en cada aspecto de tu experiencia educativa. Tu privacidad es nuestra prioridad; conoce m\u00e1s sobre nuestras pol\u00edticas y pr\u00e1cticas aqu\u00ed.<\/p>\n","protected":false},"author":1,"featured_media":0,"parent":0,"menu_order":0,"comment_status":"closed","ping_status":"closed","template":"","meta":{"content-type":"","_joinchat":[],"footnotes":""},"class_list":["post-3","page","type-page","status-publish","hentry","latest_post"],"yoast_head":"<!-- This site is optimized with the Yoast SEO plugin v27.4 - https:\/\/yoast.com\/product\/yoast-seo-wordpress\/ -->\n<title>Aviso de privacidad - Universidad del Tepeyac<\/title>\n<meta name=\"description\" content=\"Transparencia y compromiso de la Universidad del Tepeyac con tu privacidad. En la p\u00e1gina de aviso de privacidad, encontrar\u00e1s detalles sobre c\u00f3mo protegemos tus datos, garantizando la confidencialidad y seguridad.\" \/>\n<meta name=\"robots\" content=\"index, follow, max-snippet:-1, max-image-preview:large, max-video-preview:-1\" \/>\n<link rel=\"canonical\" href=\"https:\/\/tepeyac.edu.mx\/Universidad\/aviso-de-privacidad\/\" \/>\n<meta property=\"og:locale\" content=\"es_ES\" \/>\n<meta property=\"og:type\" content=\"article\" \/>\n<meta property=\"og:title\" content=\"Aviso de privacidad - Universidad del Tepeyac\" \/>\n<meta property=\"og:description\" content=\"Transparencia y compromiso de la Universidad del Tepeyac con tu privacidad. En la p\u00e1gina de aviso de privacidad, encontrar\u00e1s detalles sobre c\u00f3mo protegemos tus datos, garantizando la confidencialidad y seguridad.\" \/>\n<meta property=\"og:url\" content=\"https:\/\/tepeyac.edu.mx\/Universidad\/aviso-de-privacidad\/\" \/>\n<meta property=\"og:site_name\" content=\"Universidad del Tepeyac\" \/>\n<meta property=\"article:publisher\" content=\"https:\/\/www.facebook.com\/Unitepeyac.oficial\" \/>\n<meta property=\"article:modified_time\" content=\"2025-10-15T14:20:42+00:00\" \/>\n<meta property=\"og:image\" content=\"https:\/\/tepeyac.edu.mx\/Universidad\/wp-content\/uploads\/2024\/01\/aviso-de-privacidad.jpg\" \/>\n\t<meta property=\"og:image:width\" content=\"255\" \/>\n\t<meta property=\"og:image:height\" content=\"189\" \/>\n\t<meta property=\"og:image:type\" content=\"image\/jpeg\" \/>\n<meta name=\"twitter:card\" content=\"summary_large_image\" \/>\n<meta name=\"twitter:label1\" content=\"Tiempo de lectura\" \/>\n\t<meta name=\"twitter:data1\" content=\"7 minutos\" \/>\n<script type=\"application\/ld+json\" class=\"yoast-schema-graph\">{\"@context\":\"https:\\\/\\\/schema.org\",\"@graph\":[{\"@type\":\"WebPage\",\"@id\":\"https:\\\/\\\/tepeyac.edu.mx\\\/Universidad\\\/aviso-de-privacidad\\\/\",\"url\":\"https:\\\/\\\/tepeyac.edu.mx\\\/Universidad\\\/aviso-de-privacidad\\\/\",\"name\":\"Aviso de privacidad - Universidad del Tepeyac\",\"isPartOf\":{\"@id\":\"https:\\\/\\\/tepeyac.edu.mx\\\/Universidad\\\/#website\"},\"primaryImageOfPage\":{\"@id\":\"https:\\\/\\\/tepeyac.edu.mx\\\/Universidad\\\/aviso-de-privacidad\\\/#primaryimage\"},\"image\":{\"@id\":\"https:\\\/\\\/tepeyac.edu.mx\\\/Universidad\\\/aviso-de-privacidad\\\/#primaryimage\"},\"thumbnailUrl\":\"https:\\\/\\\/tepeyac.edu.mx\\\/Universidad\\\/wp-content\\\/uploads\\\/2024\\\/01\\\/aviso-de-privacidad.jpg\",\"datePublished\":\"2023-08-25T16:09:29+00:00\",\"dateModified\":\"2025-10-15T14:20:42+00:00\",\"description\":\"Transparencia y compromiso de la Universidad del Tepeyac con tu privacidad. En la p\u00e1gina de aviso de privacidad, encontrar\u00e1s detalles sobre c\u00f3mo protegemos tus datos, garantizando la confidencialidad y seguridad.\",\"breadcrumb\":{\"@id\":\"https:\\\/\\\/tepeyac.edu.mx\\\/Universidad\\\/aviso-de-privacidad\\\/#breadcrumb\"},\"inLanguage\":\"es\",\"potentialAction\":[{\"@type\":\"ReadAction\",\"target\":[\"https:\\\/\\\/tepeyac.edu.mx\\\/Universidad\\\/aviso-de-privacidad\\\/\"]}]},{\"@type\":\"ImageObject\",\"inLanguage\":\"es\",\"@id\":\"https:\\\/\\\/tepeyac.edu.mx\\\/Universidad\\\/aviso-de-privacidad\\\/#primaryimage\",\"url\":\"https:\\\/\\\/tepeyac.edu.mx\\\/Universidad\\\/wp-content\\\/uploads\\\/2024\\\/01\\\/aviso-de-privacidad.jpg\",\"contentUrl\":\"https:\\\/\\\/tepeyac.edu.mx\\\/Universidad\\\/wp-content\\\/uploads\\\/2024\\\/01\\\/aviso-de-privacidad.jpg\",\"width\":255,\"height\":189,\"caption\":\"Aviso de privacidad Universidad del Tepeyac\"},{\"@type\":\"BreadcrumbList\",\"@id\":\"https:\\\/\\\/tepeyac.edu.mx\\\/Universidad\\\/aviso-de-privacidad\\\/#breadcrumb\",\"itemListElement\":[{\"@type\":\"ListItem\",\"position\":1,\"name\":\"Portada\",\"item\":\"https:\\\/\\\/tepeyac.edu.mx\\\/Universidad\\\/\"},{\"@type\":\"ListItem\",\"position\":2,\"name\":\"Aviso de privacidad\"}]},{\"@type\":\"WebSite\",\"@id\":\"https:\\\/\\\/tepeyac.edu.mx\\\/Universidad\\\/#website\",\"url\":\"https:\\\/\\\/tepeyac.edu.mx\\\/Universidad\\\/\",\"name\":\"https:\\\/\\\/tepeyac.edu.mx\\\/Universidad\\\/\",\"description\":\"La calidad acad\u00e9mica y el compromiso con la excelencia han llevado a la Universidad del Tepeyac desde hace 48 a\u00f1os  a ser reconocida como una de las Universidades m\u00e1s destacadas de la Ciudad de M\u00e9xico.\",\"publisher\":{\"@id\":\"https:\\\/\\\/tepeyac.edu.mx\\\/Universidad\\\/#organization\"},\"alternateName\":\"Universidad del Tepeyac\",\"potentialAction\":[{\"@type\":\"SearchAction\",\"target\":{\"@type\":\"EntryPoint\",\"urlTemplate\":\"https:\\\/\\\/tepeyac.edu.mx\\\/Universidad\\\/?s={search_term_string}\"},\"query-input\":{\"@type\":\"PropertyValueSpecification\",\"valueRequired\":true,\"valueName\":\"search_term_string\"}}],\"inLanguage\":\"es\"},{\"@type\":\"Organization\",\"@id\":\"https:\\\/\\\/tepeyac.edu.mx\\\/Universidad\\\/#organization\",\"name\":\"https:\\\/\\\/tepeyac.edu.mx\\\/Universidad\\\/\",\"url\":\"https:\\\/\\\/tepeyac.edu.mx\\\/Universidad\\\/\",\"logo\":{\"@type\":\"ImageObject\",\"inLanguage\":\"es\",\"@id\":\"https:\\\/\\\/tepeyac.edu.mx\\\/Universidad\\\/#\\\/schema\\\/logo\\\/image\\\/\",\"url\":\"https:\\\/\\\/tepeyac.edu.mx\\\/Universidad\\\/wp-content\\\/uploads\\\/2023\\\/09\\\/cropped-LOGO-UNIVERSIDAD-DEL-TEPEYAC-PK-1.png\",\"contentUrl\":\"https:\\\/\\\/tepeyac.edu.mx\\\/Universidad\\\/wp-content\\\/uploads\\\/2023\\\/09\\\/cropped-LOGO-UNIVERSIDAD-DEL-TEPEYAC-PK-1.png\",\"width\":200,\"height\":50,\"caption\":\"https:\\\/\\\/tepeyac.edu.mx\\\/Universidad\\\/\"},\"image\":{\"@id\":\"https:\\\/\\\/tepeyac.edu.mx\\\/Universidad\\\/#\\\/schema\\\/logo\\\/image\\\/\"},\"sameAs\":[\"https:\\\/\\\/www.facebook.com\\\/Unitepeyac.oficial\",\"https:\\\/\\\/www.instagram.com\\\/unitepeyac\\\/\"]}]}<\/script>\n<!-- \/ Yoast SEO plugin. -->","yoast_head_json":{"title":"Aviso de privacidad - Universidad del Tepeyac","description":"Transparencia y compromiso de la Universidad del Tepeyac con tu privacidad. En la p\u00e1gina de aviso de privacidad, encontrar\u00e1s detalles sobre c\u00f3mo protegemos tus datos, garantizando la confidencialidad y seguridad.","robots":{"index":"index","follow":"follow","max-snippet":"max-snippet:-1","max-image-preview":"max-image-preview:large","max-video-preview":"max-video-preview:-1"},"canonical":"https:\/\/tepeyac.edu.mx\/Universidad\/aviso-de-privacidad\/","og_locale":"es_ES","og_type":"article","og_title":"Aviso de privacidad - Universidad del Tepeyac","og_description":"Transparencia y compromiso de la Universidad del Tepeyac con tu privacidad. En la p\u00e1gina de aviso de privacidad, encontrar\u00e1s detalles sobre c\u00f3mo protegemos tus datos, garantizando la confidencialidad y seguridad.","og_url":"https:\/\/tepeyac.edu.mx\/Universidad\/aviso-de-privacidad\/","og_site_name":"Universidad del Tepeyac","article_publisher":"https:\/\/www.facebook.com\/Unitepeyac.oficial","article_modified_time":"2025-10-15T14:20:42+00:00","og_image":[{"width":255,"height":189,"url":"https:\/\/tepeyac.edu.mx\/Universidad\/wp-content\/uploads\/2024\/01\/aviso-de-privacidad.jpg","type":"image\/jpeg"}],"twitter_card":"summary_large_image","twitter_misc":{"Tiempo de lectura":"7 minutos"},"schema":{"@context":"https:\/\/schema.org","@graph":[{"@type":"WebPage","@id":"https:\/\/tepeyac.edu.mx\/Universidad\/aviso-de-privacidad\/","url":"https:\/\/tepeyac.edu.mx\/Universidad\/aviso-de-privacidad\/","name":"Aviso de privacidad - Universidad del Tepeyac","isPartOf":{"@id":"https:\/\/tepeyac.edu.mx\/Universidad\/#website"},"primaryImageOfPage":{"@id":"https:\/\/tepeyac.edu.mx\/Universidad\/aviso-de-privacidad\/#primaryimage"},"image":{"@id":"https:\/\/tepeyac.edu.mx\/Universidad\/aviso-de-privacidad\/#primaryimage"},"thumbnailUrl":"https:\/\/tepeyac.edu.mx\/Universidad\/wp-content\/uploads\/2024\/01\/aviso-de-privacidad.jpg","datePublished":"2023-08-25T16:09:29+00:00","dateModified":"2025-10-15T14:20:42+00:00","description":"Transparencia y compromiso de la Universidad del Tepeyac con tu privacidad. En la p\u00e1gina de aviso de privacidad, encontrar\u00e1s detalles sobre c\u00f3mo protegemos tus datos, garantizando la confidencialidad y seguridad.","breadcrumb":{"@id":"https:\/\/tepeyac.edu.mx\/Universidad\/aviso-de-privacidad\/#breadcrumb"},"inLanguage":"es","potentialAction":[{"@type":"ReadAction","target":["https:\/\/tepeyac.edu.mx\/Universidad\/aviso-de-privacidad\/"]}]},{"@type":"ImageObject","inLanguage":"es","@id":"https:\/\/tepeyac.edu.mx\/Universidad\/aviso-de-privacidad\/#primaryimage","url":"https:\/\/tepeyac.edu.mx\/Universidad\/wp-content\/uploads\/2024\/01\/aviso-de-privacidad.jpg","contentUrl":"https:\/\/tepeyac.edu.mx\/Universidad\/wp-content\/uploads\/2024\/01\/aviso-de-privacidad.jpg","width":255,"height":189,"caption":"Aviso de privacidad Universidad del Tepeyac"},{"@type":"BreadcrumbList","@id":"https:\/\/tepeyac.edu.mx\/Universidad\/aviso-de-privacidad\/#breadcrumb","itemListElement":[{"@type":"ListItem","position":1,"name":"Portada","item":"https:\/\/tepeyac.edu.mx\/Universidad\/"},{"@type":"ListItem","position":2,"name":"Aviso de privacidad"}]},{"@type":"WebSite","@id":"https:\/\/tepeyac.edu.mx\/Universidad\/#website","url":"https:\/\/tepeyac.edu.mx\/Universidad\/","name":"https:\/\/tepeyac.edu.mx\/Universidad\/","description":"La calidad acad\u00e9mica y el compromiso con la excelencia han llevado a la Universidad del Tepeyac desde hace 48 a\u00f1os  a ser reconocida como una de las Universidades m\u00e1s destacadas de la Ciudad de M\u00e9xico.","publisher":{"@id":"https:\/\/tepeyac.edu.mx\/Universidad\/#organization"},"alternateName":"Universidad del Tepeyac","potentialAction":[{"@type":"SearchAction","target":{"@type":"EntryPoint","urlTemplate":"https:\/\/tepeyac.edu.mx\/Universidad\/?s={search_term_string}"},"query-input":{"@type":"PropertyValueSpecification","valueRequired":true,"valueName":"search_term_string"}}],"inLanguage":"es"},{"@type":"Organization","@id":"https:\/\/tepeyac.edu.mx\/Universidad\/#organization","name":"https:\/\/tepeyac.edu.mx\/Universidad\/","url":"https:\/\/tepeyac.edu.mx\/Universidad\/","logo":{"@type":"ImageObject","inLanguage":"es","@id":"https:\/\/tepeyac.edu.mx\/Universidad\/#\/schema\/logo\/image\/","url":"https:\/\/tepeyac.edu.mx\/Universidad\/wp-content\/uploads\/2023\/09\/cropped-LOGO-UNIVERSIDAD-DEL-TEPEYAC-PK-1.png","contentUrl":"https:\/\/tepeyac.edu.mx\/Universidad\/wp-content\/uploads\/2023\/09\/cropped-LOGO-UNIVERSIDAD-DEL-TEPEYAC-PK-1.png","width":200,"height":50,"caption":"https:\/\/tepeyac.edu.mx\/Universidad\/"},"image":{"@id":"https:\/\/tepeyac.edu.mx\/Universidad\/#\/schema\/logo\/image\/"},"sameAs":["https:\/\/www.facebook.com\/Unitepeyac.oficial","https:\/\/www.instagram.com\/unitepeyac\/"]}]}},"_links":{"self":[{"href":"https:\/\/tepeyac.edu.mx\/Universidad\/wp-json\/wp\/v2\/pages\/3","targetHints":{"allow":["GET"]}}],"collection":[{"href":"https:\/\/tepeyac.edu.mx\/Universidad\/wp-json\/wp\/v2\/pages"}],"about":[{"href":"https:\/\/tepeyac.edu.mx\/Universidad\/wp-json\/wp\/v2\/types\/page"}],"author":[{"embeddable":true,"href":"https:\/\/tepeyac.edu.mx\/Universidad\/wp-json\/wp\/v2\/users\/1"}],"replies":[{"embeddable":true,"href":"https:\/\/tepeyac.edu.mx\/Universidad\/wp-json\/wp\/v2\/comments?post=3"}],"version-history":[{"count":21,"href":"https:\/\/tepeyac.edu.mx\/Universidad\/wp-json\/wp\/v2\/pages\/3\/revisions"}],"predecessor-version":[{"id":10766,"href":"https:\/\/tepeyac.edu.mx\/Universidad\/wp-json\/wp\/v2\/pages\/3\/revisions\/10766"}],"wp:attachment":[{"href":"https:\/\/tepeyac.edu.mx\/Universidad\/wp-json\/wp\/v2\/media?parent=3"}],"curies":[{"name":"wp","href":"https:\/\/api.w.org\/{rel}","templated":true}]}}