{"id":6137,"date":"2022-10-20T09:06:12","date_gmt":"2022-10-20T09:06:12","guid":{"rendered":"https:\/\/tepeyac.edu.mx\/Universidad\/our-teacher\/"},"modified":"2022-10-20T09:06:12","modified_gmt":"2022-10-20T09:06:12","slug":"our-teacher","status":"publish","type":"page","link":"https:\/\/tepeyac.edu.mx\/Universidad\/our-teacher\/","title":{"rendered":"Our Teacher"},"content":{"rendered":"\t\t<div data-elementor-type=\"wp-page\" data-elementor-id=\"6137\" class=\"elementor elementor-6137\">\n\t\t\t\t\t\t<section class=\"elementor-section elementor-top-section elementor-element elementor-element-dd1eca2 bg-secondary-color-opacity-5 elementor-section-boxed elementor-section-height-default elementor-section-height-default\" data-id=\"dd1eca2\" data-element_type=\"section\" data-settings=\"{&quot;background_background&quot;:&quot;classic&quot;}\">\n\t\t\t\t\t\t<div class=\"elementor-container elementor-column-gap-default\">\n\t\t\t\t\t<div class=\"elementor-column elementor-col-100 elementor-top-column elementor-element elementor-element-36e49f2\" data-id=\"36e49f2\" data-element_type=\"column\">\n\t\t\t<div class=\"elementor-widget-wrap elementor-element-populated\">\n\t\t\t\t\t\t<div class=\"elementor-element elementor-element-fc03be2 bg-prrimary-color-opacity-5 elementor-widget elementor-widget-heading\" data-id=\"fc03be2\" data-element_type=\"widget\" data-widget_type=\"heading.default\">\n\t\t\t\t<div class=\"elementor-widget-container\">\n\t\t\t\t\t<h1 class=\"elementor-heading-title elementor-size-default\">Our Teacher<\/h1>\t\t\t\t<\/div>\n\t\t\t\t<\/div>\n\t\t\t\t\t<\/div>\n\t\t<\/div>\n\t\t\t\t\t<\/div>\n\t\t<\/section>\n\t\t\t\t<section class=\"elementor-section elementor-top-section elementor-element elementor-element-86d5401 elementor-section-content-middle elementor-section-boxed elementor-section-height-default elementor-section-height-default\" data-id=\"86d5401\" data-element_type=\"section\">\n\t\t\t\t\t\t<div class=\"elementor-container elementor-column-gap-default\">\n\t\t\t\t\t<div class=\"elementor-column elementor-col-50 elementor-top-column elementor-element elementor-element-f220562\" data-id=\"f220562\" data-element_type=\"column\">\n\t\t\t<div class=\"elementor-widget-wrap elementor-element-populated\">\n\t\t\t\t\t\t<div class=\"elementor-element elementor-element-f29a9b0 animated-slow e-transform elementor-invisible elementor-widget elementor-widget-image\" data-id=\"f29a9b0\" data-element_type=\"widget\" data-settings=\"{&quot;_animation&quot;:&quot;fadeIn&quot;,&quot;_transform_rotateZ_effect&quot;:{&quot;unit&quot;:&quot;px&quot;,&quot;size&quot;:0,&quot;sizes&quot;:[]},&quot;_transform_rotateZ_effect_tablet&quot;:{&quot;unit&quot;:&quot;deg&quot;,&quot;size&quot;:&quot;&quot;,&quot;sizes&quot;:[]},&quot;_transform_rotateZ_effect_mobile&quot;:{&quot;unit&quot;:&quot;deg&quot;,&quot;size&quot;:&quot;&quot;,&quot;sizes&quot;:[]}}\" data-widget_type=\"image.default\">\n\t\t\t\t<div class=\"elementor-widget-container\">\n\t\t\t\t\t\t\t\t\t\t\t\t\t\t\t<img fetchpriority=\"high\" decoding=\"async\" width=\"475\" height=\"544\" src=\"https:\/\/tepeyac.edu.mx\/Universidad\/wp-content\/uploads\/2022\/10\/single-teacher.png\" class=\"attachment-large size-large wp-image-6152\" alt=\"\" srcset=\"https:\/\/tepeyac.edu.mx\/Universidad\/wp-content\/uploads\/2022\/10\/single-teacher.png 475w, https:\/\/tepeyac.edu.mx\/Universidad\/wp-content\/uploads\/2022\/10\/single-teacher-262x300.png 262w\" sizes=\"(max-width: 475px) 100vw, 475px\" \/>\t\t\t\t\t\t\t\t\t\t\t\t\t\t\t<\/div>\n\t\t\t\t<\/div>\n\t\t\t\t\t<\/div>\n\t\t<\/div>\n\t\t\t\t<div class=\"elementor-column elementor-col-50 elementor-top-column elementor-element elementor-element-3bf7947\" data-id=\"3bf7947\" data-element_type=\"column\">\n\t\t\t<div class=\"elementor-widget-wrap elementor-element-populated\">\n\t\t\t\t\t\t<section class=\"elementor-section elementor-inner-section elementor-element elementor-element-0804c78 elementor-section-boxed elementor-section-height-default elementor-section-height-default\" data-id=\"0804c78\" data-element_type=\"section\">\n\t\t\t\t\t\t<div class=\"elementor-container elementor-column-gap-default\">\n\t\t\t\t\t<div class=\"elementor-column elementor-col-100 elementor-inner-column elementor-element elementor-element-0b18e47\" data-id=\"0b18e47\" data-element_type=\"column\">\n\t\t\t<div class=\"elementor-widget-wrap elementor-element-populated\">\n\t\t\t\t\t\t<div class=\"elementor-element elementor-element-9efaa33 elementor-widget-mobile__width-inherit elementor-widget elementor-widget-heading\" data-id=\"9efaa33\" data-element_type=\"widget\" data-widget_type=\"heading.default\">\n\t\t\t\t<div class=\"elementor-widget-container\">\n\t\t\t\t\t<h2 class=\"elementor-heading-title elementor-size-default\">Lindsey Philips<\/h2>\t\t\t\t<\/div>\n\t\t\t\t<\/div>\n\t\t\t\t<div class=\"elementor-element elementor-element-615a91e elementor-widget-mobile__width-inherit elementor-widget elementor-widget-text-editor\" data-id=\"615a91e\" data-element_type=\"widget\" data-widget_type=\"text-editor.default\">\n\t\t\t\t<div class=\"elementor-widget-container\">\n\t\t\t\t\t\t\t\t\t<p>Solving critical and complex global problems with the help of quality education.<\/p>\t\t\t\t\t\t\t\t<\/div>\n\t\t\t\t<\/div>\n\t\t\t\t\t<\/div>\n\t\t<\/div>\n\t\t\t\t\t<\/div>\n\t\t<\/section>\n\t\t\t\t<section class=\"elementor-section elementor-inner-section elementor-element elementor-element-9dceb42 bg-secondary-color-opacity-5 elementor-section-boxed elementor-section-height-default elementor-section-height-default\" data-id=\"9dceb42\" data-element_type=\"section\">\n\t\t\t\t\t\t<div class=\"elementor-container elementor-column-gap-default\">\n\t\t\t\t\t<div class=\"elementor-column elementor-col-33 elementor-inner-column elementor-element elementor-element-766d447\" data-id=\"766d447\" data-element_type=\"column\">\n\t\t\t<div class=\"elementor-widget-wrap elementor-element-populated\">\n\t\t\t\t\t\t<div class=\"elementor-element elementor-element-0d2934b elementor-widget elementor-widget-heading\" data-id=\"0d2934b\" data-element_type=\"widget\" data-widget_type=\"heading.default\">\n\t\t\t\t<div class=\"elementor-widget-container\">\n\t\t\t\t\t<h3 class=\"elementor-heading-title elementor-size-default\">Designation:<\/h3>\t\t\t\t<\/div>\n\t\t\t\t<\/div>\n\t\t\t\t<div class=\"elementor-element elementor-element-06d319f elementor-widget elementor-widget-text-editor\" data-id=\"06d319f\" data-element_type=\"widget\" data-widget_type=\"text-editor.default\">\n\t\t\t\t<div class=\"elementor-widget-container\">\n\t\t\t\t\t\t\t\t\t<p>Professor<\/p>\t\t\t\t\t\t\t\t<\/div>\n\t\t\t\t<\/div>\n\t\t\t\t\t<\/div>\n\t\t<\/div>\n\t\t\t\t<div class=\"elementor-column elementor-col-33 elementor-inner-column elementor-element elementor-element-2883e23\" data-id=\"2883e23\" data-element_type=\"column\">\n\t\t\t<div class=\"elementor-widget-wrap elementor-element-populated\">\n\t\t\t\t\t\t<div class=\"elementor-element elementor-element-a13ea41 elementor-widget elementor-widget-heading\" data-id=\"a13ea41\" data-element_type=\"widget\" data-widget_type=\"heading.default\">\n\t\t\t\t<div class=\"elementor-widget-container\">\n\t\t\t\t\t<h3 class=\"elementor-heading-title elementor-size-default\">Education:<\/h3>\t\t\t\t<\/div>\n\t\t\t\t<\/div>\n\t\t\t\t<div class=\"elementor-element elementor-element-b78b89a elementor-widget elementor-widget-text-editor\" data-id=\"b78b89a\" data-element_type=\"widget\" data-widget_type=\"text-editor.default\">\n\t\t\t\t<div class=\"elementor-widget-container\">\n\t\t\t\t\t\t\t\t\t<p>PHD in Accountancy<\/p>\t\t\t\t\t\t\t\t<\/div>\n\t\t\t\t<\/div>\n\t\t\t\t\t<\/div>\n\t\t<\/div>\n\t\t\t\t<div class=\"elementor-column elementor-col-33 elementor-inner-column elementor-element elementor-element-4665eda\" data-id=\"4665eda\" data-element_type=\"column\">\n\t\t\t<div class=\"elementor-widget-wrap elementor-element-populated\">\n\t\t\t\t\t\t<div class=\"elementor-element elementor-element-218dc08 elementor-widget elementor-widget-heading\" data-id=\"218dc08\" data-element_type=\"widget\" data-widget_type=\"heading.default\">\n\t\t\t\t<div class=\"elementor-widget-container\">\n\t\t\t\t\t<h3 class=\"elementor-heading-title elementor-size-default\">Get In Touch:<\/h3>\t\t\t\t<\/div>\n\t\t\t\t<\/div>\n\t\t\t\t<div class=\"elementor-element elementor-element-622f7bc elementor-widget__width-auto elementor-view-default elementor-widget elementor-widget-icon\" data-id=\"622f7bc\" data-element_type=\"widget\" data-widget_type=\"icon.default\">\n\t\t\t\t<div class=\"elementor-widget-container\">\n\t\t\t\t\t\t\t<div class=\"elementor-icon-wrapper\">\n\t\t\t<a class=\"elementor-icon\" href=\"#\">\n\t\t\t<i aria-hidden=\"true\" class=\"fab fa-facebook-f\"><\/i>\t\t\t<\/a>\n\t\t<\/div>\n\t\t\t\t\t\t<\/div>\n\t\t\t\t<\/div>\n\t\t\t\t<div class=\"elementor-element elementor-element-71ad8e5 elementor-widget__width-auto elementor-view-default elementor-widget elementor-widget-icon\" data-id=\"71ad8e5\" data-element_type=\"widget\" data-widget_type=\"icon.default\">\n\t\t\t\t<div class=\"elementor-widget-container\">\n\t\t\t\t\t\t\t<div class=\"elementor-icon-wrapper\">\n\t\t\t<a class=\"elementor-icon\" href=\"#\">\n\t\t\t<i aria-hidden=\"true\" class=\"fab fa-twitter\"><\/i>\t\t\t<\/a>\n\t\t<\/div>\n\t\t\t\t\t\t<\/div>\n\t\t\t\t<\/div>\n\t\t\t\t<div class=\"elementor-element elementor-element-753c842 elementor-widget__width-auto elementor-view-default elementor-widget elementor-widget-icon\" data-id=\"753c842\" data-element_type=\"widget\" data-widget_type=\"icon.default\">\n\t\t\t\t<div class=\"elementor-widget-container\">\n\t\t\t\t\t\t\t<div class=\"elementor-icon-wrapper\">\n\t\t\t<a class=\"elementor-icon\" href=\"#\">\n\t\t\t<i aria-hidden=\"true\" class=\"fab fa-linkedin\"><\/i>\t\t\t<\/a>\n\t\t<\/div>\n\t\t\t\t\t\t<\/div>\n\t\t\t\t<\/div>\n\t\t\t\t<div class=\"elementor-element elementor-element-52d8e8f elementor-widget__width-auto elementor-view-default elementor-widget elementor-widget-icon\" data-id=\"52d8e8f\" data-element_type=\"widget\" data-widget_type=\"icon.default\">\n\t\t\t\t<div class=\"elementor-widget-container\">\n\t\t\t\t\t\t\t<div class=\"elementor-icon-wrapper\">\n\t\t\t<a class=\"elementor-icon\" href=\"#\">\n\t\t\t<i aria-hidden=\"true\" class=\"fab fa-instagram\"><\/i>\t\t\t<\/a>\n\t\t<\/div>\n\t\t\t\t\t\t<\/div>\n\t\t\t\t<\/div>\n\t\t\t\t\t<\/div>\n\t\t<\/div>\n\t\t\t\t\t<\/div>\n\t\t<\/section>\n\t\t\t\t<div class=\"elementor-element elementor-element-7f2d92b elementor-widget-mobile__width-inherit elementor-widget elementor-widget-text-editor\" data-id=\"7f2d92b\" data-element_type=\"widget\" data-widget_type=\"text-editor.default\">\n\t\t\t\t<div class=\"elementor-widget-container\">\n\t\t\t\t\t\t\t\t\t<p>Its fields can be divided into theoretical and practical disciplines. For example, the theory of computation concerns abstract models of computation and general classes of problems that can be solved using them.<\/p>\t\t\t\t\t\t\t\t<\/div>\n\t\t\t\t<\/div>\n\t\t\t\t\t<\/div>\n\t\t<\/div>\n\t\t\t\t\t<\/div>\n\t\t<\/section>\n\t\t\t\t<section class=\"elementor-section elementor-top-section elementor-element elementor-element-0cc76d6 elementor-section-boxed elementor-section-height-default elementor-section-height-default\" data-id=\"0cc76d6\" data-element_type=\"section\">\n\t\t\t\t\t\t<div class=\"elementor-container elementor-column-gap-default\">\n\t\t\t\t\t<div class=\"elementor-column elementor-col-100 elementor-top-column elementor-element elementor-element-e95d718\" data-id=\"e95d718\" data-element_type=\"column\">\n\t\t\t<div class=\"elementor-widget-wrap elementor-element-populated\">\n\t\t\t\t\t\t<div class=\"elementor-element elementor-element-046edc7 elementor-widget elementor-widget-heading\" data-id=\"046edc7\" data-element_type=\"widget\" data-widget_type=\"heading.default\">\n\t\t\t\t<div class=\"elementor-widget-container\">\n\t\t\t\t\t<h2 class=\"elementor-heading-title elementor-size-default\">More About Lindsey<\/h2>\t\t\t\t<\/div>\n\t\t\t\t<\/div>\n\t\t\t\t<div class=\"elementor-element elementor-element-e248eb9 elementor-widget elementor-widget-text-editor\" data-id=\"e248eb9\" data-element_type=\"widget\" data-widget_type=\"text-editor.default\">\n\t\t\t\t<div class=\"elementor-widget-container\">\n\t\t\t\t\t\t\t\t\t<p>Programming language theory considers approaches to the description of computational processes, while computer programming involves the use of them to create complex systems. Computer architecture describes the construction of computer components and computer-operated equipment. Artificial intelligence aims to synthesize goal-orientated processes such as problem-solving, decision-making, environmental adaptation, planning, and learning found in humans and animals. A digital computer is capable of simulating various information processes.<\/p>\t\t\t\t\t\t\t\t<\/div>\n\t\t\t\t<\/div>\n\t\t\t\t\t<\/div>\n\t\t<\/div>\n\t\t\t\t\t<\/div>\n\t\t<\/section>\n\t\t\t\t<section class=\"elementor-section elementor-top-section elementor-element elementor-element-d48209d elementor-section-boxed elementor-section-height-default elementor-section-height-default elementor-invisible\" data-id=\"d48209d\" data-element_type=\"section\" data-settings=\"{&quot;animation&quot;:&quot;fadeIn&quot;}\">\n\t\t\t\t\t\t<div class=\"elementor-container elementor-column-gap-default\">\n\t\t\t\t\t<div class=\"elementor-column elementor-col-100 elementor-top-column elementor-element elementor-element-57f38f2\" data-id=\"57f38f2\" data-element_type=\"column\">\n\t\t\t<div class=\"elementor-widget-wrap elementor-element-populated\">\n\t\t\t\t\t\t<section class=\"elementor-section elementor-inner-section elementor-element elementor-element-108c892 elementor-section-content-middle elementor-section-boxed elementor-section-height-default elementor-section-height-default elementor-invisible\" data-id=\"108c892\" data-element_type=\"section\" data-settings=\"{&quot;background_background&quot;:&quot;classic&quot;,&quot;animation&quot;:&quot;fadeIn&quot;}\">\n\t\t\t\t\t\t\t<div class=\"elementor-background-overlay\"><\/div>\n\t\t\t\t\t\t\t<div class=\"elementor-container elementor-column-gap-default\">\n\t\t\t\t\t<div class=\"elementor-column elementor-col-50 elementor-inner-column elementor-element elementor-element-dc0edd1\" data-id=\"dc0edd1\" data-element_type=\"column\">\n\t\t\t<div class=\"elementor-widget-wrap elementor-element-populated\">\n\t\t\t\t\t\t<div class=\"elementor-element elementor-element-4d961db elementor-widget elementor-widget-image\" data-id=\"4d961db\" data-element_type=\"widget\" data-widget_type=\"image.default\">\n\t\t\t\t<div class=\"elementor-widget-container\">\n\t\t\t\t\t\t\t\t\t\t\t\t\t\t\t<img decoding=\"async\" width=\"236\" height=\"270\" src=\"https:\/\/tepeyac.edu.mx\/Universidad\/wp-content\/uploads\/2022\/11\/banner-img-2.png\" class=\"attachment-large size-large wp-image-7267\" alt=\"\" \/>\t\t\t\t\t\t\t\t\t\t\t\t\t\t\t<\/div>\n\t\t\t\t<\/div>\n\t\t\t\t\t<\/div>\n\t\t<\/div>\n\t\t\t\t<div class=\"elementor-column elementor-col-50 elementor-inner-column elementor-element elementor-element-5cd4719\" data-id=\"5cd4719\" data-element_type=\"column\">\n\t\t\t<div class=\"elementor-widget-wrap elementor-element-populated\">\n\t\t\t\t\t\t<div class=\"elementor-element elementor-element-2b24b47 elementor-widget elementor-widget-heading\" data-id=\"2b24b47\" data-element_type=\"widget\" data-widget_type=\"heading.default\">\n\t\t\t\t<div class=\"elementor-widget-container\">\n\t\t\t\t\t<h2 class=\"elementor-heading-title elementor-size-default\">Shape your future today!<\/h2>\t\t\t\t<\/div>\n\t\t\t\t<\/div>\n\t\t\t\t<div class=\"elementor-element elementor-element-242246a elementor-widget-mobile__width-inherit elementor-widget elementor-widget-text-editor\" data-id=\"242246a\" data-element_type=\"widget\" data-widget_type=\"text-editor.default\">\n\t\t\t\t<div class=\"elementor-widget-container\">\n\t\t\t\t\t\t\t\t\t<p>Education is the most powerful weapon for changing the world. It is not about a title or an arts designation to be a leader.<\/p>\t\t\t\t\t\t\t\t<\/div>\n\t\t\t\t<\/div>\n\t\t\t\t<div class=\"elementor-element elementor-element-c052039 elementor-align-left elementor-mobile-align-center elementor-widget elementor-widget-button\" data-id=\"c052039\" data-element_type=\"widget\" data-widget_type=\"button.default\">\n\t\t\t\t<div class=\"elementor-widget-container\">\n\t\t\t\t\t\t\t\t\t<div class=\"elementor-button-wrapper\">\n\t\t\t\t\t<a class=\"elementor-button elementor-button-link elementor-size-sm\" href=\"https:\/\/rarathemesdemo.com\/education-zone-pro-5\/about-us\/\">\n\t\t\t\t\t\t<span class=\"elementor-button-content-wrapper\">\n\t\t\t\t\t\t<span class=\"elementor-button-icon\">\n\t\t\t\t\t\t\t<\/span>\n\t\t\t\t\t\t\t\t\t<span class=\"elementor-button-text\">Learn More<\/span>\n\t\t\t\t\t<\/span>\n\t\t\t\t\t<\/a>\n\t\t\t\t<\/div>\n\t\t\t\t\t\t\t\t<\/div>\n\t\t\t\t<\/div>\n\t\t\t\t\t<\/div>\n\t\t<\/div>\n\t\t\t\t\t<\/div>\n\t\t<\/section>\n\t\t\t\t\t<\/div>\n\t\t<\/div>\n\t\t\t\t\t<\/div>\n\t\t<\/section>\n\t\t\t\t<section class=\"elementor-section elementor-top-section elementor-element elementor-element-cd5824a elementor-section-boxed elementor-section-height-default elementor-section-height-default\" data-id=\"cd5824a\" data-element_type=\"section\" data-settings=\"{&quot;background_background&quot;:&quot;classic&quot;}\">\n\t\t\t\t\t\t<div class=\"elementor-container elementor-column-gap-default\">\n\t\t\t\t\t<div class=\"elementor-column elementor-col-100 elementor-top-column elementor-element elementor-element-c98572b\" data-id=\"c98572b\" data-element_type=\"column\">\n\t\t\t<div class=\"elementor-widget-wrap\">\n\t\t\t\t\t\t\t<\/div>\n\t\t<\/div>\n\t\t\t\t\t<\/div>\n\t\t<\/section>\n\t\t\t\t<\/div>\n\t\t","protected":false},"excerpt":{"rendered":"","protected":false},"author":1,"featured_media":0,"parent":0,"menu_order":0,"comment_status":"closed","ping_status":"closed","template":"elementor_header_footer","meta":{"content-type":"","_joinchat":[],"footnotes":""},"class_list":["post-6137","page","type-page","status-publish","hentry","latest_post"],"yoast_head":"<!-- This site is optimized with the Yoast SEO plugin v27.4 - https:\/\/yoast.com\/product\/yoast-seo-wordpress\/ -->\n<title>Our Teacher - Universidad del Tepeyac<\/title>\n<meta name=\"robots\" content=\"index, follow, max-snippet:-1, max-image-preview:large, max-video-preview:-1\" \/>\n<link rel=\"canonical\" href=\"https:\/\/tepeyac.edu.mx\/Universidad\/our-teacher\/\" \/>\n<meta property=\"og:locale\" content=\"es_ES\" \/>\n<meta property=\"og:type\" content=\"article\" \/>\n<meta property=\"og:title\" content=\"Our Teacher - Universidad del Tepeyac\" \/>\n<meta property=\"og:url\" content=\"https:\/\/tepeyac.edu.mx\/Universidad\/our-teacher\/\" \/>\n<meta property=\"og:site_name\" content=\"Universidad del Tepeyac\" \/>\n<meta property=\"article:publisher\" content=\"https:\/\/www.facebook.com\/Unitepeyac.oficial\" \/>\n<meta property=\"og:image\" content=\"https:\/\/tepeyac.edu.mx\/Universidad\/wp-content\/uploads\/2023\/09\/cropped-LOGO-SOLO.png\" \/>\n\t<meta property=\"og:image:width\" content=\"512\" \/>\n\t<meta property=\"og:image:height\" content=\"512\" \/>\n\t<meta property=\"og:image:type\" content=\"image\/png\" \/>\n<meta name=\"twitter:card\" content=\"summary_large_image\" \/>\n<script type=\"application\/ld+json\" class=\"yoast-schema-graph\">{\"@context\":\"https:\\\/\\\/schema.org\",\"@graph\":[{\"@type\":\"WebPage\",\"@id\":\"https:\\\/\\\/tepeyac.edu.mx\\\/Universidad\\\/our-teacher\\\/\",\"url\":\"https:\\\/\\\/tepeyac.edu.mx\\\/Universidad\\\/our-teacher\\\/\",\"name\":\"Our Teacher - Universidad del Tepeyac\",\"isPartOf\":{\"@id\":\"https:\\\/\\\/tepeyac.edu.mx\\\/Universidad\\\/#website\"},\"datePublished\":\"2022-10-20T09:06:12+00:00\",\"breadcrumb\":{\"@id\":\"https:\\\/\\\/tepeyac.edu.mx\\\/Universidad\\\/our-teacher\\\/#breadcrumb\"},\"inLanguage\":\"es\",\"potentialAction\":[{\"@type\":\"ReadAction\",\"target\":[\"https:\\\/\\\/tepeyac.edu.mx\\\/Universidad\\\/our-teacher\\\/\"]}]},{\"@type\":\"BreadcrumbList\",\"@id\":\"https:\\\/\\\/tepeyac.edu.mx\\\/Universidad\\\/our-teacher\\\/#breadcrumb\",\"itemListElement\":[{\"@type\":\"ListItem\",\"position\":1,\"name\":\"Portada\",\"item\":\"https:\\\/\\\/tepeyac.edu.mx\\\/Universidad\\\/\"},{\"@type\":\"ListItem\",\"position\":2,\"name\":\"Our Teacher\"}]},{\"@type\":\"WebSite\",\"@id\":\"https:\\\/\\\/tepeyac.edu.mx\\\/Universidad\\\/#website\",\"url\":\"https:\\\/\\\/tepeyac.edu.mx\\\/Universidad\\\/\",\"name\":\"https:\\\/\\\/tepeyac.edu.mx\\\/Universidad\\\/\",\"description\":\"La calidad acad\u00e9mica y el compromiso con la excelencia han llevado a la Universidad del Tepeyac desde hace 48 a\u00f1os  a ser reconocida como una de las Universidades m\u00e1s destacadas de la Ciudad de M\u00e9xico.\",\"publisher\":{\"@id\":\"https:\\\/\\\/tepeyac.edu.mx\\\/Universidad\\\/#organization\"},\"alternateName\":\"Universidad del Tepeyac\",\"potentialAction\":[{\"@type\":\"SearchAction\",\"target\":{\"@type\":\"EntryPoint\",\"urlTemplate\":\"https:\\\/\\\/tepeyac.edu.mx\\\/Universidad\\\/?s={search_term_string}\"},\"query-input\":{\"@type\":\"PropertyValueSpecification\",\"valueRequired\":true,\"valueName\":\"search_term_string\"}}],\"inLanguage\":\"es\"},{\"@type\":\"Organization\",\"@id\":\"https:\\\/\\\/tepeyac.edu.mx\\\/Universidad\\\/#organization\",\"name\":\"https:\\\/\\\/tepeyac.edu.mx\\\/Universidad\\\/\",\"url\":\"https:\\\/\\\/tepeyac.edu.mx\\\/Universidad\\\/\",\"logo\":{\"@type\":\"ImageObject\",\"inLanguage\":\"es\",\"@id\":\"https:\\\/\\\/tepeyac.edu.mx\\\/Universidad\\\/#\\\/schema\\\/logo\\\/image\\\/\",\"url\":\"https:\\\/\\\/tepeyac.edu.mx\\\/Universidad\\\/wp-content\\\/uploads\\\/2023\\\/09\\\/cropped-LOGO-UNIVERSIDAD-DEL-TEPEYAC-PK-1.png\",\"contentUrl\":\"https:\\\/\\\/tepeyac.edu.mx\\\/Universidad\\\/wp-content\\\/uploads\\\/2023\\\/09\\\/cropped-LOGO-UNIVERSIDAD-DEL-TEPEYAC-PK-1.png\",\"width\":200,\"height\":50,\"caption\":\"https:\\\/\\\/tepeyac.edu.mx\\\/Universidad\\\/\"},\"image\":{\"@id\":\"https:\\\/\\\/tepeyac.edu.mx\\\/Universidad\\\/#\\\/schema\\\/logo\\\/image\\\/\"},\"sameAs\":[\"https:\\\/\\\/www.facebook.com\\\/Unitepeyac.oficial\",\"https:\\\/\\\/www.instagram.com\\\/unitepeyac\\\/\"]}]}<\/script>\n<!-- \/ Yoast SEO plugin. -->","yoast_head_json":{"title":"Our Teacher - Universidad del Tepeyac","robots":{"index":"index","follow":"follow","max-snippet":"max-snippet:-1","max-image-preview":"max-image-preview:large","max-video-preview":"max-video-preview:-1"},"canonical":"https:\/\/tepeyac.edu.mx\/Universidad\/our-teacher\/","og_locale":"es_ES","og_type":"article","og_title":"Our Teacher - Universidad del Tepeyac","og_url":"https:\/\/tepeyac.edu.mx\/Universidad\/our-teacher\/","og_site_name":"Universidad del Tepeyac","article_publisher":"https:\/\/www.facebook.com\/Unitepeyac.oficial","og_image":[{"width":512,"height":512,"url":"https:\/\/tepeyac.edu.mx\/Universidad\/wp-content\/uploads\/2023\/09\/cropped-LOGO-SOLO.png","type":"image\/png"}],"twitter_card":"summary_large_image","schema":{"@context":"https:\/\/schema.org","@graph":[{"@type":"WebPage","@id":"https:\/\/tepeyac.edu.mx\/Universidad\/our-teacher\/","url":"https:\/\/tepeyac.edu.mx\/Universidad\/our-teacher\/","name":"Our Teacher - Universidad del Tepeyac","isPartOf":{"@id":"https:\/\/tepeyac.edu.mx\/Universidad\/#website"},"datePublished":"2022-10-20T09:06:12+00:00","breadcrumb":{"@id":"https:\/\/tepeyac.edu.mx\/Universidad\/our-teacher\/#breadcrumb"},"inLanguage":"es","potentialAction":[{"@type":"ReadAction","target":["https:\/\/tepeyac.edu.mx\/Universidad\/our-teacher\/"]}]},{"@type":"BreadcrumbList","@id":"https:\/\/tepeyac.edu.mx\/Universidad\/our-teacher\/#breadcrumb","itemListElement":[{"@type":"ListItem","position":1,"name":"Portada","item":"https:\/\/tepeyac.edu.mx\/Universidad\/"},{"@type":"ListItem","position":2,"name":"Our Teacher"}]},{"@type":"WebSite","@id":"https:\/\/tepeyac.edu.mx\/Universidad\/#website","url":"https:\/\/tepeyac.edu.mx\/Universidad\/","name":"https:\/\/tepeyac.edu.mx\/Universidad\/","description":"La calidad acad\u00e9mica y el compromiso con la excelencia han llevado a la Universidad del Tepeyac desde hace 48 a\u00f1os  a ser reconocida como una de las Universidades m\u00e1s destacadas de la Ciudad de M\u00e9xico.","publisher":{"@id":"https:\/\/tepeyac.edu.mx\/Universidad\/#organization"},"alternateName":"Universidad del Tepeyac","potentialAction":[{"@type":"SearchAction","target":{"@type":"EntryPoint","urlTemplate":"https:\/\/tepeyac.edu.mx\/Universidad\/?s={search_term_string}"},"query-input":{"@type":"PropertyValueSpecification","valueRequired":true,"valueName":"search_term_string"}}],"inLanguage":"es"},{"@type":"Organization","@id":"https:\/\/tepeyac.edu.mx\/Universidad\/#organization","name":"https:\/\/tepeyac.edu.mx\/Universidad\/","url":"https:\/\/tepeyac.edu.mx\/Universidad\/","logo":{"@type":"ImageObject","inLanguage":"es","@id":"https:\/\/tepeyac.edu.mx\/Universidad\/#\/schema\/logo\/image\/","url":"https:\/\/tepeyac.edu.mx\/Universidad\/wp-content\/uploads\/2023\/09\/cropped-LOGO-UNIVERSIDAD-DEL-TEPEYAC-PK-1.png","contentUrl":"https:\/\/tepeyac.edu.mx\/Universidad\/wp-content\/uploads\/2023\/09\/cropped-LOGO-UNIVERSIDAD-DEL-TEPEYAC-PK-1.png","width":200,"height":50,"caption":"https:\/\/tepeyac.edu.mx\/Universidad\/"},"image":{"@id":"https:\/\/tepeyac.edu.mx\/Universidad\/#\/schema\/logo\/image\/"},"sameAs":["https:\/\/www.facebook.com\/Unitepeyac.oficial","https:\/\/www.instagram.com\/unitepeyac\/"]}]}},"_links":{"self":[{"href":"https:\/\/tepeyac.edu.mx\/Universidad\/wp-json\/wp\/v2\/pages\/6137","targetHints":{"allow":["GET"]}}],"collection":[{"href":"https:\/\/tepeyac.edu.mx\/Universidad\/wp-json\/wp\/v2\/pages"}],"about":[{"href":"https:\/\/tepeyac.edu.mx\/Universidad\/wp-json\/wp\/v2\/types\/page"}],"author":[{"embeddable":true,"href":"https:\/\/tepeyac.edu.mx\/Universidad\/wp-json\/wp\/v2\/users\/1"}],"replies":[{"embeddable":true,"href":"https:\/\/tepeyac.edu.mx\/Universidad\/wp-json\/wp\/v2\/comments?post=6137"}],"version-history":[{"count":0,"href":"https:\/\/tepeyac.edu.mx\/Universidad\/wp-json\/wp\/v2\/pages\/6137\/revisions"}],"wp:attachment":[{"href":"https:\/\/tepeyac.edu.mx\/Universidad\/wp-json\/wp\/v2\/media?parent=6137"}],"curies":[{"name":"wp","href":"https:\/\/api.w.org\/{rel}","templated":true}]}}