{"id":8330,"date":"2023-09-02T01:09:59","date_gmt":"2023-09-02T01:09:59","guid":{"rendered":"https:\/\/tepeyac.edu.mx\/Universidad\/?page_id=8330"},"modified":"2024-09-24T18:49:30","modified_gmt":"2024-09-24T18:49:30","slug":"modelo-educativo","status":"publish","type":"page","link":"https:\/\/tepeyac.edu.mx\/Universidad\/modelo-educativo\/","title":{"rendered":"Modelo Educativo"},"content":{"rendered":"\t\t<div data-elementor-type=\"wp-page\" data-elementor-id=\"8330\" class=\"elementor elementor-8330\">\n\t\t\t\t\t\t<section class=\"elementor-section elementor-top-section elementor-element elementor-element-c6fa9d5 bg-secondary-color-opacity-5 elementor-section-boxed elementor-section-height-default elementor-section-height-default\" data-id=\"c6fa9d5\" data-element_type=\"section\" data-e-type=\"section\" data-settings=\"{&quot;background_background&quot;:&quot;classic&quot;}\">\n\t\t\t\t\t\t<div class=\"elementor-container elementor-column-gap-default\">\n\t\t\t\t\t<div class=\"elementor-column elementor-col-100 elementor-top-column elementor-element elementor-element-b3e113e\" data-id=\"b3e113e\" data-element_type=\"column\" data-e-type=\"column\">\n\t\t\t<div class=\"elementor-widget-wrap elementor-element-populated\">\n\t\t\t\t\t\t<div class=\"elementor-element elementor-element-2903d2b bg-prrimary-color-opacity-5 elementor-widget elementor-widget-heading\" data-id=\"2903d2b\" data-element_type=\"widget\" data-e-type=\"widget\" data-widget_type=\"heading.default\">\n\t\t\t\t<div class=\"elementor-widget-container\">\n\t\t\t\t\t<h1 class=\"elementor-heading-title elementor-size-default\">Nuestro Curriculum <\/h1>\t\t\t\t<\/div>\n\t\t\t\t<\/div>\n\t\t\t\t\t<\/div>\n\t\t<\/div>\n\t\t\t\t\t<\/div>\n\t\t<\/section>\n\t\t\t\t<section class=\"elementor-section elementor-top-section elementor-element elementor-element-fcefdd9 elementor-section-boxed elementor-section-height-default elementor-section-height-default\" data-id=\"fcefdd9\" data-element_type=\"section\" data-e-type=\"section\">\n\t\t\t\t\t\t<div class=\"elementor-container elementor-column-gap-default\">\n\t\t\t\t\t<div class=\"elementor-column elementor-col-50 elementor-top-column elementor-element elementor-element-b711011\" data-id=\"b711011\" data-element_type=\"column\" data-e-type=\"column\">\n\t\t\t<div class=\"elementor-widget-wrap elementor-element-populated\">\n\t\t\t\t\t\t<div class=\"elementor-element elementor-element-ac90e32 elementor-widget elementor-widget-heading\" data-id=\"ac90e32\" data-element_type=\"widget\" data-e-type=\"widget\" data-widget_type=\"heading.default\">\n\t\t\t\t<div class=\"elementor-widget-container\">\n\t\t\t\t\t<h2 class=\"elementor-heading-title elementor-size-default\">Modelo H\u00edbrido<\/h2>\t\t\t\t<\/div>\n\t\t\t\t<\/div>\n\t\t\t\t<div class=\"elementor-element elementor-element-8d0c012 elementor-widget elementor-widget-text-editor\" data-id=\"8d0c012\" data-element_type=\"widget\" data-e-type=\"widget\" data-widget_type=\"text-editor.default\">\n\t\t\t\t<div class=\"elementor-widget-container\">\n\t\t\t\t\t\t\t\t\t<p>La Universidad del Tepeyac cuenta con un Modelo Educativo en el cual se han integrado las Tecnolog\u00edas de la Informaci\u00f3n y la Comunicaci\u00f3n para mantenerlo a la vanguardia.\u00a0<\/p><p>Esta incorporaci\u00f3n est\u00e1 a cargo del \u00e1rea denominada Modelo Virtual.<\/p><p>La incorporaci\u00f3n de las nuevas tecnolog\u00edas se lleva a cabo a partir de la incorporaci\u00f3n de una Plataforma Virtual de Aprendizaje (PVA) a trav\u00e9s de la cual se busca potenciar el aprendizaje de los estudiantes tanto de licenciatura como de posgrado.<\/p>\t\t\t\t\t\t\t\t<\/div>\n\t\t\t\t<\/div>\n\t\t\t\t\t<\/div>\n\t\t<\/div>\n\t\t\t\t<div class=\"elementor-column elementor-col-50 elementor-top-column elementor-element elementor-element-ad7b7d3\" data-id=\"ad7b7d3\" data-element_type=\"column\" data-e-type=\"column\">\n\t\t\t<div class=\"elementor-widget-wrap elementor-element-populated\">\n\t\t\t\t\t\t<div class=\"elementor-element elementor-element-ef1075d elementor-widget__width-initial elementor-widget elementor-widget-image\" data-id=\"ef1075d\" data-element_type=\"widget\" data-e-type=\"widget\" data-widget_type=\"image.default\">\n\t\t\t\t<div class=\"elementor-widget-container\">\n\t\t\t\t\t\t\t\t\t\t\t\t\t\t\t<img fetchpriority=\"high\" decoding=\"async\" width=\"750\" height=\"629\" src=\"https:\/\/tepeyac.edu.mx\/Universidad\/wp-content\/uploads\/2024\/09\/4.png\" class=\"attachment-large size-large wp-image-9352\" alt=\"\" srcset=\"https:\/\/tepeyac.edu.mx\/Universidad\/wp-content\/uploads\/2024\/09\/4.png 940w, https:\/\/tepeyac.edu.mx\/Universidad\/wp-content\/uploads\/2024\/09\/4-300x251.png 300w, https:\/\/tepeyac.edu.mx\/Universidad\/wp-content\/uploads\/2024\/09\/4-768x644.png 768w\" sizes=\"(max-width: 750px) 100vw, 750px\" \/>\t\t\t\t\t\t\t\t\t\t\t\t\t\t\t<\/div>\n\t\t\t\t<\/div>\n\t\t\t\t\t<\/div>\n\t\t<\/div>\n\t\t\t\t\t<\/div>\n\t\t<\/section>\n\t\t\t\t<section class=\"elementor-section elementor-top-section elementor-element elementor-element-90a40dc elementor-section-boxed elementor-section-height-default elementor-section-height-default\" data-id=\"90a40dc\" data-element_type=\"section\" data-e-type=\"section\">\n\t\t\t\t\t\t<div class=\"elementor-container elementor-column-gap-default\">\n\t\t\t\t\t<div class=\"elementor-column elementor-col-50 elementor-top-column elementor-element elementor-element-e652850\" data-id=\"e652850\" data-element_type=\"column\" data-e-type=\"column\">\n\t\t\t<div class=\"elementor-widget-wrap elementor-element-populated\">\n\t\t\t\t\t\t<div class=\"elementor-element elementor-element-7ecd12c elementor-widget elementor-widget-image\" data-id=\"7ecd12c\" data-element_type=\"widget\" data-e-type=\"widget\" data-widget_type=\"image.default\">\n\t\t\t\t<div class=\"elementor-widget-container\">\n\t\t\t\t\t\t\t\t\t\t\t\t\t\t\t<img decoding=\"async\" width=\"750\" height=\"401\" src=\"https:\/\/tepeyac.edu.mx\/Universidad\/wp-content\/uploads\/2024\/09\/modelo-educativo-1024x547.jpg\" class=\"attachment-large size-large wp-image-9682\" alt=\"\" srcset=\"https:\/\/tepeyac.edu.mx\/Universidad\/wp-content\/uploads\/2024\/09\/modelo-educativo-1024x547.jpg 1024w, https:\/\/tepeyac.edu.mx\/Universidad\/wp-content\/uploads\/2024\/09\/modelo-educativo-300x160.jpg 300w, https:\/\/tepeyac.edu.mx\/Universidad\/wp-content\/uploads\/2024\/09\/modelo-educativo-768x410.jpg 768w, https:\/\/tepeyac.edu.mx\/Universidad\/wp-content\/uploads\/2024\/09\/modelo-educativo.jpg 1140w\" sizes=\"(max-width: 750px) 100vw, 750px\" \/>\t\t\t\t\t\t\t\t\t\t\t\t\t\t\t<\/div>\n\t\t\t\t<\/div>\n\t\t\t\t\t<\/div>\n\t\t<\/div>\n\t\t\t\t<div class=\"elementor-column elementor-col-50 elementor-top-column elementor-element elementor-element-0a2d322\" data-id=\"0a2d322\" data-element_type=\"column\" data-e-type=\"column\">\n\t\t\t<div class=\"elementor-widget-wrap elementor-element-populated\">\n\t\t\t\t\t\t<div class=\"elementor-element elementor-element-a851235 elementor-widget elementor-widget-heading\" data-id=\"a851235\" data-element_type=\"widget\" data-e-type=\"widget\" data-widget_type=\"heading.default\">\n\t\t\t\t<div class=\"elementor-widget-container\">\n\t\t\t\t\t<h2 class=\"elementor-heading-title elementor-size-default\">Modelo Educativo<\/h2>\t\t\t\t<\/div>\n\t\t\t\t<\/div>\n\t\t\t\t<div class=\"elementor-element elementor-element-4bf76dd elementor-widget elementor-widget-text-editor\" data-id=\"4bf76dd\" data-element_type=\"widget\" data-e-type=\"widget\" data-widget_type=\"text-editor.default\">\n\t\t\t\t<div class=\"elementor-widget-container\">\n\t\t\t\t\t\t\t\t\t<p>El Modelo Educativo de la Universidad del Tepeyac representa un dispositivo que orienta y define las pr\u00e1cticas de intervenci\u00f3n pedag\u00f3gica en el contexto espec\u00edfico de formaci\u00f3n de la Educaci\u00f3n Superior. Es a trav\u00e9s de \u00e9ste que se operacionalizan los principios de nuestra filosof\u00eda y se ajustan los elementos acad\u00e9micos y administrativos a la naturaleza principalmente educativa del quehacer institucional. Nuestro Modelo Educativo hace evidente la concepci\u00f3n de sociedad que tenemos,\u00a0 as\u00ed como el tipo de hombre que queremos formar y\u00a0 la manera en que pretendemos lograrlo.<\/p>\t\t\t\t\t\t\t\t<\/div>\n\t\t\t\t<\/div>\n\t\t\t\t\t<\/div>\n\t\t<\/div>\n\t\t\t\t\t<\/div>\n\t\t<\/section>\n\t\t\t\t<section class=\"elementor-section elementor-top-section elementor-element elementor-element-277493b elementor-section-boxed elementor-section-height-default elementor-section-height-default\" data-id=\"277493b\" data-element_type=\"section\" data-e-type=\"section\">\n\t\t\t\t\t\t<div class=\"elementor-container elementor-column-gap-default\">\n\t\t\t\t\t<div class=\"elementor-column elementor-col-100 elementor-top-column elementor-element elementor-element-e6691ff\" data-id=\"e6691ff\" data-element_type=\"column\" data-e-type=\"column\">\n\t\t\t<div class=\"elementor-widget-wrap elementor-element-populated\">\n\t\t\t\t\t\t<div class=\"elementor-element elementor-element-6047054 elementor-widget elementor-widget-image\" data-id=\"6047054\" data-element_type=\"widget\" data-e-type=\"widget\" data-widget_type=\"image.default\">\n\t\t\t\t<div class=\"elementor-widget-container\">\n\t\t\t\t\t\t\t\t\t\t\t\t\t\t\t<img decoding=\"async\" width=\"750\" height=\"403\" src=\"https:\/\/tepeyac.edu.mx\/Universidad\/wp-content\/uploads\/2023\/09\/Modelo-Educativo-.png\" class=\"attachment-large size-large wp-image-8333\" alt=\"\" srcset=\"https:\/\/tepeyac.edu.mx\/Universidad\/wp-content\/uploads\/2023\/09\/Modelo-Educativo-.png 916w, https:\/\/tepeyac.edu.mx\/Universidad\/wp-content\/uploads\/2023\/09\/Modelo-Educativo--300x161.png 300w, https:\/\/tepeyac.edu.mx\/Universidad\/wp-content\/uploads\/2023\/09\/Modelo-Educativo--768x413.png 768w\" sizes=\"(max-width: 750px) 100vw, 750px\" \/>\t\t\t\t\t\t\t\t\t\t\t\t\t\t\t<\/div>\n\t\t\t\t<\/div>\n\t\t\t\t\t<\/div>\n\t\t<\/div>\n\t\t\t\t\t<\/div>\n\t\t<\/section>\n\t\t\t\t<\/div>\n\t\t","protected":false},"excerpt":{"rendered":"<p>Nuestro Curriculum Modelo H\u00edbrido La Universidad del Tepeyac cuenta con un Modelo Educativo en el cual se han integrado las &hellip; <\/p>\n","protected":false},"author":1,"featured_media":0,"parent":0,"menu_order":0,"comment_status":"closed","ping_status":"closed","template":"elementor_header_footer","meta":{"content-type":"","_joinchat":[],"footnotes":""},"class_list":["post-8330","page","type-page","status-publish","hentry","latest_post"],"yoast_head":"<!-- This site is optimized with the Yoast SEO plugin v27.5 - https:\/\/yoast.com\/product\/yoast-seo-wordpress\/ -->\n<title>Modelo Educativo - Universidad del Tepeyac<\/title>\n<meta name=\"robots\" content=\"index, follow, max-snippet:-1, max-image-preview:large, max-video-preview:-1\" \/>\n<link rel=\"canonical\" href=\"https:\/\/tepeyac.edu.mx\/Universidad\/modelo-educativo\/\" \/>\n<meta property=\"og:locale\" content=\"es_ES\" \/>\n<meta property=\"og:type\" content=\"article\" \/>\n<meta property=\"og:title\" content=\"Modelo Educativo - Universidad del Tepeyac\" \/>\n<meta property=\"og:description\" content=\"Nuestro Curriculum Modelo H\u00edbrido La Universidad del Tepeyac cuenta con un Modelo Educativo en el cual se han integrado las &hellip;\" \/>\n<meta property=\"og:url\" content=\"https:\/\/tepeyac.edu.mx\/Universidad\/modelo-educativo\/\" \/>\n<meta property=\"og:site_name\" content=\"Universidad del Tepeyac\" \/>\n<meta property=\"article:publisher\" content=\"https:\/\/www.facebook.com\/Unitepeyac.oficial\" \/>\n<meta property=\"article:modified_time\" content=\"2024-09-24T18:49:30+00:00\" \/>\n<meta property=\"og:image\" content=\"https:\/\/tepeyac.edu.mx\/Universidad\/wp-content\/uploads\/2024\/09\/4.png\" \/>\n<meta name=\"twitter:card\" content=\"summary_large_image\" \/>\n<meta name=\"twitter:label1\" content=\"Tiempo de lectura\" \/>\n\t<meta name=\"twitter:data1\" content=\"2 minutos\" \/>\n<script type=\"application\/ld+json\" class=\"yoast-schema-graph\">{\"@context\":\"https:\\\/\\\/schema.org\",\"@graph\":[{\"@type\":\"WebPage\",\"@id\":\"https:\\\/\\\/tepeyac.edu.mx\\\/Universidad\\\/modelo-educativo\\\/\",\"url\":\"https:\\\/\\\/tepeyac.edu.mx\\\/Universidad\\\/modelo-educativo\\\/\",\"name\":\"Modelo Educativo - Universidad del Tepeyac\",\"isPartOf\":{\"@id\":\"https:\\\/\\\/tepeyac.edu.mx\\\/Universidad\\\/#website\"},\"primaryImageOfPage\":{\"@id\":\"https:\\\/\\\/tepeyac.edu.mx\\\/Universidad\\\/modelo-educativo\\\/#primaryimage\"},\"image\":{\"@id\":\"https:\\\/\\\/tepeyac.edu.mx\\\/Universidad\\\/modelo-educativo\\\/#primaryimage\"},\"thumbnailUrl\":\"https:\\\/\\\/tepeyac.edu.mx\\\/Universidad\\\/wp-content\\\/uploads\\\/2024\\\/09\\\/4.png\",\"datePublished\":\"2023-09-02T01:09:59+00:00\",\"dateModified\":\"2024-09-24T18:49:30+00:00\",\"breadcrumb\":{\"@id\":\"https:\\\/\\\/tepeyac.edu.mx\\\/Universidad\\\/modelo-educativo\\\/#breadcrumb\"},\"inLanguage\":\"es\",\"potentialAction\":[{\"@type\":\"ReadAction\",\"target\":[\"https:\\\/\\\/tepeyac.edu.mx\\\/Universidad\\\/modelo-educativo\\\/\"]}]},{\"@type\":\"ImageObject\",\"inLanguage\":\"es\",\"@id\":\"https:\\\/\\\/tepeyac.edu.mx\\\/Universidad\\\/modelo-educativo\\\/#primaryimage\",\"url\":\"https:\\\/\\\/tepeyac.edu.mx\\\/Universidad\\\/wp-content\\\/uploads\\\/2024\\\/09\\\/4.png\",\"contentUrl\":\"https:\\\/\\\/tepeyac.edu.mx\\\/Universidad\\\/wp-content\\\/uploads\\\/2024\\\/09\\\/4.png\",\"width\":940,\"height\":788},{\"@type\":\"BreadcrumbList\",\"@id\":\"https:\\\/\\\/tepeyac.edu.mx\\\/Universidad\\\/modelo-educativo\\\/#breadcrumb\",\"itemListElement\":[{\"@type\":\"ListItem\",\"position\":1,\"name\":\"Portada\",\"item\":\"https:\\\/\\\/tepeyac.edu.mx\\\/Universidad\\\/\"},{\"@type\":\"ListItem\",\"position\":2,\"name\":\"Modelo Educativo\"}]},{\"@type\":\"WebSite\",\"@id\":\"https:\\\/\\\/tepeyac.edu.mx\\\/Universidad\\\/#website\",\"url\":\"https:\\\/\\\/tepeyac.edu.mx\\\/Universidad\\\/\",\"name\":\"https:\\\/\\\/tepeyac.edu.mx\\\/Universidad\\\/\",\"description\":\"La calidad acad\u00e9mica y el compromiso con la excelencia han llevado a la Universidad del Tepeyac desde hace 48 a\u00f1os  a ser reconocida como una de las Universidades m\u00e1s destacadas de la Ciudad de M\u00e9xico.\",\"publisher\":{\"@id\":\"https:\\\/\\\/tepeyac.edu.mx\\\/Universidad\\\/#organization\"},\"alternateName\":\"Universidad del Tepeyac\",\"potentialAction\":[{\"@type\":\"SearchAction\",\"target\":{\"@type\":\"EntryPoint\",\"urlTemplate\":\"https:\\\/\\\/tepeyac.edu.mx\\\/Universidad\\\/?s={search_term_string}\"},\"query-input\":{\"@type\":\"PropertyValueSpecification\",\"valueRequired\":true,\"valueName\":\"search_term_string\"}}],\"inLanguage\":\"es\"},{\"@type\":\"Organization\",\"@id\":\"https:\\\/\\\/tepeyac.edu.mx\\\/Universidad\\\/#organization\",\"name\":\"https:\\\/\\\/tepeyac.edu.mx\\\/Universidad\\\/\",\"url\":\"https:\\\/\\\/tepeyac.edu.mx\\\/Universidad\\\/\",\"logo\":{\"@type\":\"ImageObject\",\"inLanguage\":\"es\",\"@id\":\"https:\\\/\\\/tepeyac.edu.mx\\\/Universidad\\\/#\\\/schema\\\/logo\\\/image\\\/\",\"url\":\"https:\\\/\\\/tepeyac.edu.mx\\\/Universidad\\\/wp-content\\\/uploads\\\/2023\\\/09\\\/cropped-LOGO-UNIVERSIDAD-DEL-TEPEYAC-PK-1.png\",\"contentUrl\":\"https:\\\/\\\/tepeyac.edu.mx\\\/Universidad\\\/wp-content\\\/uploads\\\/2023\\\/09\\\/cropped-LOGO-UNIVERSIDAD-DEL-TEPEYAC-PK-1.png\",\"width\":200,\"height\":50,\"caption\":\"https:\\\/\\\/tepeyac.edu.mx\\\/Universidad\\\/\"},\"image\":{\"@id\":\"https:\\\/\\\/tepeyac.edu.mx\\\/Universidad\\\/#\\\/schema\\\/logo\\\/image\\\/\"},\"sameAs\":[\"https:\\\/\\\/www.facebook.com\\\/Unitepeyac.oficial\",\"https:\\\/\\\/www.instagram.com\\\/unitepeyac\\\/\"]}]}<\/script>\n<!-- \/ Yoast SEO plugin. -->","yoast_head_json":{"title":"Modelo Educativo - Universidad del Tepeyac","robots":{"index":"index","follow":"follow","max-snippet":"max-snippet:-1","max-image-preview":"max-image-preview:large","max-video-preview":"max-video-preview:-1"},"canonical":"https:\/\/tepeyac.edu.mx\/Universidad\/modelo-educativo\/","og_locale":"es_ES","og_type":"article","og_title":"Modelo Educativo - Universidad del Tepeyac","og_description":"Nuestro Curriculum Modelo H\u00edbrido La Universidad del Tepeyac cuenta con un Modelo Educativo en el cual se han integrado las &hellip;","og_url":"https:\/\/tepeyac.edu.mx\/Universidad\/modelo-educativo\/","og_site_name":"Universidad del Tepeyac","article_publisher":"https:\/\/www.facebook.com\/Unitepeyac.oficial","article_modified_time":"2024-09-24T18:49:30+00:00","og_image":[{"url":"https:\/\/tepeyac.edu.mx\/Universidad\/wp-content\/uploads\/2024\/09\/4.png","type":"","width":"","height":""}],"twitter_card":"summary_large_image","twitter_misc":{"Tiempo de lectura":"2 minutos"},"schema":{"@context":"https:\/\/schema.org","@graph":[{"@type":"WebPage","@id":"https:\/\/tepeyac.edu.mx\/Universidad\/modelo-educativo\/","url":"https:\/\/tepeyac.edu.mx\/Universidad\/modelo-educativo\/","name":"Modelo Educativo - Universidad del Tepeyac","isPartOf":{"@id":"https:\/\/tepeyac.edu.mx\/Universidad\/#website"},"primaryImageOfPage":{"@id":"https:\/\/tepeyac.edu.mx\/Universidad\/modelo-educativo\/#primaryimage"},"image":{"@id":"https:\/\/tepeyac.edu.mx\/Universidad\/modelo-educativo\/#primaryimage"},"thumbnailUrl":"https:\/\/tepeyac.edu.mx\/Universidad\/wp-content\/uploads\/2024\/09\/4.png","datePublished":"2023-09-02T01:09:59+00:00","dateModified":"2024-09-24T18:49:30+00:00","breadcrumb":{"@id":"https:\/\/tepeyac.edu.mx\/Universidad\/modelo-educativo\/#breadcrumb"},"inLanguage":"es","potentialAction":[{"@type":"ReadAction","target":["https:\/\/tepeyac.edu.mx\/Universidad\/modelo-educativo\/"]}]},{"@type":"ImageObject","inLanguage":"es","@id":"https:\/\/tepeyac.edu.mx\/Universidad\/modelo-educativo\/#primaryimage","url":"https:\/\/tepeyac.edu.mx\/Universidad\/wp-content\/uploads\/2024\/09\/4.png","contentUrl":"https:\/\/tepeyac.edu.mx\/Universidad\/wp-content\/uploads\/2024\/09\/4.png","width":940,"height":788},{"@type":"BreadcrumbList","@id":"https:\/\/tepeyac.edu.mx\/Universidad\/modelo-educativo\/#breadcrumb","itemListElement":[{"@type":"ListItem","position":1,"name":"Portada","item":"https:\/\/tepeyac.edu.mx\/Universidad\/"},{"@type":"ListItem","position":2,"name":"Modelo Educativo"}]},{"@type":"WebSite","@id":"https:\/\/tepeyac.edu.mx\/Universidad\/#website","url":"https:\/\/tepeyac.edu.mx\/Universidad\/","name":"https:\/\/tepeyac.edu.mx\/Universidad\/","description":"La calidad acad\u00e9mica y el compromiso con la excelencia han llevado a la Universidad del Tepeyac desde hace 48 a\u00f1os  a ser reconocida como una de las Universidades m\u00e1s destacadas de la Ciudad de M\u00e9xico.","publisher":{"@id":"https:\/\/tepeyac.edu.mx\/Universidad\/#organization"},"alternateName":"Universidad del Tepeyac","potentialAction":[{"@type":"SearchAction","target":{"@type":"EntryPoint","urlTemplate":"https:\/\/tepeyac.edu.mx\/Universidad\/?s={search_term_string}"},"query-input":{"@type":"PropertyValueSpecification","valueRequired":true,"valueName":"search_term_string"}}],"inLanguage":"es"},{"@type":"Organization","@id":"https:\/\/tepeyac.edu.mx\/Universidad\/#organization","name":"https:\/\/tepeyac.edu.mx\/Universidad\/","url":"https:\/\/tepeyac.edu.mx\/Universidad\/","logo":{"@type":"ImageObject","inLanguage":"es","@id":"https:\/\/tepeyac.edu.mx\/Universidad\/#\/schema\/logo\/image\/","url":"https:\/\/tepeyac.edu.mx\/Universidad\/wp-content\/uploads\/2023\/09\/cropped-LOGO-UNIVERSIDAD-DEL-TEPEYAC-PK-1.png","contentUrl":"https:\/\/tepeyac.edu.mx\/Universidad\/wp-content\/uploads\/2023\/09\/cropped-LOGO-UNIVERSIDAD-DEL-TEPEYAC-PK-1.png","width":200,"height":50,"caption":"https:\/\/tepeyac.edu.mx\/Universidad\/"},"image":{"@id":"https:\/\/tepeyac.edu.mx\/Universidad\/#\/schema\/logo\/image\/"},"sameAs":["https:\/\/www.facebook.com\/Unitepeyac.oficial","https:\/\/www.instagram.com\/unitepeyac\/"]}]}},"_links":{"self":[{"href":"https:\/\/tepeyac.edu.mx\/Universidad\/wp-json\/wp\/v2\/pages\/8330","targetHints":{"allow":["GET"]}}],"collection":[{"href":"https:\/\/tepeyac.edu.mx\/Universidad\/wp-json\/wp\/v2\/pages"}],"about":[{"href":"https:\/\/tepeyac.edu.mx\/Universidad\/wp-json\/wp\/v2\/types\/page"}],"author":[{"embeddable":true,"href":"https:\/\/tepeyac.edu.mx\/Universidad\/wp-json\/wp\/v2\/users\/1"}],"replies":[{"embeddable":true,"href":"https:\/\/tepeyac.edu.mx\/Universidad\/wp-json\/wp\/v2\/comments?post=8330"}],"version-history":[{"count":14,"href":"https:\/\/tepeyac.edu.mx\/Universidad\/wp-json\/wp\/v2\/pages\/8330\/revisions"}],"predecessor-version":[{"id":9688,"href":"https:\/\/tepeyac.edu.mx\/Universidad\/wp-json\/wp\/v2\/pages\/8330\/revisions\/9688"}],"wp:attachment":[{"href":"https:\/\/tepeyac.edu.mx\/Universidad\/wp-json\/wp\/v2\/media?parent=8330"}],"curies":[{"name":"wp","href":"https:\/\/api.w.org\/{rel}","templated":true}]}}