{"id":1217,"date":"2023-06-28T20:20:38","date_gmt":"2023-06-28T20:20:38","guid":{"rendered":"https:\/\/tepeyac.edu.mx\/wp23c\/?page_id=1217"},"modified":"2023-06-28T20:38:25","modified_gmt":"2023-06-28T20:38:25","slug":"aviso_-de_privacidad","status":"publish","type":"page","link":"https:\/\/tepeyac.edu.mx\/wp23c\/aviso_-de_privacidad\/","title":{"rendered":"Aviso de privacidad"},"content":{"rendered":"<p>[et_pb_section fb_built=\u00bb1&#8243; fullwidth=\u00bbon\u00bb _builder_version=\u00bb4.21.0&#8243; _module_preset=\u00bbdefault\u00bb hover_enabled=\u00bb0&#8243; global_colors_info=\u00bb{}\u00bb sticky_enabled=\u00bb0&#8243;][et_pb_fullwidth_image src=\u00bbhttps:\/\/tepeyac.edu.mx\/wp23c\/wp-content\/uploads\/2023\/06\/fundador.jpg\u00bb title_text=\u00bbfundador\u00bb _builder_version=\u00bb4.21.0&#8243; _module_preset=\u00bbdefault\u00bb hover_enabled=\u00bb0&#8243; global_colors_info=\u00bb{}\u00bb height=\u00bb574px\u00bb sticky_enabled=\u00bb0&#8243;][\/et_pb_fullwidth_image][\/et_pb_section][et_pb_section fb_built=\u00bb1&#8243; _builder_version=\u00bb4.21.0&#8243; _module_preset=\u00bbdefault\u00bb global_colors_info=\u00bb{}\u00bb][et_pb_row _builder_version=\u00bb4.21.0&#8243; _module_preset=\u00bbdefault\u00bb global_colors_info=\u00bb{}\u00bb][et_pb_column type=\u00bb4_4&#8243; _builder_version=\u00bb4.21.0&#8243; _module_preset=\u00bbdefault\u00bb global_colors_info=\u00bb{}\u00bb][et_pb_text _builder_version=\u00bb4.21.0&#8243; _module_preset=\u00bbdefault\u00bb hover_enabled=\u00bb0&#8243; global_colors_info=\u00bb{}\u00bb sticky_enabled=\u00bb0&#8243;]<\/p>\n<h1 style=\"text-align: center;\">Aviso de privacidad<\/h1>\n<p style=\"text-align: center;\">[\/et_pb_text][\/et_pb_column][\/et_pb_row][et_pb_row _builder_version=\u00bb4.21.0&#8243; _module_preset=\u00bbdefault\u00bb][et_pb_column _builder_version=\u00bb4.21.0&#8243; _module_preset=\u00bbdefault\u00bb type=\u00bb4_4&#8243;][et_pb_text _builder_version=\u00bb4.21.0&#8243; _module_preset=\u00bbdefault\u00bb hover_enabled=\u00bb0&#8243; sticky_enabled=\u00bb0&#8243; header_text_align=\u00bbcenter\u00bb text_orientation=\u00bbcenter\u00bb]<\/p>\n<h1 style=\"text-align: left;\"><strong>AVISO DE PRIVACIDAD<\/strong><\/h1>\n<p style=\"text-align: justify;\">En cumplimiento con lo establecido en los art\u00edculos 3 fracci\u00f3n I, 8, 15, 16, 17, 18 y 36 de la Ley Federal de Protecci\u00f3n de Datos Personales en Posesi\u00f3n de Particulares, nos permitimos informar nuestra pol\u00edtica de privacidad, manejo de datos personales y ratificamos los compromisos siguientes:<\/p>\n<p style=\"text-align: justify;\"><strong>1.- Identidad y domicilio del responsable del tratamiento de sus datos personales:<\/strong><\/p>\n<p style=\"text-align: justify;\">COLEGIO DEL TEPEYAC, COLEGIO DEL TEPEYAC AC., COLEGIO Y UNIVERSIDAD DEL TEPEYAC SC., CENTROS DE ESTUDIOS DEL TEPEYAC SC. Como contactarnos: en Av. Callao 842, Colonia Lindavista, C.P. 07300, Delegaci\u00f3n Gustavo A. Madero, Distrito Federal. Tel\u00e9fono 55-55-77-64-22, Pagina web: www.tepeyac.edu.mx<\/p>\n<p style=\"text-align: justify;\">Empresa prestadora de servicios educativos en los niveles de educaci\u00f3n b\u00e1sica, media y media superior, y con la finalidad de asegurar la privacidad de los datos proporcionados por nuestros alumnos, exalumnos, egresados, padres de familia o tutores, aspirantes, empleados y proveedores con el fin de vincularse con los servicios acad\u00e9micos o administrativos proporcionados por la responsable.<\/p>\n<p style=\"text-align: justify;\">El titular y personal de CONTROL ESCOLAR ser\u00e1n los responsables a nombre de esta, de recabar la informaci\u00f3n, as\u00ed como de atender las solicitudes con respecto a los Derechos de Acceso, Rectificaci\u00f3n, Cancelaci\u00f3n y Oposici\u00f3n (ARCO), con domicilio en Av. Callao 842, Colonia Lindavista, C.P. 07300, Delegaci\u00f3n Gustavo A. Madero, Distrito Federal. Tel\u00e9fono 55-55-77-64-22, correo electr\u00f3nico <a href=\"mailto:diradmon@tepeyac.edu.mx\">diradmon@tepeyac.edu.mx<\/a><\/p>\n<p style=\"text-align: justify;\"><strong>2.-Datos personales que pueden recabarse:<\/strong><\/p>\n<p style=\"text-align: justify;\">Para las finalidades se\u00f1aladas en el presente aviso de privacidad, podemos recabar sus datos personales de distintas formas: cuando usted nos los proporciona directamente; cuando visita nuestro sitio de internet o utiliza nuestros servicios en l\u00ednea, y cuando obtenemos informaci\u00f3n a trav\u00e9s de otras fuentes que est\u00e1n permitidas por la ley.<br \/>Recabamos sus datos personales de forma directa al inscribir a su hijo o hija (alumno) a cualquiera de las secciones o grados del COLEGIO DEL TEPEYAC, como parte del historial del alumno, as\u00ed como de sus padres y\/o tutor. Es importante citar que en algunos casos ser\u00e1n recabados y tratados datos sensibles, como origen racial o \u00e9tnico, estado de salud presente y futuro, informaci\u00f3n gen\u00e9tica, creencias religiosas, filos\u00f3ficas y morales, preferencia sexual, entre otras que se consideren pertinentes, mismos que nos comprometemos a que los mismos ser\u00e1n tratados bajo las m\u00e1s estrictas medidas de seguridad que garanticen su confidencialidad.<\/p>\n<p style=\"text-align: justify;\">El COLEGIO DEL TEPEYAC, podr\u00e1 recabar de manera enunciativa m\u00e1s no limitativa con objeto de que le prestemos un servicio:<br \/>Datos sobre el alumno, nombre completo, domicilio, CURP, RFC (si es el caso), fecha de nacimiento, tel\u00e9fono, celular, correo electr\u00f3nico, nacionalidad, escuela de procedencia, as\u00ed como alergias, enfermedades, tratamientos m\u00e9dicos o psicol\u00f3gicos, nombre y datos del m\u00e9dico tratante.<br \/>Datos sobre los padres o tutores, nombres completos, estado civil, domicilio completo de la familia o de cada uno en caso de no vivir juntos, tel\u00e9fono particular, celular, Id Nextel, correos electr\u00f3nicos, ocupaci\u00f3n, domicilio de la fuente de empleo, puesto que desempe\u00f1a, nivel acad\u00e9mico y horario de trabajo. En caso de solicitar facturaci\u00f3n electr\u00f3nica, se requerir\u00e1 RFC, CURP, domicilio fiscal y dem\u00e1s requisitos fiscales pertinentes.<\/p>\n<p style=\"text-align: justify;\">Datos complementarios, podr\u00e1 solicitarse situaci\u00f3n familiar, nombre de otros hijos, escolaridad y ocupaci\u00f3n de los mismos, comportamiento del alumno en lo social, familiar, emotivo, salud, deportivo, As\u00ed como otro tipo de datos solicitados en las entrevistas de admisi\u00f3n y\/o de seguimiento que permitan evaluar al alumno y\/o su familia.<\/p>\n<p style=\"text-align: justify;\">Datos complementarios de tipo econ\u00f3mico, para el proceso de solicitud de beca, se solicitara informaci\u00f3n referente al entorno econ\u00f3mico familiar, como es ingresos y egresos, reporte del buro de cr\u00e9dito, declaraciones de impuestos, recibos de nomina o documentos que acrediten la situaci\u00f3n econ\u00f3mica de la familia.<\/p>\n<p style=\"text-align: justify;\">De conformidad con el numeral 9 de la Ley Federal de Protecci\u00f3n de Datos Personales en Posesi\u00f3n de Particulares, requerimos su consentimiento para el tratamiento que se dar\u00e1 a sus datos sensibles, indicando si acepta o no dicho tratamiento.<\/p>\n<p style=\"text-align: justify;\">*Consiento que mis datos personales sensibles sean tratados conforme a los t\u00e9rminos y condiciones del presente aviso de privacidad. Nombre y firma del titular.<\/p>\n<p style=\"text-align: justify;\"><strong>3.- Finalidades del tratamiento de los datos:<\/strong><\/p>\n<p style=\"text-align: justify;\">Los datos personales recabados ser\u00e1n utilizados para los siguientes fines;<br \/>Operaci\u00f3n y administraci\u00f3n del expediente (historial del alumno) en el \u00e1mbito acad\u00e9mico, deportivo, cultural, administrativo y cualquier otro servicio que ofrezca el COLEGIO DEL TEPEYAC contratado por usted.<\/p>\n<p style=\"text-align: justify;\">Informaci\u00f3n de contacto para la localizaci\u00f3n de los padres o tutores, ya sea para citas, emergencias, informes o avisos.<\/p>\n<p style=\"text-align: justify;\">Analizar la situaci\u00f3n econ\u00f3mica familiar por solicitud de becas.<\/p>\n<p style=\"text-align: justify;\">Para dar cumplimiento a obligaciones contra\u00eddas con nuestros alumnos, exalumnos, egresados, padres de familia o tutores, aspirantes, empleados y proveedores.<\/p>\n<p style=\"text-align: justify;\">\n<p style=\"text-align: justify;\"><strong>4.- Transferencia de datos personales:<\/strong><\/p>\n<p style=\"text-align: justify;\">Los datos recabados podr\u00e1n ser transferidos y tratados dentro y fuera del pa\u00eds, por personas f\u00edsicas o morales distintas al COLEGIO DEL TEPEYAC en los siguientes casos;<\/p>\n<p style=\"text-align: justify;\">A la Secretar\u00eda de Educaci\u00f3n P\u00fablica estatal y\/o federal, Universidad Nacional Aut\u00f3noma de M\u00e9xico y a otras dependencias de gobierno que de manera oficial soliciten al COLEGIO DEL TEPEYAC.<\/p>\n<p style=\"text-align: justify;\">Instituciones educativas como parte de informes acad\u00e9micos, consistentes en constancias de estudio, boletas, reportes disciplinarios o cartas de buena conducta, entre otros.<\/p>\n<p style=\"text-align: justify;\">Para la realizaci\u00f3n de estudios socioecon\u00f3micos con motivo de la solicitud de becas. Para Acreditadoras o Certificadoras para el caso del nivel de idiomas, en el entendido que solo se transfiere nombre completo, secci\u00f3n, grado y grupo del alumno.<\/p>\n<p style=\"text-align: justify;\">Terceros contratados para brindar servicios, en el entendido que solo se transfiere nombre completo, secci\u00f3n, grado y grupo del alumno.<\/p>\n<p style=\"text-align: justify;\">El COLEGIO DEL TEPEYAC se compromete a no transferir informaci\u00f3n personal a terceros sin su consentimiento, con las excepciones previstas por la propia Ley Federal de Protecci\u00f3n de Datos Personales en Posesi\u00f3n de Particulares y leyes y reglamentos complementarios.<\/p>\n<p style=\"text-align: justify;\">Si usted no manifiesta su oposici\u00f3n para que sus datos sean transferidos, se entender\u00e1 como aceptado su consentimiento para ello.<\/p>\n<p style=\"text-align: justify;\"><strong>5.- Opciones y medios a los titulares para limitar el uso o divulgaci\u00f3n de los datos, as\u00ed como para ejercer los derechos de acceso, rectificaci\u00f3n, cancelaci\u00f3n u oposici\u00f3n (ARCO):<\/strong><\/p>\n<p style=\"text-align: justify;\">Usted tiene el derecho de acceder a sus datos personales y a los detalles del tratamiento de los mismos, ya sea para rectificarlos en caso de ser inexactos o incompletos, cancelarlos, cuando considere que no se requieren para alguna de las finalidades se\u00f1aladas en el presente Aviso de Privacidad, est\u00e9n siendo utilizados para fines no consentidos o haya finalizado la relaci\u00f3n contractual o de servicio, o bien oponerse al tratamiento que se les d\u00e9.<\/p>\n<p style=\"text-align: justify;\">Lo manifestado en el p\u00e1rrafo precedente podr\u00e1 hacerse valer en forma personal o por representante legal, representaci\u00f3n esta que deber\u00e1 acreditarse fehacientemente conforme a derecho, para ello tendr\u00e1 que enviar una solicitud v\u00eda correo electr\u00f3nico dirigida al \u00e1rea de Control Escolar de la secci\u00f3n correspondiente, correo y domicilio se\u00f1alados en el numeral marcado con el n\u00famero 1 del presente Aviso de Privacidad.<\/p>\n<p style=\"text-align: justify;\">La solicitud deber\u00e1 reunir los siguientes requisitos;<br \/>Nombre, domicilio y direcci\u00f3n electr\u00f3nica del solicitante.<br \/>Copia simple de identificaci\u00f3n oficial con fotograf\u00eda o en su caso documento con el cual se acredite la personalidad del representante legal que actuara a su nombre y representaci\u00f3n e identificaci\u00f3n del mismo.<br \/>Descripci\u00f3n clara y precisa de los datos personales de los cuales pretenda tener acceso, rectificaci\u00f3n, cancelaci\u00f3n u oposici\u00f3n, as\u00ed como para limitar el uso o divulgaci\u00f3n de los mismos.<br \/>Cualquier elemento o documento que facilite la localizaci\u00f3n de sus datos personales.<\/p>\n<p style=\"text-align: justify;\">Firma del titular de los datos.<br \/>Para el caso de solicitar rectificaci\u00f3n de datos, deber\u00e1 indicar en qu\u00e9 consiste dicha rectificaci\u00f3n y como deber\u00e1n quedar los mismos, proporcionando los documentos que acrediten y sustenten dicha solicitud.<\/p>\n<p style=\"text-align: justify;\">En un plazo m\u00e1ximo de 20 d\u00edas h\u00e1biles posteriores a la recepci\u00f3n de la solicitud, se informara al solicitante v\u00eda correo electr\u00f3nico proporcionado, sobre el cumplimiento dado a su derecho.<br \/>Nos reservamos el derecho de efectuar en cualquier momento modificaciones o actualizaciones al presente aviso de privacidad, para la atenci\u00f3n de novedades legislativas, pol\u00edticas internas o nuevos requerimientos para la prestaci\u00f3n u ofrecimiento de nuestros servicios o productos.<\/p>\n<p style=\"text-align: justify;\">Estas modificaciones estar\u00e1n disponibles al p\u00fablico a trav\u00e9s de nuestra p\u00e1gina web: www.tepeyac.edu.mx<\/p>\n<p>[\/et_pb_text][\/et_pb_column][\/et_pb_row][\/et_pb_section]<\/p>\n","protected":false},"excerpt":{"rendered":"<p>Aviso de privacidad AVISO DE PRIVACIDAD En cumplimiento con lo establecido en los art\u00edculos 3 fracci\u00f3n I, 8, 15, 16, 17, 18 y 36 de la Ley Federal de Protecci\u00f3n de Datos Personales en Posesi\u00f3n de Particulares, nos permitimos informar nuestra pol\u00edtica de privacidad, manejo de datos personales y ratificamos los compromisos siguientes: 1.- Identidad [&hellip;]<\/p>\n","protected":false},"author":1,"featured_media":0,"parent":0,"menu_order":0,"comment_status":"closed","ping_status":"closed","template":"","meta":{"_et_pb_use_builder":"on","_et_pb_old_content":"","_et_gb_content_width":"","content-type":"","_joinchat":[],"footnotes":""},"class_list":["post-1217","page","type-page","status-publish","hentry"],"yoast_head":"<!-- This site is optimized with the Yoast SEO plugin v26.8 - https:\/\/yoast.com\/product\/yoast-seo-wordpress\/ -->\n<title>Aviso de privacidad - Colegios del Tepeyac<\/title>\n<meta name=\"robots\" content=\"index, follow, max-snippet:-1, max-image-preview:large, max-video-preview:-1\" \/>\n<link rel=\"canonical\" href=\"https:\/\/tepeyac.edu.mx\/wp23c\/aviso_-de_privacidad\/\" \/>\n<meta property=\"og:locale\" content=\"es_ES\" \/>\n<meta property=\"og:type\" content=\"article\" \/>\n<meta property=\"og:title\" content=\"Aviso de privacidad - Colegios del Tepeyac\" \/>\n<meta property=\"og:description\" content=\"Aviso de privacidad AVISO DE PRIVACIDAD En cumplimiento con lo establecido en los art\u00edculos 3 fracci\u00f3n I, 8, 15, 16, 17, 18 y 36 de la Ley Federal de Protecci\u00f3n de Datos Personales en Posesi\u00f3n de Particulares, nos permitimos informar nuestra pol\u00edtica de privacidad, manejo de datos personales y ratificamos los compromisos siguientes: 1.- Identidad [&hellip;]\" \/>\n<meta property=\"og:url\" content=\"https:\/\/tepeyac.edu.mx\/wp23c\/aviso_-de_privacidad\/\" \/>\n<meta property=\"og:site_name\" content=\"Colegios del Tepeyac\" \/>\n<meta property=\"article:publisher\" content=\"https:\/\/www.facebook.com\/colegiodeltepeyac\" \/>\n<meta property=\"article:modified_time\" content=\"2023-06-28T20:38:25+00:00\" \/>\n<meta property=\"og:image\" content=\"https:\/\/tepeyac.edu.mx\/wp23c\/wp-content\/uploads\/2025\/02\/Logo-Colegiod-el-Tepeyac.jpg\" \/>\n\t<meta property=\"og:image:width\" content=\"709\" \/>\n\t<meta property=\"og:image:height\" content=\"709\" \/>\n\t<meta property=\"og:image:type\" content=\"image\/jpeg\" \/>\n<meta name=\"twitter:card\" content=\"summary_large_image\" \/>\n<meta name=\"twitter:label1\" content=\"Tiempo de lectura\" \/>\n\t<meta name=\"twitter:data1\" content=\"8 minutos\" \/>\n<script type=\"application\/ld+json\" class=\"yoast-schema-graph\">{\"@context\":\"https:\/\/schema.org\",\"@graph\":[{\"@type\":\"WebPage\",\"@id\":\"https:\/\/tepeyac.edu.mx\/wp23c\/aviso_-de_privacidad\/\",\"url\":\"https:\/\/tepeyac.edu.mx\/wp23c\/aviso_-de_privacidad\/\",\"name\":\"Aviso de privacidad - Colegios del Tepeyac\",\"isPartOf\":{\"@id\":\"https:\/\/tepeyac.edu.mx\/wp23c\/#website\"},\"datePublished\":\"2023-06-28T20:20:38+00:00\",\"dateModified\":\"2023-06-28T20:38:25+00:00\",\"breadcrumb\":{\"@id\":\"https:\/\/tepeyac.edu.mx\/wp23c\/aviso_-de_privacidad\/#breadcrumb\"},\"inLanguage\":\"es\",\"potentialAction\":[{\"@type\":\"ReadAction\",\"target\":[\"https:\/\/tepeyac.edu.mx\/wp23c\/aviso_-de_privacidad\/\"]}]},{\"@type\":\"BreadcrumbList\",\"@id\":\"https:\/\/tepeyac.edu.mx\/wp23c\/aviso_-de_privacidad\/#breadcrumb\",\"itemListElement\":[{\"@type\":\"ListItem\",\"position\":1,\"name\":\"Portada\",\"item\":\"https:\/\/tepeyac.edu.mx\/wp23c\/\"},{\"@type\":\"ListItem\",\"position\":2,\"name\":\"Aviso de privacidad\"}]},{\"@type\":\"WebSite\",\"@id\":\"https:\/\/tepeyac.edu.mx\/wp23c\/#website\",\"url\":\"https:\/\/tepeyac.edu.mx\/wp23c\/\",\"name\":\"Colegio del Tepeyac\",\"description\":\"Instituci\u00f3n Educativa\",\"publisher\":{\"@id\":\"https:\/\/tepeyac.edu.mx\/wp23c\/#organization\"},\"alternateName\":\"Colegio del Tepeyac\",\"potentialAction\":[{\"@type\":\"SearchAction\",\"target\":{\"@type\":\"EntryPoint\",\"urlTemplate\":\"https:\/\/tepeyac.edu.mx\/wp23c\/?s={search_term_string}\"},\"query-input\":{\"@type\":\"PropertyValueSpecification\",\"valueRequired\":true,\"valueName\":\"search_term_string\"}}],\"inLanguage\":\"es\"},{\"@type\":\"Organization\",\"@id\":\"https:\/\/tepeyac.edu.mx\/wp23c\/#organization\",\"name\":\"Colegios del Tepeyac\",\"url\":\"https:\/\/tepeyac.edu.mx\/wp23c\/\",\"logo\":{\"@type\":\"ImageObject\",\"inLanguage\":\"es\",\"@id\":\"https:\/\/tepeyac.edu.mx\/wp23c\/#\/schema\/logo\/image\/\",\"url\":\"https:\/\/tepeyac.edu.mx\/wp23c\/wp-content\/uploads\/2025\/02\/Logo-Colegiod-el-Tepeyac.jpg\",\"contentUrl\":\"https:\/\/tepeyac.edu.mx\/wp23c\/wp-content\/uploads\/2025\/02\/Logo-Colegiod-el-Tepeyac.jpg\",\"width\":709,\"height\":709,\"caption\":\"Colegios del Tepeyac\"},\"image\":{\"@id\":\"https:\/\/tepeyac.edu.mx\/wp23c\/#\/schema\/logo\/image\/\"},\"sameAs\":[\"https:\/\/www.facebook.com\/colegiodeltepeyac\"]}]}<\/script>\n<!-- \/ Yoast SEO plugin. -->","yoast_head_json":{"title":"Aviso de privacidad - Colegios del Tepeyac","robots":{"index":"index","follow":"follow","max-snippet":"max-snippet:-1","max-image-preview":"max-image-preview:large","max-video-preview":"max-video-preview:-1"},"canonical":"https:\/\/tepeyac.edu.mx\/wp23c\/aviso_-de_privacidad\/","og_locale":"es_ES","og_type":"article","og_title":"Aviso de privacidad - Colegios del Tepeyac","og_description":"Aviso de privacidad AVISO DE PRIVACIDAD En cumplimiento con lo establecido en los art\u00edculos 3 fracci\u00f3n I, 8, 15, 16, 17, 18 y 36 de la Ley Federal de Protecci\u00f3n de Datos Personales en Posesi\u00f3n de Particulares, nos permitimos informar nuestra pol\u00edtica de privacidad, manejo de datos personales y ratificamos los compromisos siguientes: 1.- Identidad [&hellip;]","og_url":"https:\/\/tepeyac.edu.mx\/wp23c\/aviso_-de_privacidad\/","og_site_name":"Colegios del Tepeyac","article_publisher":"https:\/\/www.facebook.com\/colegiodeltepeyac","article_modified_time":"2023-06-28T20:38:25+00:00","og_image":[{"width":709,"height":709,"url":"https:\/\/tepeyac.edu.mx\/wp23c\/wp-content\/uploads\/2025\/02\/Logo-Colegiod-el-Tepeyac.jpg","type":"image\/jpeg"}],"twitter_card":"summary_large_image","twitter_misc":{"Tiempo de lectura":"8 minutos"},"schema":{"@context":"https:\/\/schema.org","@graph":[{"@type":"WebPage","@id":"https:\/\/tepeyac.edu.mx\/wp23c\/aviso_-de_privacidad\/","url":"https:\/\/tepeyac.edu.mx\/wp23c\/aviso_-de_privacidad\/","name":"Aviso de privacidad - Colegios del Tepeyac","isPartOf":{"@id":"https:\/\/tepeyac.edu.mx\/wp23c\/#website"},"datePublished":"2023-06-28T20:20:38+00:00","dateModified":"2023-06-28T20:38:25+00:00","breadcrumb":{"@id":"https:\/\/tepeyac.edu.mx\/wp23c\/aviso_-de_privacidad\/#breadcrumb"},"inLanguage":"es","potentialAction":[{"@type":"ReadAction","target":["https:\/\/tepeyac.edu.mx\/wp23c\/aviso_-de_privacidad\/"]}]},{"@type":"BreadcrumbList","@id":"https:\/\/tepeyac.edu.mx\/wp23c\/aviso_-de_privacidad\/#breadcrumb","itemListElement":[{"@type":"ListItem","position":1,"name":"Portada","item":"https:\/\/tepeyac.edu.mx\/wp23c\/"},{"@type":"ListItem","position":2,"name":"Aviso de privacidad"}]},{"@type":"WebSite","@id":"https:\/\/tepeyac.edu.mx\/wp23c\/#website","url":"https:\/\/tepeyac.edu.mx\/wp23c\/","name":"Colegio del Tepeyac","description":"Instituci\u00f3n Educativa","publisher":{"@id":"https:\/\/tepeyac.edu.mx\/wp23c\/#organization"},"alternateName":"Colegio del Tepeyac","potentialAction":[{"@type":"SearchAction","target":{"@type":"EntryPoint","urlTemplate":"https:\/\/tepeyac.edu.mx\/wp23c\/?s={search_term_string}"},"query-input":{"@type":"PropertyValueSpecification","valueRequired":true,"valueName":"search_term_string"}}],"inLanguage":"es"},{"@type":"Organization","@id":"https:\/\/tepeyac.edu.mx\/wp23c\/#organization","name":"Colegios del Tepeyac","url":"https:\/\/tepeyac.edu.mx\/wp23c\/","logo":{"@type":"ImageObject","inLanguage":"es","@id":"https:\/\/tepeyac.edu.mx\/wp23c\/#\/schema\/logo\/image\/","url":"https:\/\/tepeyac.edu.mx\/wp23c\/wp-content\/uploads\/2025\/02\/Logo-Colegiod-el-Tepeyac.jpg","contentUrl":"https:\/\/tepeyac.edu.mx\/wp23c\/wp-content\/uploads\/2025\/02\/Logo-Colegiod-el-Tepeyac.jpg","width":709,"height":709,"caption":"Colegios del Tepeyac"},"image":{"@id":"https:\/\/tepeyac.edu.mx\/wp23c\/#\/schema\/logo\/image\/"},"sameAs":["https:\/\/www.facebook.com\/colegiodeltepeyac"]}]}},"_links":{"self":[{"href":"https:\/\/tepeyac.edu.mx\/wp23c\/wp-json\/wp\/v2\/pages\/1217","targetHints":{"allow":["GET"]}}],"collection":[{"href":"https:\/\/tepeyac.edu.mx\/wp23c\/wp-json\/wp\/v2\/pages"}],"about":[{"href":"https:\/\/tepeyac.edu.mx\/wp23c\/wp-json\/wp\/v2\/types\/page"}],"author":[{"embeddable":true,"href":"https:\/\/tepeyac.edu.mx\/wp23c\/wp-json\/wp\/v2\/users\/1"}],"replies":[{"embeddable":true,"href":"https:\/\/tepeyac.edu.mx\/wp23c\/wp-json\/wp\/v2\/comments?post=1217"}],"version-history":[{"count":5,"href":"https:\/\/tepeyac.edu.mx\/wp23c\/wp-json\/wp\/v2\/pages\/1217\/revisions"}],"predecessor-version":[{"id":1225,"href":"https:\/\/tepeyac.edu.mx\/wp23c\/wp-json\/wp\/v2\/pages\/1217\/revisions\/1225"}],"wp:attachment":[{"href":"https:\/\/tepeyac.edu.mx\/wp23c\/wp-json\/wp\/v2\/media?parent=1217"}],"curies":[{"name":"wp","href":"https:\/\/api.w.org\/{rel}","templated":true}]}}