{"id":1980,"date":"2025-03-25T17:44:03","date_gmt":"2025-03-25T17:44:03","guid":{"rendered":"https:\/\/tepeyac.edu.mx\/wp23c\/?page_id=1980"},"modified":"2026-05-06T20:36:43","modified_gmt":"2026-05-06T20:36:43","slug":"eventos_col","status":"publish","type":"page","link":"https:\/\/tepeyac.edu.mx\/wp23c\/eventos_col\/","title":{"rendered":"Eventos"},"content":{"rendered":"<p>[et_pb_section fb_built=\u00bb1&#8243; _builder_version=\u00bb4.27.4&#8243; _module_preset=\u00bbdefault\u00bb global_colors_info=\u00bb{}\u00bb][et_pb_row _builder_version=\u00bb4.27.6&#8243; _module_preset=\u00bbdefault\u00bb global_colors_info=\u00bb{}\u00bb][et_pb_column type=\u00bb4_4&#8243; _builder_version=\u00bb4.27.4&#8243; _module_preset=\u00bbdefault\u00bb global_colors_info=\u00bb{}\u00bb][et_pb_image src=\u00bbhttps:\/\/tepeyac.edu.mx\/wp23c\/wp-content\/uploads\/2026\/05\/IMG-20260423-WA0010.jpg\u00bb title_text=\u00bbIMG-20260423-WA0010&#8243; show_in_lightbox=\u00bbon\u00bb _builder_version=\u00bb4.27.6&#8243; _module_preset=\u00bbdefault\u00bb hover_enabled=\u00bb0&#8243; global_colors_info=\u00bb{}\u00bb sticky_enabled=\u00bb0&#8243;][\/et_pb_image][\/et_pb_column][\/et_pb_row][et_pb_row column_structure=\u00bb1_2,1_2&#8243; _builder_version=\u00bb4.27.4&#8243; _module_preset=\u00bbdefault\u00bb global_colors_info=\u00bb{}\u00bb][et_pb_column type=\u00bb1_2&#8243; _builder_version=\u00bb4.27.4&#8243; _module_preset=\u00bbdefault\u00bb global_colors_info=\u00bb{}\u00bb][et_pb_image src=\u00bbhttps:\/\/tepeyac.edu.mx\/wp23c\/wp-content\/uploads\/2026\/03\/comunion.png\u00bb title_text=\u00bbcomunion\u00bb show_in_lightbox=\u00bbon\u00bb _builder_version=\u00bb4.27.6&#8243; _module_preset=\u00bbdefault\u00bb global_colors_info=\u00bb{}\u00bb][\/et_pb_image][\/et_pb_column][et_pb_column type=\u00bb1_2&#8243; _builder_version=\u00bb4.27.4&#8243; _module_preset=\u00bbdefault\u00bb global_colors_info=\u00bb{}\u00bb][et_pb_text _builder_version=\u00bb4.27.5&#8243; _module_preset=\u00bbdefault\u00bb global_colors_info=\u00bb{}\u00bb]<\/p>\n<p style=\"text-align: justify;\">El Colegio del Tepeyac, como ya es una tradici\u00f3n, tiene el gusto de compartirles que el pr\u00f3ximo 28 de marzo 2026, se llevar\u00e1 a cabo la Primera Comuni\u00f3n de nuestros peque\u00f1os en la Parroquia del Se\u00f1or de la Misericordia a las 10:00 am.<br \/>\u201cQuerido Jes\u00fas, en este d\u00eda tan especial de nuestra Primera Comuni\u00f3n, en que vienes con el pan de los \u00e1ngeles a vivir a mi alma, quiero darte las gracias y pedirte que me guardes siempre en tu coraz\u00f3n. Am\u00e9n\u201d.<\/p>\n<p>[\/et_pb_text][\/et_pb_column][\/et_pb_row][et_pb_row column_structure=\u00bb1_2,1_2&#8243; _builder_version=\u00bb4.27.4&#8243; _module_preset=\u00bbdefault\u00bb global_colors_info=\u00bb{}\u00bb][et_pb_column type=\u00bb1_2&#8243; _builder_version=\u00bb4.27.4&#8243; _module_preset=\u00bbdefault\u00bb global_colors_info=\u00bb{}\u00bb][et_pb_image src=\u00bbhttps:\/\/tepeyac.edu.mx\/wp23c\/wp-content\/uploads\/2026\/02\/miercoles.png\u00bb title_text=\u00bbmiercoles\u00bb show_in_lightbox=\u00bbon\u00bb _builder_version=\u00bb4.27.5&#8243; _module_preset=\u00bbdefault\u00bb global_colors_info=\u00bb{}\u00bb][\/et_pb_image][\/et_pb_column][et_pb_column type=\u00bb1_2&#8243; _builder_version=\u00bb4.27.4&#8243; _module_preset=\u00bbdefault\u00bb global_colors_info=\u00bb{}\u00bb][et_pb_text _builder_version=\u00bb4.27.5&#8243; _module_preset=\u00bbdefault\u00bb global_colors_info=\u00bb{}\u00bb]<\/p>\n<p style=\"text-align: justify;\">Con el mi\u00e9rcoles de ceniza iniciamos la Cuaresma con una<br \/>visi\u00f3n de esperanza y fe, reconociendo nuestra fragilidad<br \/>humana para ser mejores y alcanzar as\u00ed la vida en Cristo.<br \/>\u201cRecuerda que polvo eres y en polvo te convertir\u00e1s.\u201d<\/p>\n<p>[\/et_pb_text][\/et_pb_column][\/et_pb_row][et_pb_row column_structure=\u00bb1_2,1_2&#8243; _builder_version=\u00bb4.27.4&#8243; _module_preset=\u00bbdefault\u00bb global_colors_info=\u00bb{}\u00bb][et_pb_column type=\u00bb1_2&#8243; _builder_version=\u00bb4.27.4&#8243; _module_preset=\u00bbdefault\u00bb global_colors_info=\u00bb{}\u00bb][et_pb_image src=\u00bbhttps:\/\/tepeyac.edu.mx\/wp23c\/wp-content\/uploads\/2026\/02\/Invitacion-eventos-2s-18-feb.jpg\u00bb title_text=\u00bbInvitacion eventos 2s 18 feb\u00bb show_in_lightbox=\u00bbon\u00bb _builder_version=\u00bb4.27.5&#8243; _module_preset=\u00bbdefault\u00bb global_colors_info=\u00bb{}\u00bb][\/et_pb_image][\/et_pb_column][et_pb_column type=\u00bb1_2&#8243; _builder_version=\u00bb4.27.4&#8243; _module_preset=\u00bbdefault\u00bb global_colors_info=\u00bb{}\u00bb][et_pb_text _builder_version=\u00bb4.27.5&#8243; _module_preset=\u00bbdefault\u00bb global_colors_info=\u00bb{}\u00bb]<\/p>\n<p style=\"text-align: justify;\">El escenario cobra vida a trav\u00e9s del talento, la creatividad y la sensibilidad de nuestros estudiantes, quienes presentan una serie de mini musicales originales, resultado de su proyecto art\u00edstico desarrollado en la asignatura de Artes\/Danza II.<\/p>\n<p style=\"text-align: justify;\">Cada presentaci\u00f3n es el reflejo de un proceso creativo \u00fanico, donde la danza, la m\u00fasica, la expresi\u00f3n corporal, la caracterizaci\u00f3n y la escenograf\u00eda se integran para contar historias que emocionan, inspiran y conectan con el p\u00fablico. A trav\u00e9s del trabajo colaborativo, los alumnos han explorado su capacidad de comunicar ideas, sentimientos y visiones del mundo, transformando el arte en una experiencia viva.<\/p>\n<p style=\"text-align: justify;\">Este evento no solo es una muestra art\u00edstica, sino una celebraci\u00f3n del crecimiento personal, la creatividad y el trabajo en equipo. Es una oportunidad para que las familias y la comunidad sean testigos del desarrollo art\u00edstico, la confianza y la expresi\u00f3n aut\u00e9ntica de cada estudiante.<\/p>\n<p style=\"text-align: justify;\">Los invitamos a vivir una experiencia llena de emoci\u00f3n, talento y arte, donde cada mini musical es una ventana al universo creativo de nuestros j\u00f3venes. Vengan a descubrir, sentir y celebrar el arte en escena.<\/p>\n<p>[\/et_pb_text][\/et_pb_column][\/et_pb_row][et_pb_row column_structure=\u00bb1_2,1_2&#8243; _builder_version=\u00bb4.27.4&#8243; _module_preset=\u00bbdefault\u00bb global_colors_info=\u00bb{}\u00bb][et_pb_column type=\u00bb1_2&#8243; _builder_version=\u00bb4.27.4&#8243; _module_preset=\u00bbdefault\u00bb global_colors_info=\u00bb{}\u00bb][et_pb_image src=\u00bbhttps:\/\/tepeyac.edu.mx\/wp23c\/wp-content\/uploads\/2026\/02\/cartel-peregrinacion-basilica-copia.jpg\u00bb title_text=\u00bbcartel peregrinaci\u00f3n basilica copia\u00bb show_in_lightbox=\u00bbon\u00bb _builder_version=\u00bb4.27.5&#8243; _module_preset=\u00bbdefault\u00bb global_colors_info=\u00bb{}\u00bb][\/et_pb_image][\/et_pb_column][et_pb_column type=\u00bb1_2&#8243; _builder_version=\u00bb4.27.4&#8243; _module_preset=\u00bbdefault\u00bb global_colors_info=\u00bb{}\u00bb][et_pb_text _builder_version=\u00bb4.27.5&#8243; _module_preset=\u00bbdefault\u00bb global_colors_info=\u00bb{}\u00bb]<\/p>\n<p>En el marco de la celebraci\u00f3n del 85 Aniversario del Colegio y 50 de la<br \/>Universidad del Tepeyac, peregrinaremos para agradecer a Santa Mar\u00eda de<br \/>Guadalupe, nuestra misi\u00f3n educativa, y a cada uno de los miembros de esta<br \/>comunidad que Dios los siga bendiciendo para seguir formando estudiantes<br \/>con fe, esperanza y amor.<\/p>\n<p>[\/et_pb_text][\/et_pb_column][\/et_pb_row][et_pb_row column_structure=\u00bb1_2,1_2&#8243; _builder_version=\u00bb4.27.4&#8243; _module_preset=\u00bbdefault\u00bb global_colors_info=\u00bb{}\u00bb][et_pb_column type=\u00bb1_2&#8243; _builder_version=\u00bb4.27.4&#8243; _module_preset=\u00bbdefault\u00bb global_colors_info=\u00bb{}\u00bb][et_pb_image src=\u00bbhttps:\/\/tepeyac.edu.mx\/wp23c\/wp-content\/uploads\/2026\/02\/hat-challenge-formato-web-copia.jpg\u00bb title_text=\u00bbhat challenge formato web copia\u00bb show_in_lightbox=\u00bbon\u00bb _builder_version=\u00bb4.27.5&#8243; _module_preset=\u00bbdefault\u00bb global_colors_info=\u00bb{}\u00bb][\/et_pb_image][\/et_pb_column][et_pb_column type=\u00bb1_2&#8243; _builder_version=\u00bb4.27.4&#8243; _module_preset=\u00bbdefault\u00bb global_colors_info=\u00bb{}\u00bb][et_pb_text _builder_version=\u00bb4.27.5&#8243; _module_preset=\u00bbdefault\u00bb global_colors_info=\u00bb{}\u00bb]<\/p>\n<div>\u00a1La creatividad y la amistad se hacen presentes en el Colegio del Tepeyac!<\/div>\n<div>\n<div dir=\"auto\">Este 13 de febrero a las 5:00 p.m. viviremos nuestro esperado Hat Challenge, una celebraci\u00f3n llena de color, imaginaci\u00f3n y mucho coraz\u00f3n.<\/div>\n<div dir=\"auto\"><\/div>\n<div dir=\"auto\">Nuestros alumnos desfilar\u00e1n con incre\u00edbles sombreros inspirados en el D\u00eda del Amor y la Amistad, demostrando talento, originalidad y ese esp\u00edritu que nos une como comunidad.<\/div>\n<div dir=\"auto\"><\/div>\n<div dir=\"auto\">Disfrutaremos de pasarelas, bailes, m\u00fasica y momentos especiales que quedar\u00e1n guardados en la memoria de todos.<\/div>\n<div dir=\"auto\">Y eso no es todo\u2026 \u00a1habr\u00e1 mucha energ\u00eda, sonrisas y diversi\u00f3n para compartir en familia!<\/div>\n<\/div>\n<p>[\/et_pb_text][et_pb_text _builder_version=\u00bb4.27.5&#8243; _module_preset=\u00bbdefault\u00bb global_colors_info=\u00bb{}\u00bb]<\/p>\n<div>\u00a1La creatividad y la amistad se hacen presentes en el Colegio del Tepeyac!<\/div>\n<div>\n<div dir=\"auto\">Este 13 de febrero a las 5:00 p.m. viviremos nuestro esperado Hat Challenge, una celebraci\u00f3n llena de color, imaginaci\u00f3n y mucho coraz\u00f3n.<\/div>\n<div dir=\"auto\"><\/div>\n<div dir=\"auto\">Nuestros alumnos desfilar\u00e1n con incre\u00edbles sombreros inspirados en el D\u00eda del Amor y la Amistad, demostrando talento, originalidad y ese esp\u00edritu que nos une como comunidad.<\/div>\n<div dir=\"auto\"><\/div>\n<div dir=\"auto\">Disfrutaremos de pasarelas, bailes, m\u00fasica y momentos especiales que quedar\u00e1n guardados en la memoria de todos.<\/div>\n<div dir=\"auto\">Y eso no es todo\u2026 \u00a1habr\u00e1 mucha energ\u00eda, sonrisas y diversi\u00f3n para compartir en familia!<\/div>\n<\/div>\n<p>[\/et_pb_text][\/et_pb_column][\/et_pb_row][et_pb_row column_structure=\u00bb1_2,1_2&#8243; _builder_version=\u00bb4.27.4&#8243; _module_preset=\u00bbdefault\u00bb global_colors_info=\u00bb{}\u00bb][et_pb_column type=\u00bb1_2&#8243; _builder_version=\u00bb4.27.4&#8243; _module_preset=\u00bbdefault\u00bb global_colors_info=\u00bb{}\u00bb][et_pb_image src=\u00bbhttps:\/\/tepeyac.edu.mx\/wp23c\/wp-content\/uploads\/2025\/12\/WhatsApp-Image-2025-11-27-at-2.55.53-PM.jpeg\u00bb title_text=\u00bbWhatsApp Image 2025-11-27 at 2.55.53 PM\u00bb _builder_version=\u00bb4.27.5&#8243; _module_preset=\u00bbdefault\u00bb global_colors_info=\u00bb{}\u00bb][\/et_pb_image][\/et_pb_column][et_pb_column type=\u00bb1_2&#8243; _builder_version=\u00bb4.27.4&#8243; _module_preset=\u00bbdefault\u00bb global_colors_info=\u00bb{}\u00bb][et_pb_text _builder_version=\u00bb4.27.5&#8243; _module_preset=\u00bbdefault\u00bb global_colors_info=\u00bb{}\u00bb]<\/p>\n<p><strong>\u2728\ud83c\udf84 \u00a1La magia decembrina llega al Colegio del Tepeyac! \ud83c\udf84\u2728<\/strong><\/p>\n<p style=\"text-align: justify;\">Este 6 de diciembre te esperamos en nuestra tradicional Preposada, una tarde llena de alegr\u00eda y momentos que se quedar\u00e1n en el coraz\u00f3n.<\/p>\n<p style=\"text-align: justify;\">Disfrutaremos de antojitos, m\u00fasica, pirotecnia, juegos mec\u00e1nicos, la incre\u00edble participaci\u00f3n del Talento Tepeyac y por supuesto, el tan esperado lanzamiento del video del Gran Concierto de Aniversario.<\/p>\n<p style=\"text-align: justify;\">Y eso no es todo\u2026 \u00a1habr\u00e1 muchas sorpresas m\u00e1s y diversi\u00f3n para toda la familia! \ud83e\udd73\ud83d\udcab<br \/>Ven a vivir con nosotros una noche que nos une, nos celebra y nos llena de esp\u00edritu navide\u00f1o.<br \/>\u00a1Te esperamos! \ud83c\udf81\u2728<\/p>\n<p>[\/et_pb_text][\/et_pb_column][\/et_pb_row][et_pb_row column_structure=\u00bb1_2,1_2&#8243; _builder_version=\u00bb4.27.4&#8243; _module_preset=\u00bbdefault\u00bb global_colors_info=\u00bb{}\u00bb][et_pb_column type=\u00bb1_2&#8243; _builder_version=\u00bb4.27.4&#8243; _module_preset=\u00bbdefault\u00bb global_colors_info=\u00bb{}\u00bb][et_pb_image src=\u00bbhttps:\/\/tepeyac.edu.mx\/wp23c\/wp-content\/uploads\/2025\/10\/Imagen-de-WhatsApp-2025-10-23-a-las-09.57.34_1d9ecbd9.jpg\u00bb title_text=\u00bbImagen de WhatsApp 2025-10-23 a las 09.57.34_1d9ecbd9&#8243; _builder_version=\u00bb4.27.4&#8243; _module_preset=\u00bbdefault\u00bb global_colors_info=\u00bb{}\u00bb][\/et_pb_image][\/et_pb_column][et_pb_column type=\u00bb1_2&#8243; _builder_version=\u00bb4.27.4&#8243; _module_preset=\u00bbdefault\u00bb global_colors_info=\u00bb{}\u00bb][et_pb_text _builder_version=\u00bb4.27.4&#8243; _module_preset=\u00bbdefault\u00bb global_colors_info=\u00bb{}\u00bb]<\/p>\n<p style=\"text-align: justify;\"><strong>GRAN CONCIERTO DE ANIVERSARIOS DEL COLEGIO Y UNIVERSIDAD DEL TEPEYAC<\/strong><\/p>\n<p style=\"text-align: justify;\">\u00a1Celebremos juntos d\u00e9cadas de historia y aprendizaje! <br \/>En el marco de los aniversarios de 85 a\u00f1os de la fundaci\u00f3n del Colegio del Tepeyac y 50 a\u00f1os de la Universidad del Tepeyac, se ha preparado un gran Concierto con la participaci\u00f3n de la Orquesta Sinf\u00f3nica de Aniversarios interpretada por virtuosos de la m\u00fasica y Talento Tepeyac de varias generaciones, el cual promete ser espectacular, un evento de gran nivel donde la interpretaci\u00f3n art\u00edstica, selecci\u00f3n de canciones y despliegue tecnol\u00f3gico nos har\u00e1n pasar una tarde inolvidable.<\/p>\n<p style=\"text-align: justify;\">\u00a1No te puedes perder el gran Concierto de Aniversarios!<\/p>\n<p style=\"text-align: justify;\">Ven por tus boletos en recepci\u00f3n de Colegio (\u00e1rea de trofeos) y s\u00e9 parte de esta gran historia.<\/p>\n<p style=\"text-align: justify;\">Cupo limitado<\/p>\n<p>[\/et_pb_text][\/et_pb_column][\/et_pb_row][\/et_pb_section]<\/p>\n","protected":false},"excerpt":{"rendered":"<p>\u200bMantente al tanto de los pr\u00f3ximos eventos del Colegio del Tepeyac, desde actividades acad\u00e9micas hasta encuentros deportivos y culturales.<\/p>\n","protected":false},"author":2,"featured_media":2034,"parent":0,"menu_order":0,"comment_status":"closed","ping_status":"closed","template":"","meta":{"_et_pb_use_builder":"on","_et_pb_old_content":"","_et_gb_content_width":"","content-type":"","_joinchat":[],"footnotes":""},"class_list":["post-1980","page","type-page","status-publish","has-post-thumbnail","hentry"],"yoast_head":"<!-- This site is optimized with the Yoast SEO plugin v27.4 - https:\/\/yoast.com\/product\/yoast-seo-wordpress\/ -->\n<title>Eventos - Colegios del Tepeyac<\/title>\n<meta name=\"description\" content=\"Mantente informado sobre los pr\u00f3ximos eventos del Colegio del Tepeyac, desde actividades acad\u00e9micas hasta encuentros deportivos y culturales.\" \/>\n<meta name=\"robots\" content=\"index, follow, max-snippet:-1, max-image-preview:large, max-video-preview:-1\" \/>\n<link rel=\"canonical\" href=\"https:\/\/tepeyac.edu.mx\/wp23c\/eventos_col\/\" \/>\n<meta property=\"og:locale\" content=\"es_ES\" \/>\n<meta property=\"og:type\" content=\"article\" \/>\n<meta property=\"og:title\" content=\"Eventos - Colegios del Tepeyac\" \/>\n<meta property=\"og:description\" content=\"Mantente informado sobre los pr\u00f3ximos eventos del Colegio del Tepeyac, desde actividades acad\u00e9micas hasta encuentros deportivos y culturales.\" \/>\n<meta property=\"og:url\" content=\"https:\/\/tepeyac.edu.mx\/wp23c\/eventos_col\/\" \/>\n<meta property=\"og:site_name\" content=\"Colegios del Tepeyac\" \/>\n<meta property=\"article:publisher\" content=\"https:\/\/www.facebook.com\/colegiodeltepeyac\" \/>\n<meta property=\"article:modified_time\" content=\"2026-05-06T20:36:43+00:00\" \/>\n<meta property=\"og:image\" content=\"https:\/\/tepeyac.edu.mx\/wp23c\/wp-content\/uploads\/2025\/04\/logo-texpo.jpg\" \/>\n\t<meta property=\"og:image:width\" content=\"1057\" \/>\n\t<meta property=\"og:image:height\" content=\"261\" \/>\n\t<meta property=\"og:image:type\" content=\"image\/jpeg\" \/>\n<meta name=\"twitter:card\" content=\"summary_large_image\" \/>\n<meta name=\"twitter:label1\" content=\"Tiempo de lectura\" \/>\n\t<meta name=\"twitter:data1\" content=\"2 minutos\" \/>\n<script type=\"application\/ld+json\" class=\"yoast-schema-graph\">{\"@context\":\"https:\\\/\\\/schema.org\",\"@graph\":[{\"@type\":\"WebPage\",\"@id\":\"https:\\\/\\\/tepeyac.edu.mx\\\/wp23c\\\/eventos_col\\\/\",\"url\":\"https:\\\/\\\/tepeyac.edu.mx\\\/wp23c\\\/eventos_col\\\/\",\"name\":\"Eventos - Colegios del Tepeyac\",\"isPartOf\":{\"@id\":\"https:\\\/\\\/tepeyac.edu.mx\\\/wp23c\\\/#website\"},\"primaryImageOfPage\":{\"@id\":\"https:\\\/\\\/tepeyac.edu.mx\\\/wp23c\\\/eventos_col\\\/#primaryimage\"},\"image\":{\"@id\":\"https:\\\/\\\/tepeyac.edu.mx\\\/wp23c\\\/eventos_col\\\/#primaryimage\"},\"thumbnailUrl\":\"https:\\\/\\\/tepeyac.edu.mx\\\/wp23c\\\/wp-content\\\/uploads\\\/2025\\\/04\\\/logo-texpo.jpg\",\"datePublished\":\"2025-03-25T17:44:03+00:00\",\"dateModified\":\"2026-05-06T20:36:43+00:00\",\"description\":\"Mantente informado sobre los pr\u00f3ximos eventos del Colegio del Tepeyac, desde actividades acad\u00e9micas hasta encuentros deportivos y culturales.\",\"breadcrumb\":{\"@id\":\"https:\\\/\\\/tepeyac.edu.mx\\\/wp23c\\\/eventos_col\\\/#breadcrumb\"},\"inLanguage\":\"es\",\"potentialAction\":[{\"@type\":\"ReadAction\",\"target\":[\"https:\\\/\\\/tepeyac.edu.mx\\\/wp23c\\\/eventos_col\\\/\"]}]},{\"@type\":\"ImageObject\",\"inLanguage\":\"es\",\"@id\":\"https:\\\/\\\/tepeyac.edu.mx\\\/wp23c\\\/eventos_col\\\/#primaryimage\",\"url\":\"https:\\\/\\\/tepeyac.edu.mx\\\/wp23c\\\/wp-content\\\/uploads\\\/2025\\\/04\\\/logo-texpo.jpg\",\"contentUrl\":\"https:\\\/\\\/tepeyac.edu.mx\\\/wp23c\\\/wp-content\\\/uploads\\\/2025\\\/04\\\/logo-texpo.jpg\",\"width\":1057,\"height\":261},{\"@type\":\"BreadcrumbList\",\"@id\":\"https:\\\/\\\/tepeyac.edu.mx\\\/wp23c\\\/eventos_col\\\/#breadcrumb\",\"itemListElement\":[{\"@type\":\"ListItem\",\"position\":1,\"name\":\"Portada\",\"item\":\"https:\\\/\\\/tepeyac.edu.mx\\\/wp23c\\\/\"},{\"@type\":\"ListItem\",\"position\":2,\"name\":\"Eventos\"}]},{\"@type\":\"WebSite\",\"@id\":\"https:\\\/\\\/tepeyac.edu.mx\\\/wp23c\\\/#website\",\"url\":\"https:\\\/\\\/tepeyac.edu.mx\\\/wp23c\\\/\",\"name\":\"Colegio del Tepeyac\",\"description\":\"Instituci\u00f3n Educativa\",\"publisher\":{\"@id\":\"https:\\\/\\\/tepeyac.edu.mx\\\/wp23c\\\/#organization\"},\"alternateName\":\"Colegio del Tepeyac\",\"potentialAction\":[{\"@type\":\"SearchAction\",\"target\":{\"@type\":\"EntryPoint\",\"urlTemplate\":\"https:\\\/\\\/tepeyac.edu.mx\\\/wp23c\\\/?s={search_term_string}\"},\"query-input\":{\"@type\":\"PropertyValueSpecification\",\"valueRequired\":true,\"valueName\":\"search_term_string\"}}],\"inLanguage\":\"es\"},{\"@type\":\"Organization\",\"@id\":\"https:\\\/\\\/tepeyac.edu.mx\\\/wp23c\\\/#organization\",\"name\":\"Colegios del Tepeyac\",\"url\":\"https:\\\/\\\/tepeyac.edu.mx\\\/wp23c\\\/\",\"logo\":{\"@type\":\"ImageObject\",\"inLanguage\":\"es\",\"@id\":\"https:\\\/\\\/tepeyac.edu.mx\\\/wp23c\\\/#\\\/schema\\\/logo\\\/image\\\/\",\"url\":\"https:\\\/\\\/tepeyac.edu.mx\\\/wp23c\\\/wp-content\\\/uploads\\\/2025\\\/02\\\/Logo-Colegiod-el-Tepeyac.jpg\",\"contentUrl\":\"https:\\\/\\\/tepeyac.edu.mx\\\/wp23c\\\/wp-content\\\/uploads\\\/2025\\\/02\\\/Logo-Colegiod-el-Tepeyac.jpg\",\"width\":709,\"height\":709,\"caption\":\"Colegios del Tepeyac\"},\"image\":{\"@id\":\"https:\\\/\\\/tepeyac.edu.mx\\\/wp23c\\\/#\\\/schema\\\/logo\\\/image\\\/\"},\"sameAs\":[\"https:\\\/\\\/www.facebook.com\\\/colegiodeltepeyac\"]}]}<\/script>\n<!-- \/ Yoast SEO plugin. -->","yoast_head_json":{"title":"Eventos - Colegios del Tepeyac","description":"Mantente informado sobre los pr\u00f3ximos eventos del Colegio del Tepeyac, desde actividades acad\u00e9micas hasta encuentros deportivos y culturales.","robots":{"index":"index","follow":"follow","max-snippet":"max-snippet:-1","max-image-preview":"max-image-preview:large","max-video-preview":"max-video-preview:-1"},"canonical":"https:\/\/tepeyac.edu.mx\/wp23c\/eventos_col\/","og_locale":"es_ES","og_type":"article","og_title":"Eventos - Colegios del Tepeyac","og_description":"Mantente informado sobre los pr\u00f3ximos eventos del Colegio del Tepeyac, desde actividades acad\u00e9micas hasta encuentros deportivos y culturales.","og_url":"https:\/\/tepeyac.edu.mx\/wp23c\/eventos_col\/","og_site_name":"Colegios del Tepeyac","article_publisher":"https:\/\/www.facebook.com\/colegiodeltepeyac","article_modified_time":"2026-05-06T20:36:43+00:00","og_image":[{"width":1057,"height":261,"url":"https:\/\/tepeyac.edu.mx\/wp23c\/wp-content\/uploads\/2025\/04\/logo-texpo.jpg","type":"image\/jpeg"}],"twitter_card":"summary_large_image","twitter_misc":{"Tiempo de lectura":"2 minutos"},"schema":{"@context":"https:\/\/schema.org","@graph":[{"@type":"WebPage","@id":"https:\/\/tepeyac.edu.mx\/wp23c\/eventos_col\/","url":"https:\/\/tepeyac.edu.mx\/wp23c\/eventos_col\/","name":"Eventos - Colegios del Tepeyac","isPartOf":{"@id":"https:\/\/tepeyac.edu.mx\/wp23c\/#website"},"primaryImageOfPage":{"@id":"https:\/\/tepeyac.edu.mx\/wp23c\/eventos_col\/#primaryimage"},"image":{"@id":"https:\/\/tepeyac.edu.mx\/wp23c\/eventos_col\/#primaryimage"},"thumbnailUrl":"https:\/\/tepeyac.edu.mx\/wp23c\/wp-content\/uploads\/2025\/04\/logo-texpo.jpg","datePublished":"2025-03-25T17:44:03+00:00","dateModified":"2026-05-06T20:36:43+00:00","description":"Mantente informado sobre los pr\u00f3ximos eventos del Colegio del Tepeyac, desde actividades acad\u00e9micas hasta encuentros deportivos y culturales.","breadcrumb":{"@id":"https:\/\/tepeyac.edu.mx\/wp23c\/eventos_col\/#breadcrumb"},"inLanguage":"es","potentialAction":[{"@type":"ReadAction","target":["https:\/\/tepeyac.edu.mx\/wp23c\/eventos_col\/"]}]},{"@type":"ImageObject","inLanguage":"es","@id":"https:\/\/tepeyac.edu.mx\/wp23c\/eventos_col\/#primaryimage","url":"https:\/\/tepeyac.edu.mx\/wp23c\/wp-content\/uploads\/2025\/04\/logo-texpo.jpg","contentUrl":"https:\/\/tepeyac.edu.mx\/wp23c\/wp-content\/uploads\/2025\/04\/logo-texpo.jpg","width":1057,"height":261},{"@type":"BreadcrumbList","@id":"https:\/\/tepeyac.edu.mx\/wp23c\/eventos_col\/#breadcrumb","itemListElement":[{"@type":"ListItem","position":1,"name":"Portada","item":"https:\/\/tepeyac.edu.mx\/wp23c\/"},{"@type":"ListItem","position":2,"name":"Eventos"}]},{"@type":"WebSite","@id":"https:\/\/tepeyac.edu.mx\/wp23c\/#website","url":"https:\/\/tepeyac.edu.mx\/wp23c\/","name":"Colegio del Tepeyac","description":"Instituci\u00f3n Educativa","publisher":{"@id":"https:\/\/tepeyac.edu.mx\/wp23c\/#organization"},"alternateName":"Colegio del Tepeyac","potentialAction":[{"@type":"SearchAction","target":{"@type":"EntryPoint","urlTemplate":"https:\/\/tepeyac.edu.mx\/wp23c\/?s={search_term_string}"},"query-input":{"@type":"PropertyValueSpecification","valueRequired":true,"valueName":"search_term_string"}}],"inLanguage":"es"},{"@type":"Organization","@id":"https:\/\/tepeyac.edu.mx\/wp23c\/#organization","name":"Colegios del Tepeyac","url":"https:\/\/tepeyac.edu.mx\/wp23c\/","logo":{"@type":"ImageObject","inLanguage":"es","@id":"https:\/\/tepeyac.edu.mx\/wp23c\/#\/schema\/logo\/image\/","url":"https:\/\/tepeyac.edu.mx\/wp23c\/wp-content\/uploads\/2025\/02\/Logo-Colegiod-el-Tepeyac.jpg","contentUrl":"https:\/\/tepeyac.edu.mx\/wp23c\/wp-content\/uploads\/2025\/02\/Logo-Colegiod-el-Tepeyac.jpg","width":709,"height":709,"caption":"Colegios del Tepeyac"},"image":{"@id":"https:\/\/tepeyac.edu.mx\/wp23c\/#\/schema\/logo\/image\/"},"sameAs":["https:\/\/www.facebook.com\/colegiodeltepeyac"]}]}},"_links":{"self":[{"href":"https:\/\/tepeyac.edu.mx\/wp23c\/wp-json\/wp\/v2\/pages\/1980","targetHints":{"allow":["GET"]}}],"collection":[{"href":"https:\/\/tepeyac.edu.mx\/wp23c\/wp-json\/wp\/v2\/pages"}],"about":[{"href":"https:\/\/tepeyac.edu.mx\/wp23c\/wp-json\/wp\/v2\/types\/page"}],"author":[{"embeddable":true,"href":"https:\/\/tepeyac.edu.mx\/wp23c\/wp-json\/wp\/v2\/users\/2"}],"replies":[{"embeddable":true,"href":"https:\/\/tepeyac.edu.mx\/wp23c\/wp-json\/wp\/v2\/comments?post=1980"}],"version-history":[{"count":21,"href":"https:\/\/tepeyac.edu.mx\/wp23c\/wp-json\/wp\/v2\/pages\/1980\/revisions"}],"predecessor-version":[{"id":2444,"href":"https:\/\/tepeyac.edu.mx\/wp23c\/wp-json\/wp\/v2\/pages\/1980\/revisions\/2444"}],"wp:featuredmedia":[{"embeddable":true,"href":"https:\/\/tepeyac.edu.mx\/wp23c\/wp-json\/wp\/v2\/media\/2034"}],"wp:attachment":[{"href":"https:\/\/tepeyac.edu.mx\/wp23c\/wp-json\/wp\/v2\/media?parent=1980"}],"curies":[{"name":"wp","href":"https:\/\/api.w.org\/{rel}","templated":true}]}}