{"id":250,"date":"2023-06-13T15:11:44","date_gmt":"2023-06-13T15:11:44","guid":{"rendered":"https:\/\/tepeyac.edu.mx\/wp23c\/?page_id=250"},"modified":"2026-02-26T19:18:43","modified_gmt":"2026-02-26T19:18:43","slug":"admisiones","status":"publish","type":"page","link":"https:\/\/tepeyac.edu.mx\/wp23c\/admisiones\/","title":{"rendered":"Admisiones"},"content":{"rendered":"<p>[et_pb_section fb_built=\u00bb1&#8243; fullwidth=\u00bbon\u00bb admin_label=\u00bbHeader Section\u00bb _builder_version=\u00bb4.21.0&#8243; background_color=\u00bbRGBA(255,255,255,0)\u00bb background_image=\u00bbhttps:\/\/tepeyac.edu.mx\/wp23c\/wp-content\/uploads\/2023\/06\/dfg-1.jpg\u00bb parallax=\u00bbon\u00bb top_divider_color=\u00bbrgba(255,255,255,0.3)\u00bb top_divider_height=\u00bb100%\u00bb bottom_divider_height=\u00bb30px\u00bb global_colors_info=\u00bb{}\u00bb][et_pb_fullwidth_header title=\u00bbAdmisiones\u00bb subhead=\u00bbForma parte de la familia Tepeyac\u00bb text_orientation=\u00bbcenter\u00bb _builder_version=\u00bb4.21.0&#8243; title_level=\u00bbh2&#8243; title_font=\u00bbRubik|700||on|||||\u00bb title_text_color=\u00bb#ff7355&#8243; title_font_size=\u00bb16px\u00bb title_letter_spacing=\u00bb5px\u00bb title_line_height=\u00bb2em\u00bb content_font=\u00bb||||||||\u00bb content_font_size=\u00bb18px\u00bb content_line_height=\u00bb2em\u00bb subhead_font=\u00bbRubik|700|||||||\u00bb subhead_text_color=\u00bbrgba(0,0,0,0.8)\u00bb subhead_font_size=\u00bb50px\u00bb subhead_line_height=\u00bb1.4em\u00bb background_color=\u00bbrgba(255,255,255,0)\u00bb use_background_color_gradient=\u00bbon\u00bb background_color_gradient_stops=\u00bbrgba(255,255,255,0.7) 0%|#ffffff 100%\u00bb background_color_gradient_start=\u00bbrgba(255,255,255,0.7)\u00bb background_color_gradient_end=\u00bb#ffffff\u00bb background_size=\u00bbcontain\u00bb background_position=\u00bbbottom_center\u00bb custom_button_one=\u00bbon\u00bb button_one_text_size=\u00bb16px\u00bb button_one_text_color=\u00bb#ffffff\u00bb button_one_bg_color=\u00bb#ff7355&#8243; button_one_border_width=\u00bb15px\u00bb button_one_border_color=\u00bbrgba(210,159,104,0)\u00bb button_one_border_radius=\u00bb100px\u00bb button_one_letter_spacing=\u00bb0px\u00bb button_one_font=\u00bbRubik|700|||||||\u00bb button_one_use_icon=\u00bboff\u00bb custom_button_two=\u00bbon\u00bb button_two_text_size=\u00bb16px\u00bb button_two_text_color=\u00bb#ffffff\u00bb button_two_bg_color=\u00bbrgba(0,0,0,0.6)\u00bb button_two_border_width=\u00bb15px\u00bb button_two_border_color=\u00bbrgba(210,159,104,0)\u00bb button_two_border_radius=\u00bb100px\u00bb button_two_letter_spacing=\u00bb0px\u00bb button_two_font=\u00bbRubik|700|||||||\u00bb button_two_use_icon=\u00bboff\u00bb background_layout=\u00bblight\u00bb custom_margin=\u00bb|||\u00bb custom_padding=\u00bb8vw||1vw|||\u00bb animation_style=\u00bbslide\u00bb animation_direction=\u00bbbottom\u00bb animation_intensity_slide=\u00bb1%\u00bb subhead_font_size_tablet=\u00bb\u00bb subhead_font_size_phone=\u00bb30px\u00bb subhead_font_size_last_edited=\u00bbon|phone\u00bb button_one_border_radius_hover=\u00bb100px\u00bb button_two_border_radius_hover=\u00bb100px\u00bb button_one_bg_color_hover=\u00bb#ff8a70&#8243; button_two_bg_color_hover=\u00bb#ff8a70&#8243; global_colors_info=\u00bb{}\u00bb button_one_text_size__hover_enabled=\u00bboff\u00bb button_two_text_size__hover_enabled=\u00bboff\u00bb button_one_text_color__hover_enabled=\u00bboff\u00bb button_two_text_color__hover_enabled=\u00bboff\u00bb button_one_border_width__hover_enabled=\u00bboff\u00bb button_two_border_width__hover_enabled=\u00bboff\u00bb button_one_border_color__hover_enabled=\u00bboff\u00bb button_two_border_color__hover_enabled=\u00bboff\u00bb button_one_border_radius__hover_enabled=\u00bbon\u00bb button_one_border_radius__hover=\u00bb100px\u00bb button_two_border_radius__hover_enabled=\u00bbon\u00bb button_two_border_radius__hover=\u00bb100px\u00bb button_one_letter_spacing__hover_enabled=\u00bboff\u00bb button_two_letter_spacing__hover_enabled=\u00bboff\u00bb button_one_bg_color__hover_enabled=\u00bbon\u00bb button_one_bg_color__hover=\u00bb#ff8a70&#8243; button_two_bg_color__hover_enabled=\u00bbon\u00bb button_two_bg_color__hover=\u00bb#ff8a70&#8243;]<\/p>\n<p>Estaremos encantados de conocerte y mostrarte c\u00f3mo pertenecer al Colegio del Tepeyac<\/p>\n<p>[\/et_pb_fullwidth_header][\/et_pb_section][et_pb_section fb_built=\u00bb1&#8243; theme_builder_area=\u00bbpost_content\u00bb _builder_version=\u00bb4.27.5&#8243; _module_preset=\u00bbdefault\u00bb custom_padding=\u00bb13px|||||\u00bb custom_margin=\u00bb||-69px|||\u00bb][et_pb_row _builder_version=\u00bb4.27.5&#8243; _module_preset=\u00bbdefault\u00bb theme_builder_area=\u00bbpost_content\u00bb custom_padding=\u00bb0px|||||\u00bb][et_pb_column _builder_version=\u00bb4.27.5&#8243; _module_preset=\u00bbdefault\u00bb type=\u00bb4_4&#8243; theme_builder_area=\u00bbpost_content\u00bb][et_pb_image src=\u00bbhttps:\/\/tepeyac.edu.mx\/wp23c\/wp-content\/uploads\/2026\/02\/01reg.jpg\u00bb _builder_version=\u00bb4.27.5&#8243; _module_preset=\u00bbdefault\u00bb theme_builder_area=\u00bbpost_content\u00bb title_text=\u00bb01reg\u00bb hover_enabled=\u00bb0&#8243; sticky_enabled=\u00bb0&#8243; url=\u00bbhttps:\/\/forms.gle\/SkSBi6Ci2my5Chb8A\u00bb url_new_window=\u00bbon\u00bb][\/et_pb_image][\/et_pb_column][\/et_pb_row][\/et_pb_section][et_pb_section fb_built=\u00bb1&#8243; _builder_version=\u00bb4.21.0&#8243; _module_preset=\u00bbdefault\u00bb global_colors_info=\u00bb{}\u00bb custom_padding=\u00bb7px|||||\u00bb][et_pb_row _builder_version=\u00bb4.27.4&#8243; _module_preset=\u00bbdefault\u00bb global_colors_info=\u00bb{}\u00bb][et_pb_column type=\u00bb4_4&#8243; _builder_version=\u00bb4.21.0&#8243; _module_preset=\u00bbdefault\u00bb global_colors_info=\u00bb{}\u00bb][et_pb_text _builder_version=\u00bb4.21.0&#8243; _module_preset=\u00bbdefault\u00bb text_font_size=\u00bb18px\u00bb header_font=\u00bb|300|||||||\u00bb header_3_font=\u00bb|300|||||||\u00bb header_3_font_size=\u00bb18px\u00bb global_colors_info=\u00bb{}\u00bb]<\/p>\n<h3 style=\"text-align: center;\">Si lo prefieres tambi\u00e9n puedes ponerte en contacto con nosotros a trav\u00e9s del chat del sitio, tel\u00e9fono, Email o WhatsApp<\/h3>\n<p style=\"text-align: center;\">55 57814033\u00a0 Ext. 265 \/ 236<\/p>\n<p style=\"text-align: center;\">admisiones@tepeyac.edu.mx<\/p>\n<p>[\/et_pb_text][et_pb_image src=\u00bbhttps:\/\/tepeyac.edu.mx\/wp23c\/wp-content\/uploads\/2023\/06\/whatsapp-1.jpg\u00bb title_text=\u00bbwhatsapp\u00bb url=\u00bbhttps:\/\/api.whatsapp.com\/send?phone=5573304032&#038;text=Hola!%20Quiero%20informes%20de%20admisiones\u00bb align=\u00bbcenter\u00bb _builder_version=\u00bb4.27.4&#8243; _module_preset=\u00bbdefault\u00bb global_colors_info=\u00bb{}\u00bb][\/et_pb_image][\/et_pb_column][\/et_pb_row][\/et_pb_section][et_pb_section fb_built=\u00bb1&#8243; fullwidth=\u00bbon\u00bb _builder_version=\u00bb4.21.0&#8243; _module_preset=\u00bbdefault\u00bb width=\u00bb100%\u00bb global_colors_info=\u00bb{}\u00bb][et_pb_fullwidth_code _builder_version=\u00bb4.21.0&#8243; _module_preset=\u00bbdefault\u00bb text_orientation=\u00bbcenter\u00bb global_colors_info=\u00bb{}\u00bb]<iframe src=\"https:\/\/www.google.com\/maps\/embed?pb=!1m18!1m12!1m3!1d3761.168934934163!2d-99.12544676138214!3d19.49136637053213!2m3!1f0!2f0!3f0!3m2!1i1024!2i768!4f13.1!3m3!1m2!1s0x85d1f90d523914f3%3A0x18fb3eb0dac6661!2sColegio%20del%20Tepeyac!5e0!3m2!1ses!2smx!4v1686671808393!5m2!1ses!2smx\" width=\"1850\" height=\"500\" style=\"border:0;\" allowfullscreen=\"\" loading=\"lazy\" referrerpolicy=\"no-referrer-when-downgrade\"><\/iframe>[\/et_pb_fullwidth_code][\/et_pb_section]<\/p>\n","protected":false},"excerpt":{"rendered":"<p>Estaremos encantados de conocerte y mostrarte c\u00f3mo pertenecer al Colegio del TepeyacSi lo prefieres tambi\u00e9n puedes ponerte en contacto con nosotros a trav\u00e9s del chat del sitio, tel\u00e9fono, Email o WhatsApp 55 57814033\u00a0 Ext. 265 \/ 236 admisiones@tepeyac.edu.mx<\/p>\n","protected":false},"author":1,"featured_media":0,"parent":0,"menu_order":0,"comment_status":"closed","ping_status":"closed","template":"","meta":{"_et_pb_use_builder":"on","_et_pb_old_content":"","_et_gb_content_width":"","content-type":"","_joinchat":[],"footnotes":""},"class_list":["post-250","page","type-page","status-publish","hentry"],"yoast_head":"<!-- This site is optimized with the Yoast SEO plugin v27.4 - https:\/\/yoast.com\/product\/yoast-seo-wordpress\/ -->\n<title>Admisiones - Colegios del Tepeyac<\/title>\n<meta name=\"robots\" content=\"index, follow, max-snippet:-1, max-image-preview:large, max-video-preview:-1\" \/>\n<link rel=\"canonical\" href=\"https:\/\/tepeyac.edu.mx\/wp23c\/admisiones\/\" \/>\n<meta property=\"og:locale\" content=\"es_ES\" \/>\n<meta property=\"og:type\" content=\"article\" \/>\n<meta property=\"og:title\" content=\"Admisiones - Colegios del Tepeyac\" \/>\n<meta property=\"og:description\" content=\"Estaremos encantados de conocerte y mostrarte c\u00f3mo pertenecer al Colegio del TepeyacSi lo prefieres tambi\u00e9n puedes ponerte en contacto con nosotros a trav\u00e9s del chat del sitio, tel\u00e9fono, Email o WhatsApp 55 57814033\u00a0 Ext. 265 \/ 236 admisiones@tepeyac.edu.mx\" \/>\n<meta property=\"og:url\" content=\"https:\/\/tepeyac.edu.mx\/wp23c\/admisiones\/\" \/>\n<meta property=\"og:site_name\" content=\"Colegios del Tepeyac\" \/>\n<meta property=\"article:publisher\" content=\"https:\/\/www.facebook.com\/colegiodeltepeyac\" \/>\n<meta property=\"article:modified_time\" content=\"2026-02-26T19:18:43+00:00\" \/>\n<meta property=\"og:image\" content=\"https:\/\/tepeyac.edu.mx\/wp23c\/wp-content\/uploads\/2025\/02\/Logo-Colegiod-el-Tepeyac.jpg\" \/>\n\t<meta property=\"og:image:width\" content=\"709\" \/>\n\t<meta property=\"og:image:height\" content=\"709\" \/>\n\t<meta property=\"og:image:type\" content=\"image\/jpeg\" \/>\n<meta name=\"twitter:card\" content=\"summary_large_image\" \/>\n<meta name=\"twitter:label1\" content=\"Tiempo de lectura\" \/>\n\t<meta name=\"twitter:data1\" content=\"4 minutos\" \/>\n<script type=\"application\/ld+json\" class=\"yoast-schema-graph\">{\"@context\":\"https:\\\/\\\/schema.org\",\"@graph\":[{\"@type\":\"WebPage\",\"@id\":\"https:\\\/\\\/tepeyac.edu.mx\\\/wp23c\\\/admisiones\\\/\",\"url\":\"https:\\\/\\\/tepeyac.edu.mx\\\/wp23c\\\/admisiones\\\/\",\"name\":\"Admisiones - Colegios del Tepeyac\",\"isPartOf\":{\"@id\":\"https:\\\/\\\/tepeyac.edu.mx\\\/wp23c\\\/#website\"},\"datePublished\":\"2023-06-13T15:11:44+00:00\",\"dateModified\":\"2026-02-26T19:18:43+00:00\",\"breadcrumb\":{\"@id\":\"https:\\\/\\\/tepeyac.edu.mx\\\/wp23c\\\/admisiones\\\/#breadcrumb\"},\"inLanguage\":\"es\",\"potentialAction\":[{\"@type\":\"ReadAction\",\"target\":[\"https:\\\/\\\/tepeyac.edu.mx\\\/wp23c\\\/admisiones\\\/\"]}]},{\"@type\":\"BreadcrumbList\",\"@id\":\"https:\\\/\\\/tepeyac.edu.mx\\\/wp23c\\\/admisiones\\\/#breadcrumb\",\"itemListElement\":[{\"@type\":\"ListItem\",\"position\":1,\"name\":\"Portada\",\"item\":\"https:\\\/\\\/tepeyac.edu.mx\\\/wp23c\\\/\"},{\"@type\":\"ListItem\",\"position\":2,\"name\":\"Admisiones\"}]},{\"@type\":\"WebSite\",\"@id\":\"https:\\\/\\\/tepeyac.edu.mx\\\/wp23c\\\/#website\",\"url\":\"https:\\\/\\\/tepeyac.edu.mx\\\/wp23c\\\/\",\"name\":\"Colegio del Tepeyac\",\"description\":\"Instituci\u00f3n Educativa\",\"publisher\":{\"@id\":\"https:\\\/\\\/tepeyac.edu.mx\\\/wp23c\\\/#organization\"},\"alternateName\":\"Colegio del Tepeyac\",\"potentialAction\":[{\"@type\":\"SearchAction\",\"target\":{\"@type\":\"EntryPoint\",\"urlTemplate\":\"https:\\\/\\\/tepeyac.edu.mx\\\/wp23c\\\/?s={search_term_string}\"},\"query-input\":{\"@type\":\"PropertyValueSpecification\",\"valueRequired\":true,\"valueName\":\"search_term_string\"}}],\"inLanguage\":\"es\"},{\"@type\":\"Organization\",\"@id\":\"https:\\\/\\\/tepeyac.edu.mx\\\/wp23c\\\/#organization\",\"name\":\"Colegios del Tepeyac\",\"url\":\"https:\\\/\\\/tepeyac.edu.mx\\\/wp23c\\\/\",\"logo\":{\"@type\":\"ImageObject\",\"inLanguage\":\"es\",\"@id\":\"https:\\\/\\\/tepeyac.edu.mx\\\/wp23c\\\/#\\\/schema\\\/logo\\\/image\\\/\",\"url\":\"https:\\\/\\\/tepeyac.edu.mx\\\/wp23c\\\/wp-content\\\/uploads\\\/2025\\\/02\\\/Logo-Colegiod-el-Tepeyac.jpg\",\"contentUrl\":\"https:\\\/\\\/tepeyac.edu.mx\\\/wp23c\\\/wp-content\\\/uploads\\\/2025\\\/02\\\/Logo-Colegiod-el-Tepeyac.jpg\",\"width\":709,\"height\":709,\"caption\":\"Colegios del Tepeyac\"},\"image\":{\"@id\":\"https:\\\/\\\/tepeyac.edu.mx\\\/wp23c\\\/#\\\/schema\\\/logo\\\/image\\\/\"},\"sameAs\":[\"https:\\\/\\\/www.facebook.com\\\/colegiodeltepeyac\"]}]}<\/script>\n<!-- \/ Yoast SEO plugin. -->","yoast_head_json":{"title":"Admisiones - Colegios del Tepeyac","robots":{"index":"index","follow":"follow","max-snippet":"max-snippet:-1","max-image-preview":"max-image-preview:large","max-video-preview":"max-video-preview:-1"},"canonical":"https:\/\/tepeyac.edu.mx\/wp23c\/admisiones\/","og_locale":"es_ES","og_type":"article","og_title":"Admisiones - Colegios del Tepeyac","og_description":"Estaremos encantados de conocerte y mostrarte c\u00f3mo pertenecer al Colegio del TepeyacSi lo prefieres tambi\u00e9n puedes ponerte en contacto con nosotros a trav\u00e9s del chat del sitio, tel\u00e9fono, Email o WhatsApp 55 57814033\u00a0 Ext. 265 \/ 236 admisiones@tepeyac.edu.mx","og_url":"https:\/\/tepeyac.edu.mx\/wp23c\/admisiones\/","og_site_name":"Colegios del Tepeyac","article_publisher":"https:\/\/www.facebook.com\/colegiodeltepeyac","article_modified_time":"2026-02-26T19:18:43+00:00","og_image":[{"width":709,"height":709,"url":"https:\/\/tepeyac.edu.mx\/wp23c\/wp-content\/uploads\/2025\/02\/Logo-Colegiod-el-Tepeyac.jpg","type":"image\/jpeg"}],"twitter_card":"summary_large_image","twitter_misc":{"Tiempo de lectura":"4 minutos"},"schema":{"@context":"https:\/\/schema.org","@graph":[{"@type":"WebPage","@id":"https:\/\/tepeyac.edu.mx\/wp23c\/admisiones\/","url":"https:\/\/tepeyac.edu.mx\/wp23c\/admisiones\/","name":"Admisiones - Colegios del Tepeyac","isPartOf":{"@id":"https:\/\/tepeyac.edu.mx\/wp23c\/#website"},"datePublished":"2023-06-13T15:11:44+00:00","dateModified":"2026-02-26T19:18:43+00:00","breadcrumb":{"@id":"https:\/\/tepeyac.edu.mx\/wp23c\/admisiones\/#breadcrumb"},"inLanguage":"es","potentialAction":[{"@type":"ReadAction","target":["https:\/\/tepeyac.edu.mx\/wp23c\/admisiones\/"]}]},{"@type":"BreadcrumbList","@id":"https:\/\/tepeyac.edu.mx\/wp23c\/admisiones\/#breadcrumb","itemListElement":[{"@type":"ListItem","position":1,"name":"Portada","item":"https:\/\/tepeyac.edu.mx\/wp23c\/"},{"@type":"ListItem","position":2,"name":"Admisiones"}]},{"@type":"WebSite","@id":"https:\/\/tepeyac.edu.mx\/wp23c\/#website","url":"https:\/\/tepeyac.edu.mx\/wp23c\/","name":"Colegio del Tepeyac","description":"Instituci\u00f3n Educativa","publisher":{"@id":"https:\/\/tepeyac.edu.mx\/wp23c\/#organization"},"alternateName":"Colegio del Tepeyac","potentialAction":[{"@type":"SearchAction","target":{"@type":"EntryPoint","urlTemplate":"https:\/\/tepeyac.edu.mx\/wp23c\/?s={search_term_string}"},"query-input":{"@type":"PropertyValueSpecification","valueRequired":true,"valueName":"search_term_string"}}],"inLanguage":"es"},{"@type":"Organization","@id":"https:\/\/tepeyac.edu.mx\/wp23c\/#organization","name":"Colegios del Tepeyac","url":"https:\/\/tepeyac.edu.mx\/wp23c\/","logo":{"@type":"ImageObject","inLanguage":"es","@id":"https:\/\/tepeyac.edu.mx\/wp23c\/#\/schema\/logo\/image\/","url":"https:\/\/tepeyac.edu.mx\/wp23c\/wp-content\/uploads\/2025\/02\/Logo-Colegiod-el-Tepeyac.jpg","contentUrl":"https:\/\/tepeyac.edu.mx\/wp23c\/wp-content\/uploads\/2025\/02\/Logo-Colegiod-el-Tepeyac.jpg","width":709,"height":709,"caption":"Colegios del Tepeyac"},"image":{"@id":"https:\/\/tepeyac.edu.mx\/wp23c\/#\/schema\/logo\/image\/"},"sameAs":["https:\/\/www.facebook.com\/colegiodeltepeyac"]}]}},"_links":{"self":[{"href":"https:\/\/tepeyac.edu.mx\/wp23c\/wp-json\/wp\/v2\/pages\/250","targetHints":{"allow":["GET"]}}],"collection":[{"href":"https:\/\/tepeyac.edu.mx\/wp23c\/wp-json\/wp\/v2\/pages"}],"about":[{"href":"https:\/\/tepeyac.edu.mx\/wp23c\/wp-json\/wp\/v2\/types\/page"}],"author":[{"embeddable":true,"href":"https:\/\/tepeyac.edu.mx\/wp23c\/wp-json\/wp\/v2\/users\/1"}],"replies":[{"embeddable":true,"href":"https:\/\/tepeyac.edu.mx\/wp23c\/wp-json\/wp\/v2\/comments?post=250"}],"version-history":[{"count":62,"href":"https:\/\/tepeyac.edu.mx\/wp23c\/wp-json\/wp\/v2\/pages\/250\/revisions"}],"predecessor-version":[{"id":2427,"href":"https:\/\/tepeyac.edu.mx\/wp23c\/wp-json\/wp\/v2\/pages\/250\/revisions\/2427"}],"wp:attachment":[{"href":"https:\/\/tepeyac.edu.mx\/wp23c\/wp-json\/wp\/v2\/media?parent=250"}],"curies":[{"name":"wp","href":"https:\/\/api.w.org\/{rel}","templated":true}]}}