{"id":586,"date":"2023-06-19T13:04:36","date_gmt":"2023-06-19T13:04:36","guid":{"rendered":"https:\/\/tepeyac.edu.mx\/wp23c\/?page_id=586"},"modified":"2025-03-07T12:39:13","modified_gmt":"2025-03-07T12:39:13","slug":"nosotros","status":"publish","type":"page","link":"https:\/\/tepeyac.edu.mx\/wp23c\/nosotros\/","title":{"rendered":"Nosotros"},"content":{"rendered":"<p>[et_pb_section fb_built=\u00bb1&#8243; fullwidth=\u00bbon\u00bb admin_label=\u00bbHero\u00bb _builder_version=\u00bb4.21.0&#8243; use_background_color_gradient=\u00bbon\u00bb background_color_gradient_direction=\u00bb90deg\u00bb background_color_gradient_stops=\u00bb#eeeff2 33%|rgba(238,239,242,0) 52%\u00bb background_color_gradient_overlays_image=\u00bbon\u00bb background_color_gradient_start=\u00bb#eeeff2&#8243; background_color_gradient_start_position=\u00bb33%\u00bb background_color_gradient_end=\u00bbrgba(238,239,242,0)\u00bb background_color_gradient_end_position=\u00bb52%\u00bb background_image=\u00bbhttps:\/\/tepeyac.edu.mx\/wp23c\/wp-content\/uploads\/2023\/06\/banner inscribite CH.jpg\u00bb global_colors_info=\u00bb{}\u00bb][et_pb_fullwidth_header subhead=\u00bb\u00bfQui\u00e9nes somos?\u00bb content_max_width=\u00bb600px\u00bb _builder_version=\u00bb4.21.0&#8243; title_font=\u00bbRubik|700||on|||||\u00bb title_text_color=\u00bb#ff7355&#8243; title_font_size=\u00bb16px\u00bb title_letter_spacing=\u00bb5px\u00bb title_line_height=\u00bb0.5em\u00bb content_font=\u00bbRubik||||||||\u00bb content_font_size=\u00bb18px\u00bb subhead_font=\u00bbRubik|700|||||||\u00bb subhead_text_color=\u00bbrgba(0,0,0,0.8)\u00bb subhead_font_size=\u00bb50px\u00bb subhead_line_height=\u00bb1.5em\u00bb background_color=\u00bbrgba(255,255,255,0)\u00bb use_background_color_gradient=\u00bbon\u00bb background_color_gradient_stops=\u00bbrgba(255,255,255,0) 50%|rgba(255,255,255,0.7) 100%\u00bb background_color_gradient_start=\u00bbrgba(255,255,255,0)\u00bb background_color_gradient_start_position=\u00bb50%\u00bb background_color_gradient_end=\u00bbrgba(255,255,255,0.7)\u00bb background_size=\u00bbcontain\u00bb background_position=\u00bbbottom_center\u00bb custom_button_one=\u00bbon\u00bb button_one_text_size=\u00bb16px\u00bb button_one_text_color=\u00bb#ffffff\u00bb button_one_bg_color=\u00bb#ff7355&#8243; button_one_border_width=\u00bb15px\u00bb button_one_border_color=\u00bbrgba(210,159,104,0)\u00bb button_one_border_radius=\u00bb100px\u00bb button_one_letter_spacing=\u00bb0px\u00bb button_one_font=\u00bbRubik|700|||||||\u00bb button_one_use_icon=\u00bboff\u00bb custom_button_two=\u00bbon\u00bb button_two_text_size=\u00bb16px\u00bb button_two_text_color=\u00bb#ffffff\u00bb button_two_bg_color=\u00bbrgba(0,0,0,0.6)\u00bb button_two_border_width=\u00bb15px\u00bb button_two_border_color=\u00bbrgba(210,159,104,0)\u00bb button_two_border_radius=\u00bb100px\u00bb button_two_letter_spacing=\u00bb0px\u00bb button_two_font=\u00bbRubik|700|||||||\u00bb button_two_use_icon=\u00bboff\u00bb background_layout=\u00bblight\u00bb max_width_last_edited=\u00bboff|desktop\u00bb module_alignment=\u00bbcenter\u00bb custom_margin=\u00bb|||\u00bb custom_padding=\u00bb8vw||4vw|\u00bb subhead_font_size_tablet=\u00bb\u00bb subhead_font_size_phone=\u00bb30px\u00bb subhead_font_size_last_edited=\u00bbon|phone\u00bb button_one_border_radius_hover=\u00bb100px\u00bb button_two_border_radius_hover=\u00bb100px\u00bb button_one_bg_color_hover=\u00bb#ff8a70&#8243; button_two_bg_color_hover=\u00bb#ff8a70&#8243; global_colors_info=\u00bb{}\u00bb button_one_text_size__hover_enabled=\u00bboff\u00bb button_two_text_size__hover_enabled=\u00bboff\u00bb button_one_text_color__hover_enabled=\u00bboff\u00bb button_two_text_color__hover_enabled=\u00bboff\u00bb button_one_border_width__hover_enabled=\u00bboff\u00bb button_two_border_width__hover_enabled=\u00bboff\u00bb button_one_border_color__hover_enabled=\u00bboff\u00bb button_two_border_color__hover_enabled=\u00bboff\u00bb button_one_border_radius__hover_enabled=\u00bbon\u00bb button_one_border_radius__hover=\u00bb100px\u00bb button_two_border_radius__hover_enabled=\u00bbon\u00bb button_two_border_radius__hover=\u00bb100px\u00bb button_one_letter_spacing__hover_enabled=\u00bboff\u00bb button_two_letter_spacing__hover_enabled=\u00bboff\u00bb button_one_bg_color__hover_enabled=\u00bbon\u00bb button_one_bg_color__hover=\u00bb#ff8a70&#8243; button_two_bg_color__hover_enabled=\u00bbon\u00bb button_two_bg_color__hover=\u00bb#ff8a70&#8243;][\/et_pb_fullwidth_header][\/et_pb_section][et_pb_section fb_built=\u00bb1&#8243; background_color_gradient_stops_1=\u00bb#2b87da 0%|#c7cbd4 100%\u00bb background_color_gradient_end_1=\u00bb#c7cbd4&#8243; admin_label=\u00bbPrinciple Quote\u00bb _builder_version=\u00bb4.16&#8243; custom_padding=\u00bb0|0px|0|0px|false|false\u00bb locked=\u00bboff\u00bb global_colors_info=\u00bb{}\u00bb][et_pb_row column_structure=\u00bb1_2,1_2&#8243; use_custom_gutter=\u00bbon\u00bb gutter_width=\u00bb1&#8243; make_equal=\u00bbon\u00bb padding_top_bottom_link_1=\u00bbtrue\u00bb padding_top_bottom_link_2=\u00bbtrue\u00bb module_class=\u00bb et_pb_row_fullwidth\u00bb _builder_version=\u00bb4.27.4&#8243; width=\u00bb100%\u00bb width_tablet=\u00bb100%\u00bb width_phone=\u00bb100%\u00bb width_last_edited=\u00bbon|desktop\u00bb max_width=\u00bb100%\u00bb max_width_tablet=\u00bb100%\u00bb max_width_phone=\u00bb100%\u00bb max_width_last_edited=\u00bbon|desktop\u00bb custom_padding=\u00bb0px|0px|0px|0px\u00bb make_fullwidth=\u00bbon\u00bb global_colors_info=\u00bb{}\u00bb][et_pb_column type=\u00bb1_2&#8243; _builder_version=\u00bb4.16&#8243; use_background_color_gradient=\u00bbon\u00bb background_color_gradient_direction=\u00bb90deg\u00bb background_color_gradient_stops=\u00bbrgba(58,80,99,0.85) 0%|#3a5063 100%\u00bb background_color_gradient_overlays_image=\u00bbon\u00bb background_color_gradient_start=\u00bbrgba(58,80,99,0.85)\u00bb background_color_gradient_end=\u00bb#3a5063&#8243; background_image=\u00bbhttps:\/\/tepeyac.edu.mx\/wp23c\/wp-content\/uploads\/2023\/06\/jess-watters-483666-unsplash.jpg\u00bb custom_padding=\u00bb120px|80px|120px|10%\u00bb custom_padding_tablet=\u00bb|10%||10%||true\u00bb custom_padding_phone=\u00bb|10%||10%||true\u00bb custom_padding_last_edited=\u00bbon|tablet\u00bb global_colors_info=\u00bb{}\u00bb padding_tablet=\u00bb|10%||10%||true\u00bb padding_last_edited=\u00bbon|tablet\u00bb custom_padding__hover=\u00bb|||\u00bb padding_phone=\u00bb|10%||10%||true\u00bb][et_pb_text admin_label=\u00bbTitle\u00bb _builder_version=\u00bb4.21.0&#8243; text_font=\u00bb|500|||||||\u00bb text_font_size=\u00bb18px\u00bb text_line_height=\u00bb2em\u00bb quote_font=\u00bb||||||||\u00bb header_font=\u00bb||||||||\u00bb header_2_font=\u00bbRubik|700|||||||\u00bb header_2_font_size=\u00bb40px\u00bb header_2_line_height=\u00bb1.4em\u00bb header_5_font=\u00bbRubik|700||on|||||\u00bb header_5_letter_spacing=\u00bb5px\u00bb header_5_line_height=\u00bb1.2em\u00bb background_layout=\u00bbdark\u00bb max_width=\u00bb600px\u00bb max_width_tablet=\u00bb\u00bb max_width_phone=\u00bb\u00bb max_width_last_edited=\u00bbon|phone\u00bb custom_margin=\u00bb|||\u00bb custom_margin_tablet=\u00bb|70px||70px\u00bb custom_margin_phone=\u00bb|50px||50px\u00bb custom_margin_last_edited=\u00bboff|desktop\u00bb custom_padding=\u00bb|||40px\u00bb text_line_height_last_edited=\u00bboff|desktop\u00bb header_2_font_size_tablet=\u00bb\u00bb header_2_font_size_phone=\u00bb30px\u00bb header_2_font_size_last_edited=\u00bbon|phone\u00bb border_color_all=\u00bb#ff9c02&#8243; border_width_left=\u00bb8px\u00bb locked=\u00bboff\u00bb inline_fonts=\u00bbSacramento\u00bb global_colors_info=\u00bb{}\u00bb]<\/p>\n<h2>NUESTRO PILARES EDUCATIVOS<\/h2>\n<p>1.Excelencia personal: Ser para hacer<\/p>\n<p>2.Excelencia acad\u00e9mica: Conocer para mejorar<\/p>\n<p>3.Compromiso Hist\u00f3rico \u2013 Social: Construir para vivir como humanidad<\/p>\n<p>4.Elevada formaci\u00f3n f\u00edsico- atl\u00e9tica: El cuerpo manifiesto de una salud integral<\/p>\n<p>5.Cultura Biling\u00fce: Pensar Global<\/p>\n<p>6.Formaci\u00f3n art\u00edstico \u2013 cultural: Sensibilidad por lo excelso.<\/p>\n<p>[\/et_pb_text][\/et_pb_column][et_pb_column type=\u00bb1_2&#8243; _builder_version=\u00bb4.27.4&#8243; background_color_gradient_direction=\u00bb90deg\u00bb background_color_gradient_start=\u00bb#ff7355&#8243; background_color_gradient_end=\u00bbrgba(255,115,85,0.6)\u00bb background_image=\u00bbhttps:\/\/tepeyac.edu.mx\/wp23c\/wp-content\/uploads\/2024\/11\/DSC_0239.jpg\u00bb custom_padding=\u00bb120px|10%|120px|80px\u00bb custom_padding_tablet=\u00bb|10%||10%||true\u00bb custom_padding_phone=\u00bb|10%||10%||true\u00bb custom_padding_last_edited=\u00bbon|tablet\u00bb global_colors_info=\u00bb{}\u00bb padding_tablet=\u00bb|10%||10%||true\u00bb padding_last_edited=\u00bbon|tablet\u00bb custom_padding__hover=\u00bb|||\u00bb padding_phone=\u00bb|10%||10%||true\u00bb][et_pb_divider color=\u00bbrgba(0,0,0,0)\u00bb _builder_version=\u00bb4.16&#8243; height=\u00bb340px\u00bb locked=\u00bboff\u00bb global_colors_info=\u00bb{}\u00bb][\/et_pb_divider][\/et_pb_column][\/et_pb_row][\/et_pb_section][et_pb_section fb_built=\u00bb1&#8243; _builder_version=\u00bb4.21.0&#8243; _module_preset=\u00bbdefault\u00bb global_colors_info=\u00bb{}\u00bb][et_pb_row _builder_version=\u00bb4.21.0&#8243; _module_preset=\u00bbdefault\u00bb global_colors_info=\u00bb{}\u00bb][et_pb_column type=\u00bb4_4&#8243; _builder_version=\u00bb4.21.0&#8243; _module_preset=\u00bbdefault\u00bb global_colors_info=\u00bb{}\u00bb][et_pb_team_member name=\u00bbRodrigo Valle S\u00e1nchez\u00bb position=\u00bbRector\u00bb image_url=\u00bbhttps:\/\/tepeyac.edu.mx\/wp23c\/wp-content\/uploads\/2023\/06\/rector.jpg\u00bb _builder_version=\u00bb4.21.0&#8243; _module_preset=\u00bbdefault\u00bb header_font_size=\u00bb20px\u00bb body_font=\u00bb||||||||\u00bb body_font_size=\u00bb20px\u00bb body_line_height=\u00bb2em\u00bb global_colors_info=\u00bb{}\u00bb]<\/p>\n<p style=\"text-align: justify;\">Describir, definir y presentar al Colegio y Universidad del Tepeyac, es una tarea que est\u00e1 llena de historia, valores, honor, humanismo y trascendencia. As\u00ed pues, SEAN BIENVENIDOS a esta gran instituci\u00f3n educativa, basada en principios s\u00f3lidos y claros que distinguen y enorgullecen a nuestra comunidad.<\/p>\n<p style=\"text-align: justify;\">Los niveles educativos y la oferta educativa que se ofrece en el pa\u00eds, est\u00e1n contenidos en el Tepeyac desde el preescolar hasta posgrado, completando una l\u00ednea formativa propia que nos distingue, los planes educativos, as\u00ed como el dise\u00f1o de actividades extracurriculares en su conjunto permiten la formaci\u00f3n integral en valores propios de nuestros egresados.<\/p>\n<p style=\"text-align: justify;\">La Excelencia Acad\u00e9mica, la orientaci\u00f3n Social Humanista, la Inspiraci\u00f3n Cristiana, el deporte y el conocimiento de otros idiomas, conducen desde hace ocho d\u00e9cadas nuestra labor de formar hombres y mujeres de bien, asegurando una alta calidad acad\u00e9mica y de servicio, que nos han dado un lugar destacado como referente educativo en nuestro pa\u00eds.<\/p>\n<p style=\"text-align: justify;\">La constante actualizaci\u00f3n tanto de los programas como de los catedr\u00e1ticos que d\u00eda a d\u00eda se dedican a la noble tarea de la educaci\u00f3n, nos permiten afirmar que los conocimientos y la preparaci\u00f3n de nuestros estudiantes los colocan en el m\u00e1s alto nivel de competitividad, asertividad y capacidad para enfrentar los retos que estas complejas sociedades requieren.<\/p>\n<p style=\"text-align: justify;\">Por todo esto, con orgullo damos la m\u00e1s cordial bienvenida a formar parte de nuestra comunidad educativa que tiene las puertas abiertas a quien quiere crecer y triunfar.<\/p>\n<p style=\"text-align: center;\">[\/et_pb_team_member][\/et_pb_column][\/et_pb_row][\/et_pb_section][et_pb_section fb_built=\u00bb1&#8243; _builder_version=\u00bb4.21.0&#8243; _module_preset=\u00bbdefault\u00bb custom_padding=\u00bb3px|||||\u00bb global_colors_info=\u00bb{}\u00bb][et_pb_row _builder_version=\u00bb4.21.0&#8243; _module_preset=\u00bbdefault\u00bb global_colors_info=\u00bb{}\u00bb][et_pb_column type=\u00bb4_4&#8243; _builder_version=\u00bb4.21.0&#8243; _module_preset=\u00bbdefault\u00bb global_colors_info=\u00bb{}\u00bb][et_pb_text _builder_version=\u00bb4.21.0&#8243; _module_preset=\u00bbdefault\u00bb text_font=\u00bb||||||||\u00bb text_font_size=\u00bb18px\u00bb text_line_height=\u00bb2em\u00bb custom_padding=\u00bb||0px|||\u00bb global_colors_info=\u00bb{}\u00bb]<\/p>\n<p style=\"text-align: center;\">Nuestros pilares educativos son nuestro estilo de vida, nuestro MODIS VIVENDI que se ve reflejando en toda nuestra actividad educativa, con ello garantizamos y hacemos realidad nuestra raz\u00f3n de ser PARA EL DESARROLLO TOTAL.<\/p>\n<p>[\/et_pb_text][\/et_pb_column][\/et_pb_row][et_pb_row column_structure=\u00bb1_4,3_4&#8243; _builder_version=\u00bb4.21.0&#8243; _module_preset=\u00bbdefault\u00bb global_colors_info=\u00bb{}\u00bb][et_pb_column type=\u00bb1_4&#8243; _builder_version=\u00bb4.21.0&#8243; _module_preset=\u00bbdefault\u00bb global_colors_info=\u00bb{}\u00bb][et_pb_image src=\u00bbhttps:\/\/tepeyac.edu.mx\/wp23c\/wp-content\/uploads\/2023\/06\/escudo.jpg\u00bb title_text=\u00bbescudo\u00bb _builder_version=\u00bb4.21.0&#8243; _module_preset=\u00bbdefault\u00bb global_colors_info=\u00bb{}\u00bb][\/et_pb_image][\/et_pb_column][et_pb_column type=\u00bb3_4&#8243; _builder_version=\u00bb4.21.0&#8243; _module_preset=\u00bbdefault\u00bb global_colors_info=\u00bb{}\u00bb][et_pb_text _builder_version=\u00bb4.21.0&#8243; _module_preset=\u00bbdefault\u00bb text_font=\u00bb||||||||\u00bb text_font_size=\u00bb18px\u00bb text_line_height=\u00bb2em\u00bb custom_padding=\u00bb||0px|||\u00bb global_colors_info=\u00bb{}\u00bb]<\/p>\n<p style=\"text-align: justify;\"><strong>MISI\u00d3N<\/strong><\/p>\n<p style=\"text-align: justify;\">El Colegio del Tepeyac es un <b><i>ambiente educativo <\/i><\/b>de <b><i>excelencia acad\u00e9mica<\/i><\/b> que <b><i>forma de manera integral <\/i><\/b>con <b><i>gran compromiso social <\/i><\/b>en una <b><i>cultura biling\u00fce <\/i><\/b>a ni\u00f1os, adolescentes y j\u00f3venes por medio de un <b><i>humanismo de inspiraci\u00f3n cristiana<\/i><\/b>.<\/p>\n<p style=\"text-align: justify;\">Es un generador de oportunidades para una <b><i>elevada formaci\u00f3n atl\u00e9tica o f\u00edsica<\/i><\/b>, fomentando el <b><i>desarrollo de competencias art\u00edstico-culturales<\/i><\/b>, con una <b><i>conciencia hist\u00f3rico-social <\/i><\/b>para la construcci\u00f3n de un mundo mas digno y humano.<\/p>\n<p>[\/et_pb_text][\/et_pb_column][\/et_pb_row][et_pb_row column_structure=\u00bb3_4,1_4&#8243; _builder_version=\u00bb4.21.0&#8243; _module_preset=\u00bbdefault\u00bb global_colors_info=\u00bb{}\u00bb][et_pb_column type=\u00bb3_4&#8243; _builder_version=\u00bb4.21.0&#8243; _module_preset=\u00bbdefault\u00bb global_colors_info=\u00bb{}\u00bb][et_pb_text _builder_version=\u00bb4.21.0&#8243; _module_preset=\u00bbdefault\u00bb text_font=\u00bb||||||||\u00bb text_font_size=\u00bb18px\u00bb text_line_height=\u00bb2em\u00bb custom_padding=\u00bb||0px|||\u00bb global_colors_info=\u00bb{}\u00bb]<\/p>\n<p style=\"text-align: justify;\"><strong>VISI\u00d3N<\/strong><\/p>\n<p style=\"text-align: justify;\">El Colegio del Tepeyac, como ambiente educativo, es un <b><i>promotor de l\u00edderes <\/i><\/b>con gran capacidad para <b><i>responder asertivamente <\/i><\/b>los retos y desaf\u00edos del entorno social, vinculando los conocimientos cient\u00edficos, los avances tecnol\u00f3gicos y art\u00edsticos <b><i>desde una perspectiva humanista de inspiraci\u00f3n cristiana;<\/i><\/b> con ello inspiramos <b><i>personas socialmente responsables<\/i><\/b> en la construcci\u00f3n de un mundo mas digno y humano.<\/p>\n<p>[\/et_pb_text][\/et_pb_column][et_pb_column type=\u00bb1_4&#8243; _builder_version=\u00bb4.21.0&#8243; _module_preset=\u00bbdefault\u00bb global_colors_info=\u00bb{}\u00bb][\/et_pb_column][\/et_pb_row][et_pb_row _builder_version=\u00bb4.27.4&#8243; _module_preset=\u00bbdefault\u00bb][et_pb_column _builder_version=\u00bb4.27.4&#8243; _module_preset=\u00bbdefault\u00bb type=\u00bb4_4&#8243;][et_pb_video _builder_version=\u00bb4.27.4&#8243; _module_preset=\u00bbdefault\u00bb src=\u00bbhttps:\/\/youtu.be\/2q3fAy-y-jU\u00bb title_text=\u00bbx1&#8243; image_src=\u00bbhttps:\/\/tepeyac.edu.mx\/wp23c\/wp-content\/uploads\/2025\/03\/x1.jpg\u00bb play_icon_color=\u00bb#000000&#8243; animation_style=\u00bbbounce\u00bb hover_enabled=\u00bb0&#8243; sticky_enabled=\u00bb0&#8243;][\/et_pb_video][\/et_pb_column][\/et_pb_row][\/et_pb_section]<\/p>\n","protected":false},"excerpt":{"rendered":"<p>NUESTRO PILARES EDUCATIVOS 1.Excelencia personal: Ser para hacer 2.Excelencia acad\u00e9mica: Conocer para mejorar 3.Compromiso Hist\u00f3rico \u2013 Social: Construir para vivir como humanidad 4.Elevada formaci\u00f3n f\u00edsico- atl\u00e9tica: El cuerpo manifiesto de una salud integral 5.Cultura Biling\u00fce: Pensar Global 6.Formaci\u00f3n art\u00edstico \u2013 cultural: Sensibilidad por lo excelso.Describir, definir y presentar al Colegio y Universidad del Tepeyac, es [&hellip;]<\/p>\n","protected":false},"author":1,"featured_media":0,"parent":0,"menu_order":0,"comment_status":"closed","ping_status":"closed","template":"","meta":{"_et_pb_use_builder":"on","_et_pb_old_content":"","_et_gb_content_width":"","content-type":"","_joinchat":[],"footnotes":""},"class_list":["post-586","page","type-page","status-publish","hentry"],"yoast_head":"<!-- This site is optimized with the Yoast SEO plugin v27.4 - https:\/\/yoast.com\/product\/yoast-seo-wordpress\/ -->\n<title>Nosotros - Colegios del Tepeyac<\/title>\n<meta name=\"robots\" content=\"index, follow, max-snippet:-1, max-image-preview:large, max-video-preview:-1\" \/>\n<link rel=\"canonical\" href=\"https:\/\/tepeyac.edu.mx\/wp23c\/nosotros\/\" \/>\n<meta property=\"og:locale\" content=\"es_ES\" \/>\n<meta property=\"og:type\" content=\"article\" \/>\n<meta property=\"og:title\" content=\"Nosotros - Colegios del Tepeyac\" \/>\n<meta property=\"og:description\" content=\"NUESTRO PILARES EDUCATIVOS 1.Excelencia personal: Ser para hacer 2.Excelencia acad\u00e9mica: Conocer para mejorar 3.Compromiso Hist\u00f3rico \u2013 Social: Construir para vivir como humanidad 4.Elevada formaci\u00f3n f\u00edsico- atl\u00e9tica: El cuerpo manifiesto de una salud integral 5.Cultura Biling\u00fce: Pensar Global 6.Formaci\u00f3n art\u00edstico \u2013 cultural: Sensibilidad por lo excelso.Describir, definir y presentar al Colegio y Universidad del Tepeyac, es [&hellip;]\" \/>\n<meta property=\"og:url\" content=\"https:\/\/tepeyac.edu.mx\/wp23c\/nosotros\/\" \/>\n<meta property=\"og:site_name\" content=\"Colegios del Tepeyac\" \/>\n<meta property=\"article:publisher\" content=\"https:\/\/www.facebook.com\/colegiodeltepeyac\" \/>\n<meta property=\"article:modified_time\" content=\"2025-03-07T12:39:13+00:00\" \/>\n<meta property=\"og:image\" content=\"https:\/\/tepeyac.edu.mx\/wp23c\/wp-content\/uploads\/2025\/02\/Logo-Colegiod-el-Tepeyac.jpg\" \/>\n\t<meta property=\"og:image:width\" content=\"709\" \/>\n\t<meta property=\"og:image:height\" content=\"709\" \/>\n\t<meta property=\"og:image:type\" content=\"image\/jpeg\" \/>\n<meta name=\"twitter:card\" content=\"summary_large_image\" \/>\n<meta name=\"twitter:label1\" content=\"Tiempo de lectura\" \/>\n\t<meta name=\"twitter:data1\" content=\"9 minutos\" \/>\n<script type=\"application\/ld+json\" class=\"yoast-schema-graph\">{\"@context\":\"https:\\\/\\\/schema.org\",\"@graph\":[{\"@type\":\"WebPage\",\"@id\":\"https:\\\/\\\/tepeyac.edu.mx\\\/wp23c\\\/nosotros\\\/\",\"url\":\"https:\\\/\\\/tepeyac.edu.mx\\\/wp23c\\\/nosotros\\\/\",\"name\":\"Nosotros - Colegios del Tepeyac\",\"isPartOf\":{\"@id\":\"https:\\\/\\\/tepeyac.edu.mx\\\/wp23c\\\/#website\"},\"datePublished\":\"2023-06-19T13:04:36+00:00\",\"dateModified\":\"2025-03-07T12:39:13+00:00\",\"breadcrumb\":{\"@id\":\"https:\\\/\\\/tepeyac.edu.mx\\\/wp23c\\\/nosotros\\\/#breadcrumb\"},\"inLanguage\":\"es\",\"potentialAction\":[{\"@type\":\"ReadAction\",\"target\":[\"https:\\\/\\\/tepeyac.edu.mx\\\/wp23c\\\/nosotros\\\/\"]}]},{\"@type\":\"BreadcrumbList\",\"@id\":\"https:\\\/\\\/tepeyac.edu.mx\\\/wp23c\\\/nosotros\\\/#breadcrumb\",\"itemListElement\":[{\"@type\":\"ListItem\",\"position\":1,\"name\":\"Portada\",\"item\":\"https:\\\/\\\/tepeyac.edu.mx\\\/wp23c\\\/\"},{\"@type\":\"ListItem\",\"position\":2,\"name\":\"Nosotros\"}]},{\"@type\":\"WebSite\",\"@id\":\"https:\\\/\\\/tepeyac.edu.mx\\\/wp23c\\\/#website\",\"url\":\"https:\\\/\\\/tepeyac.edu.mx\\\/wp23c\\\/\",\"name\":\"Colegio del Tepeyac\",\"description\":\"Instituci\u00f3n Educativa\",\"publisher\":{\"@id\":\"https:\\\/\\\/tepeyac.edu.mx\\\/wp23c\\\/#organization\"},\"alternateName\":\"Colegio del Tepeyac\",\"potentialAction\":[{\"@type\":\"SearchAction\",\"target\":{\"@type\":\"EntryPoint\",\"urlTemplate\":\"https:\\\/\\\/tepeyac.edu.mx\\\/wp23c\\\/?s={search_term_string}\"},\"query-input\":{\"@type\":\"PropertyValueSpecification\",\"valueRequired\":true,\"valueName\":\"search_term_string\"}}],\"inLanguage\":\"es\"},{\"@type\":\"Organization\",\"@id\":\"https:\\\/\\\/tepeyac.edu.mx\\\/wp23c\\\/#organization\",\"name\":\"Colegios del Tepeyac\",\"url\":\"https:\\\/\\\/tepeyac.edu.mx\\\/wp23c\\\/\",\"logo\":{\"@type\":\"ImageObject\",\"inLanguage\":\"es\",\"@id\":\"https:\\\/\\\/tepeyac.edu.mx\\\/wp23c\\\/#\\\/schema\\\/logo\\\/image\\\/\",\"url\":\"https:\\\/\\\/tepeyac.edu.mx\\\/wp23c\\\/wp-content\\\/uploads\\\/2025\\\/02\\\/Logo-Colegiod-el-Tepeyac.jpg\",\"contentUrl\":\"https:\\\/\\\/tepeyac.edu.mx\\\/wp23c\\\/wp-content\\\/uploads\\\/2025\\\/02\\\/Logo-Colegiod-el-Tepeyac.jpg\",\"width\":709,\"height\":709,\"caption\":\"Colegios del Tepeyac\"},\"image\":{\"@id\":\"https:\\\/\\\/tepeyac.edu.mx\\\/wp23c\\\/#\\\/schema\\\/logo\\\/image\\\/\"},\"sameAs\":[\"https:\\\/\\\/www.facebook.com\\\/colegiodeltepeyac\"]}]}<\/script>\n<!-- \/ Yoast SEO plugin. -->","yoast_head_json":{"title":"Nosotros - Colegios del Tepeyac","robots":{"index":"index","follow":"follow","max-snippet":"max-snippet:-1","max-image-preview":"max-image-preview:large","max-video-preview":"max-video-preview:-1"},"canonical":"https:\/\/tepeyac.edu.mx\/wp23c\/nosotros\/","og_locale":"es_ES","og_type":"article","og_title":"Nosotros - Colegios del Tepeyac","og_description":"NUESTRO PILARES EDUCATIVOS 1.Excelencia personal: Ser para hacer 2.Excelencia acad\u00e9mica: Conocer para mejorar 3.Compromiso Hist\u00f3rico \u2013 Social: Construir para vivir como humanidad 4.Elevada formaci\u00f3n f\u00edsico- atl\u00e9tica: El cuerpo manifiesto de una salud integral 5.Cultura Biling\u00fce: Pensar Global 6.Formaci\u00f3n art\u00edstico \u2013 cultural: Sensibilidad por lo excelso.Describir, definir y presentar al Colegio y Universidad del Tepeyac, es [&hellip;]","og_url":"https:\/\/tepeyac.edu.mx\/wp23c\/nosotros\/","og_site_name":"Colegios del Tepeyac","article_publisher":"https:\/\/www.facebook.com\/colegiodeltepeyac","article_modified_time":"2025-03-07T12:39:13+00:00","og_image":[{"width":709,"height":709,"url":"https:\/\/tepeyac.edu.mx\/wp23c\/wp-content\/uploads\/2025\/02\/Logo-Colegiod-el-Tepeyac.jpg","type":"image\/jpeg"}],"twitter_card":"summary_large_image","twitter_misc":{"Tiempo de lectura":"9 minutos"},"schema":{"@context":"https:\/\/schema.org","@graph":[{"@type":"WebPage","@id":"https:\/\/tepeyac.edu.mx\/wp23c\/nosotros\/","url":"https:\/\/tepeyac.edu.mx\/wp23c\/nosotros\/","name":"Nosotros - Colegios del Tepeyac","isPartOf":{"@id":"https:\/\/tepeyac.edu.mx\/wp23c\/#website"},"datePublished":"2023-06-19T13:04:36+00:00","dateModified":"2025-03-07T12:39:13+00:00","breadcrumb":{"@id":"https:\/\/tepeyac.edu.mx\/wp23c\/nosotros\/#breadcrumb"},"inLanguage":"es","potentialAction":[{"@type":"ReadAction","target":["https:\/\/tepeyac.edu.mx\/wp23c\/nosotros\/"]}]},{"@type":"BreadcrumbList","@id":"https:\/\/tepeyac.edu.mx\/wp23c\/nosotros\/#breadcrumb","itemListElement":[{"@type":"ListItem","position":1,"name":"Portada","item":"https:\/\/tepeyac.edu.mx\/wp23c\/"},{"@type":"ListItem","position":2,"name":"Nosotros"}]},{"@type":"WebSite","@id":"https:\/\/tepeyac.edu.mx\/wp23c\/#website","url":"https:\/\/tepeyac.edu.mx\/wp23c\/","name":"Colegio del Tepeyac","description":"Instituci\u00f3n Educativa","publisher":{"@id":"https:\/\/tepeyac.edu.mx\/wp23c\/#organization"},"alternateName":"Colegio del Tepeyac","potentialAction":[{"@type":"SearchAction","target":{"@type":"EntryPoint","urlTemplate":"https:\/\/tepeyac.edu.mx\/wp23c\/?s={search_term_string}"},"query-input":{"@type":"PropertyValueSpecification","valueRequired":true,"valueName":"search_term_string"}}],"inLanguage":"es"},{"@type":"Organization","@id":"https:\/\/tepeyac.edu.mx\/wp23c\/#organization","name":"Colegios del Tepeyac","url":"https:\/\/tepeyac.edu.mx\/wp23c\/","logo":{"@type":"ImageObject","inLanguage":"es","@id":"https:\/\/tepeyac.edu.mx\/wp23c\/#\/schema\/logo\/image\/","url":"https:\/\/tepeyac.edu.mx\/wp23c\/wp-content\/uploads\/2025\/02\/Logo-Colegiod-el-Tepeyac.jpg","contentUrl":"https:\/\/tepeyac.edu.mx\/wp23c\/wp-content\/uploads\/2025\/02\/Logo-Colegiod-el-Tepeyac.jpg","width":709,"height":709,"caption":"Colegios del Tepeyac"},"image":{"@id":"https:\/\/tepeyac.edu.mx\/wp23c\/#\/schema\/logo\/image\/"},"sameAs":["https:\/\/www.facebook.com\/colegiodeltepeyac"]}]}},"_links":{"self":[{"href":"https:\/\/tepeyac.edu.mx\/wp23c\/wp-json\/wp\/v2\/pages\/586","targetHints":{"allow":["GET"]}}],"collection":[{"href":"https:\/\/tepeyac.edu.mx\/wp23c\/wp-json\/wp\/v2\/pages"}],"about":[{"href":"https:\/\/tepeyac.edu.mx\/wp23c\/wp-json\/wp\/v2\/types\/page"}],"author":[{"embeddable":true,"href":"https:\/\/tepeyac.edu.mx\/wp23c\/wp-json\/wp\/v2\/users\/1"}],"replies":[{"embeddable":true,"href":"https:\/\/tepeyac.edu.mx\/wp23c\/wp-json\/wp\/v2\/comments?post=586"}],"version-history":[{"count":27,"href":"https:\/\/tepeyac.edu.mx\/wp23c\/wp-json\/wp\/v2\/pages\/586\/revisions"}],"predecessor-version":[{"id":1948,"href":"https:\/\/tepeyac.edu.mx\/wp23c\/wp-json\/wp\/v2\/pages\/586\/revisions\/1948"}],"wp:attachment":[{"href":"https:\/\/tepeyac.edu.mx\/wp23c\/wp-json\/wp\/v2\/media?parent=586"}],"curies":[{"name":"wp","href":"https:\/\/api.w.org\/{rel}","templated":true}]}}