{"id":923,"date":"2023-06-21T17:19:40","date_gmt":"2023-06-21T17:19:40","guid":{"rendered":"https:\/\/tepeyac.edu.mx\/wp23c\/?page_id=923"},"modified":"2023-06-21T17:59:12","modified_gmt":"2023-06-21T17:59:12","slug":"preescolar_qro","status":"publish","type":"page","link":"https:\/\/tepeyac.edu.mx\/wp23c\/preescolar_qro\/","title":{"rendered":"Preescolar_qro"},"content":{"rendered":"<p>[et_pb_section fb_built=\u00bb1&#8243; admin_label=\u00bbOur Mission\u00bb _builder_version=\u00bb4.16&#8243; use_background_color_gradient=\u00bbon\u00bb background_color_gradient_stops=\u00bbrgba(233,239,243,0) 0%|#e9eff3 100%\u00bb background_color_gradient_start=\u00bbrgba(233,239,243,0)\u00bb background_color_gradient_end=\u00bb#e9eff3&#8243; background_image=\u00bbhttps:\/\/tepeyac.edu.mx\/wp23c\/wp-content\/uploads\/2023\/06\/shapes-bg-color.png\u00bb parallax=\u00bbon\u00bb custom_padding=\u00bb54px|0px|80px|0px|false|false\u00bb global_colors_info=\u00bb{}\u00bb][et_pb_row admin_label=\u00bbMission Row\u00bb _builder_version=\u00bb4.16&#8243; locked=\u00bboff\u00bb global_colors_info=\u00bb{}\u00bb][et_pb_column type=\u00bb4_4&#8243; _builder_version=\u00bb4.16&#8243; custom_padding=\u00bb|||\u00bb global_colors_info=\u00bb{}\u00bb custom_padding__hover=\u00bb|||\u00bb][et_pb_blurb title=\u00bbEducaci\u00f3n B\u00e1sica\u00bb use_icon=\u00bbon\u00bb font_icon=\u00bb&#xe012;||divi||400&#8243; icon_color=\u00bb#2b76df\u00bb image_icon_width=\u00bb32px\u00bb _builder_version=\u00bb4.21.0&#8243; header_font=\u00bbCabin Sketch|700||on|||||\u00bb header_text_color=\u00bb#ff7355&#8243; header_font_size=\u00bb20px\u00bb header_letter_spacing=\u00bb5px\u00bb header_line_height=\u00bb1.5em\u00bb text_orientation=\u00bbcenter\u00bb custom_margin=\u00bb||0px|\u00bb icon_font_size=\u00bb32px\u00bb locked=\u00bboff\u00bb global_colors_info=\u00bb{}\u00bb][\/et_pb_blurb][et_pb_text _builder_version=\u00bb4.21.0&#8243; text_font=\u00bbRubik|500|||||||\u00bb text_font_size=\u00bb16px\u00bb text_line_height=\u00bb2em\u00bb header_font=\u00bb||||||||\u00bb header_2_font=\u00bbRubik|700|||||||\u00bb header_2_font_size=\u00bb40px\u00bb header_2_line_height=\u00bb1.4em\u00bb header_5_font=\u00bbRubik|700||on|||||\u00bb header_5_text_color=\u00bb#2b76df\u00bb header_5_letter_spacing=\u00bb5px\u00bb header_5_line_height=\u00bb1.5em\u00bb text_orientation=\u00bbcenter\u00bb max_width=\u00bb700px\u00bb module_alignment=\u00bbcenter\u00bb custom_margin=\u00bb|||\u00bb custom_margin_tablet=\u00bb0px|||\u00bb custom_margin_last_edited=\u00bboff|desktop\u00bb text_line_height_last_edited=\u00bboff|desktop\u00bb header_2_font_size_tablet=\u00bb\u00bb header_2_font_size_phone=\u00bb30px\u00bb header_2_font_size_last_edited=\u00bbon|phone\u00bb global_colors_info=\u00bb{}\u00bb]<\/p>\n<h2 style=\"text-align: center;\">Preescolar<\/h2>\n<p>La<span>\u00a0<\/span><strong>Educaci\u00f3n preescolar<\/strong><span>\u00a0<\/span>es un periodo de formaci\u00f3n primordial en la vida de los ni\u00f1os, es en estos primeros cinco a\u00f1os de vida donde se construyen los fundamentos del desarrollo de la inteligencia, la personalidad y el comportamiento social.<\/p>\n<p>El<span>\u00a0<\/span><strong>Colegio Tepeyac<\/strong><span>\u00a0<\/span>bajo la teor\u00eda constructivista, transforma al ni\u00f1o en un alumno activo, capaz de explotar, descubrir, inventar y as\u00ed convertirse en la figura central de su proceso de aprendizaje activo.<\/p>\n<p>&nbsp;<\/p>\n<p>[\/et_pb_text][\/et_pb_column][\/et_pb_row][\/et_pb_section][et_pb_section fb_built=\u00bb1&#8243; fullwidth=\u00bbon\u00bb next_background_color=\u00bb#e3e3e8&#8243; admin_label=\u00bbSection\u00bb _builder_version=\u00bb4.16&#8243; bottom_divider_style=\u00bbclouds2&#8243; global_colors_info=\u00bb{}\u00bb][et_pb_fullwidth_image src=\u00bbhttps:\/\/tepeyac.edu.mx\/wp23c\/wp-content\/uploads\/2023\/06\/blocks-bg.jpg\u00bb _builder_version=\u00bb4.16&#8243; global_colors_info=\u00bb{}\u00bb][\/et_pb_fullwidth_image][\/et_pb_section][et_pb_section fb_built=\u00bb1&#8243; admin_label=\u00bbEvents\u00bb _builder_version=\u00bb4.16&#8243; background_color=\u00bb#e3e3e8&#8243; use_background_color_gradient=\u00bbon\u00bb background_color_gradient_stops=\u00bb#e3e3e8 0%|#ffffff 100%\u00bb background_color_gradient_overlays_image=\u00bbon\u00bb background_color_gradient_start=\u00bb#e3e3e8&#8243; background_color_gradient_end=\u00bb#ffffff\u00bb background_size=\u00bbinitial\u00bb background_position=\u00bbtop_center\u00bb custom_padding=\u00bb|||\u00bb global_colors_info=\u00bb{}\u00bb][et_pb_row column_structure=\u00bb1_4,1_4,1_4,1_4&#8243; padding_top_bottom_link_1=\u00bbtrue\u00bb padding_top_bottom_link_2=\u00bbtrue\u00bb padding_top_bottom_link_3=\u00bbtrue\u00bb padding_left_right_link_1=\u00bbtrue\u00bb padding_left_right_link_2=\u00bbtrue\u00bb padding_left_right_link_3=\u00bbtrue\u00bb admin_label=\u00bbEvents Row\u00bb _builder_version=\u00bb4.21.0&#8243; custom_padding=\u00bb27px|0px|27px|0px|false|false\u00bb locked=\u00bboff\u00bb global_colors_info=\u00bb{}\u00bb][et_pb_column type=\u00bb1_4&#8243; _builder_version=\u00bb4.16&#8243; background_color=\u00bb#ff9c02&#8243; custom_padding=\u00bb30px|20px|30px|20px\u00bb global_colors_info=\u00bb{}\u00bb custom_padding__hover=\u00bb|||\u00bb][et_pb_text _builder_version=\u00bb4.21.0&#8243; text_font=\u00bb||||||||\u00bb text_line_height=\u00bb2em\u00bb header_font=\u00bb||||||||\u00bb header_3_font=\u00bb||||||||\u00bb header_4_font=\u00bbRubik||||||||\u00bb header_4_font_size=\u00bb16px\u00bb header_4_line_height=\u00bb1.5em\u00bb background_layout=\u00bbdark\u00bb custom_margin=\u00bb||||false\u00bb custom_padding=\u00bb|||\u00bb global_colors_info=\u00bb{}\u00bb]<\/p>\n<h4 style=\"text-align: center;\">Desarrollo Cognitivo<\/h4>\n<p style=\"text-align: center;\"><span>Busca desarrollar en el peque\u00f1o el lenguaje como herramienta fundamental para integrarse a la sociedad y as\u00ed tener la oportunidad de acumular nuevos conocimientos. As\u00ed mismo, al concatenar lo anterior con actividades matem\u00e1ticas propiciamos el desarrollo del razonamiento y la noci\u00f3n num\u00e9rica, espacial y temporal<\/span><\/p>\n<p>[\/et_pb_text][\/et_pb_column][et_pb_column type=\u00bb1_4&#8243; _builder_version=\u00bb4.16&#8243; background_color=\u00bb#2b76df\u00bb custom_padding=\u00bb30px|20px|30px|20px\u00bb global_colors_info=\u00bb{}\u00bb custom_padding__hover=\u00bb|||\u00bb][et_pb_text _builder_version=\u00bb4.21.0&#8243; text_font=\u00bb||||||||\u00bb text_line_height=\u00bb2em\u00bb header_font=\u00bb||||||||\u00bb header_3_font=\u00bb||||||||\u00bb header_4_font=\u00bbRubik||||||||\u00bb header_4_font_size=\u00bb16px\u00bb header_4_line_height=\u00bb1.5em\u00bb background_layout=\u00bbdark\u00bb custom_margin=\u00bb||||false\u00bb custom_padding=\u00bb|||\u00bb global_colors_info=\u00bb{}\u00bb]<\/p>\n<h4 style=\"text-align: center;\">Educaci\u00f3n Ambiental<\/h4>\n<p style=\"text-align: center;\"><span>Fortalece la capacidad para el pensamiento reflexivo a trav\u00e9s de contextos que les permitan aprender sobre el mundo social y natural usando para este fin la curiosidad y la capacidad de asombro que tienen los ni\u00f1os de esta edad.<\/span><\/p>\n<p>[\/et_pb_text][\/et_pb_column][et_pb_column type=\u00bb1_4&#8243; _builder_version=\u00bb4.16&#8243; background_color=\u00bb#74bc19&#8243; custom_padding=\u00bb30px|20px|30px|20px\u00bb global_colors_info=\u00bb{}\u00bb custom_padding__hover=\u00bb|||\u00bb][et_pb_text _builder_version=\u00bb4.21.0&#8243; text_font=\u00bb||||||||\u00bb text_line_height=\u00bb2em\u00bb header_font=\u00bb||||||||\u00bb header_3_font=\u00bb||||||||\u00bb header_4_font=\u00bbRubik||||||||\u00bb header_4_font_size=\u00bb16px\u00bb header_4_line_height=\u00bb1.5em\u00bb background_layout=\u00bbdark\u00bb custom_margin=\u00bb||||false\u00bb custom_padding=\u00bb|||\u00bb global_colors_info=\u00bb{}\u00bb]<\/p>\n<h4 style=\"text-align: center;\"><span>Expresi\u00f3n y creatividad<\/span><\/h4>\n<p style=\"text-align: center;\"><span>Fomentamos la curiosidad, espontaneidad, imaginaci\u00f3n, sensibilidad, creatividad y el gusto est\u00e9tico, favoreciendo la expresi\u00f3n gr\u00e1fico-pl\u00e1stica y la expresi\u00f3n corporal y art\u00edstica.<\/span><\/p>\n<p>[\/et_pb_text][\/et_pb_column][et_pb_column type=\u00bb1_4&#8243; _builder_version=\u00bb4.21.0&#8243; background_color=\u00bb#8300E9&#8243; custom_padding=\u00bb30px|20px|30px|20px\u00bb global_colors_info=\u00bb{}\u00bb custom_padding__hover=\u00bb|||\u00bb][et_pb_text _builder_version=\u00bb4.21.0&#8243; text_font=\u00bb||||||||\u00bb text_line_height=\u00bb2em\u00bb header_font=\u00bb||||||||\u00bb header_3_font=\u00bb||||||||\u00bb header_4_font=\u00bbRubik||||||||\u00bb header_4_font_size=\u00bb16px\u00bb header_4_line_height=\u00bb1.5em\u00bb background_color=\u00bbRGBA(255,255,255,0)\u00bb background_layout=\u00bbdark\u00bb custom_margin=\u00bb||||false\u00bb custom_padding=\u00bb|||\u00bb global_colors_info=\u00bb{}\u00bb]<\/p>\n<h4 style=\"text-align: center;\"><span>Ingl\u00e9s<\/span><\/h4>\n<div class=\"gdlr-core-icon-list-content-wrap\" style=\"text-align: center;\"><span class=\"gdlr-core-icon-list-content\">Con una tradici\u00f3n biling\u00fce, contamos con un sistema bicultural, que promueve la competencia comunicativa de los alumnos, proporcion\u00e1ndoles el dominio del idioma usando contextos reales y atractivos en el que se fortalecen las cuatro habilidades: speaking, writing, reading y listening. Ello en un contexto inmersivo que comprende clases muestra, concursos de poes\u00eda, obras de teatro, festivales, entre otras.<\/span><\/div>\n<p>[\/et_pb_text][\/et_pb_column][\/et_pb_row][et_pb_row _builder_version=\u00bb4.21.0&#8243; _module_preset=\u00bbdefault\u00bb global_colors_info=\u00bb{}\u00bb][et_pb_column type=\u00bb4_4&#8243; _builder_version=\u00bb4.21.0&#8243; _module_preset=\u00bbdefault\u00bb global_colors_info=\u00bb{}\u00bb][et_pb_text _builder_version=\u00bb4.21.0&#8243; _module_preset=\u00bbdefault\u00bb global_colors_info=\u00bb{}\u00bb]<\/p>\n<p style=\"text-align: center;\"><strong>El colegio del Tepeyac Centro Educativo Preescolar, est\u00e1 dise\u00f1ado en tres niveles\u00a0<\/strong><\/p>\n<p style=\"text-align: center;\">Primer nivel- Kindergarten, 3 a\u00f1os cumplidos al 31 de diciembre,<\/p>\n<p style=\"text-align: center;\">Segundo nivel-Pre-primary, 4 a\u00f1os cumplidos al 31 de diciembre,<\/p>\n<p style=\"text-align: center;\">Tercer nivel- First English, 5 a\u00f1os cumplidos al 31 de diciembre.<\/p>\n<p style=\"text-align: center;\"><span>Tenemos grupos reducidos para estimular el desenvolvimiento del ni\u00f1o en el grupo escolar; mejorar la observaci\u00f3n por parte del docente sobre la evoluci\u00f3n de la personalidad del ni\u00f1o y proporcionar un medio arm\u00f3nico con recursos suficientes para experimentar.\u00a0<\/span><\/p>\n<p style=\"text-align: center;\">[\/et_pb_text][\/et_pb_column][\/et_pb_row][\/et_pb_section][et_pb_section fb_built=\u00bb1&#8243; fullwidth=\u00bbon\u00bb _builder_version=\u00bb4.21.0&#8243; _module_preset=\u00bbdefault\u00bb global_colors_info=\u00bb{}\u00bb][et_pb_fullwidth_image src=\u00bbhttps:\/\/tepeyac.edu.mx\/wp23c\/wp-content\/uploads\/2023\/06\/Pre3-2.jpg\u00bb title_text=\u00bbPre3&#8243; _builder_version=\u00bb4.21.0&#8243; _module_preset=\u00bbdefault\u00bb global_colors_info=\u00bb{}\u00bb][\/et_pb_fullwidth_image][\/et_pb_section][et_pb_section fb_built=\u00bb1&#8243; _builder_version=\u00bb4.21.0&#8243; _module_preset=\u00bbdefault\u00bb global_colors_info=\u00bb{}\u00bb][et_pb_row column_structure=\u00bb1_3,1_3,1_3&#8243; _builder_version=\u00bb4.21.0&#8243; _module_preset=\u00bbdefault\u00bb global_colors_info=\u00bb{}\u00bb][et_pb_column type=\u00bb1_3&#8243; _builder_version=\u00bb4.21.0&#8243; _module_preset=\u00bbdefault\u00bb global_colors_info=\u00bb{}\u00bb][et_pb_button button_url=\u00bbhttps:\/\/tepeyac.edu.mx\/wp23c\/primaria_qro\/\u00bb button_text=\u00bbPrimaria\u00bb button_alignment=\u00bbcenter\u00bb _builder_version=\u00bb4.21.0&#8243; _module_preset=\u00bbdefault\u00bb hover_enabled=\u00bb0&#8243; global_colors_info=\u00bb{}\u00bb sticky_enabled=\u00bb0&#8243;][\/et_pb_button][\/et_pb_column][et_pb_column type=\u00bb1_3&#8243; _builder_version=\u00bb4.21.0&#8243; _module_preset=\u00bbdefault\u00bb global_colors_info=\u00bb{}\u00bb][et_pb_button button_text=\u00bbSecundaria\u00bb button_alignment=\u00bbcenter\u00bb _builder_version=\u00bb4.21.0&#8243; _module_preset=\u00bbdefault\u00bb hover_enabled=\u00bb0&#8243; global_colors_info=\u00bb{}\u00bb button_url=\u00bbhttps:\/\/tepeyac.edu.mx\/wp23c\/secundaria_qro\/\u00bb sticky_enabled=\u00bb0&#8243;][\/et_pb_button][\/et_pb_column][et_pb_column type=\u00bb1_3&#8243; _builder_version=\u00bb4.21.0&#8243; _module_preset=\u00bbdefault\u00bb global_colors_info=\u00bb{}\u00bb][et_pb_button button_text=\u00bbPreparatoria\u00bb button_alignment=\u00bbcenter\u00bb _builder_version=\u00bb4.21.0&#8243; _module_preset=\u00bbdefault\u00bb hover_enabled=\u00bb0&#8243; global_colors_info=\u00bb{}\u00bb button_url=\u00bbhttps:\/\/tepeyac.edu.mx\/wp23c\/preparatoria_qro\/\u00bb sticky_enabled=\u00bb0&#8243;][\/et_pb_button][\/et_pb_column][\/et_pb_row][\/et_pb_section]<\/p>\n","protected":false},"excerpt":{"rendered":"<p>Preescolar La\u00a0Educaci\u00f3n preescolar\u00a0es un periodo de formaci\u00f3n primordial en la vida de los ni\u00f1os, es en estos primeros cinco a\u00f1os de vida donde se construyen los fundamentos del desarrollo de la inteligencia, la personalidad y el comportamiento social. El\u00a0Colegio Tepeyac\u00a0bajo la teor\u00eda constructivista, transforma al ni\u00f1o en un alumno activo, capaz de explotar, descubrir, inventar [&hellip;]<\/p>\n","protected":false},"author":1,"featured_media":0,"parent":0,"menu_order":0,"comment_status":"closed","ping_status":"closed","template":"","meta":{"_et_pb_use_builder":"on","_et_pb_old_content":"","_et_gb_content_width":"","content-type":"","_joinchat":[],"footnotes":""},"class_list":["post-923","page","type-page","status-publish","hentry"],"yoast_head":"<!-- This site is optimized with the Yoast SEO plugin v27.4 - https:\/\/yoast.com\/product\/yoast-seo-wordpress\/ -->\n<title>Preescolar_qro - Colegios del Tepeyac<\/title>\n<meta name=\"robots\" content=\"index, follow, max-snippet:-1, max-image-preview:large, max-video-preview:-1\" \/>\n<link rel=\"canonical\" href=\"https:\/\/tepeyac.edu.mx\/wp23c\/preescolar_qro\/\" \/>\n<meta property=\"og:locale\" content=\"es_ES\" \/>\n<meta property=\"og:type\" content=\"article\" \/>\n<meta property=\"og:title\" content=\"Preescolar_qro - Colegios del Tepeyac\" \/>\n<meta property=\"og:description\" content=\"Preescolar La\u00a0Educaci\u00f3n preescolar\u00a0es un periodo de formaci\u00f3n primordial en la vida de los ni\u00f1os, es en estos primeros cinco a\u00f1os de vida donde se construyen los fundamentos del desarrollo de la inteligencia, la personalidad y el comportamiento social. El\u00a0Colegio Tepeyac\u00a0bajo la teor\u00eda constructivista, transforma al ni\u00f1o en un alumno activo, capaz de explotar, descubrir, inventar [&hellip;]\" \/>\n<meta property=\"og:url\" content=\"https:\/\/tepeyac.edu.mx\/wp23c\/preescolar_qro\/\" \/>\n<meta property=\"og:site_name\" content=\"Colegios del Tepeyac\" \/>\n<meta property=\"article:publisher\" content=\"https:\/\/www.facebook.com\/colegiodeltepeyac\" \/>\n<meta property=\"article:modified_time\" content=\"2023-06-21T17:59:12+00:00\" \/>\n<meta property=\"og:image\" content=\"https:\/\/tepeyac.edu.mx\/wp23c\/wp-content\/uploads\/2025\/02\/Logo-Colegiod-el-Tepeyac.jpg\" \/>\n\t<meta property=\"og:image:width\" content=\"709\" \/>\n\t<meta property=\"og:image:height\" content=\"709\" \/>\n\t<meta property=\"og:image:type\" content=\"image\/jpeg\" \/>\n<meta name=\"twitter:card\" content=\"summary_large_image\" \/>\n<meta name=\"twitter:label1\" content=\"Tiempo de lectura\" \/>\n\t<meta name=\"twitter:data1\" content=\"7 minutos\" \/>\n<script type=\"application\/ld+json\" class=\"yoast-schema-graph\">{\"@context\":\"https:\\\/\\\/schema.org\",\"@graph\":[{\"@type\":\"WebPage\",\"@id\":\"https:\\\/\\\/tepeyac.edu.mx\\\/wp23c\\\/preescolar_qro\\\/\",\"url\":\"https:\\\/\\\/tepeyac.edu.mx\\\/wp23c\\\/preescolar_qro\\\/\",\"name\":\"Preescolar_qro - Colegios del Tepeyac\",\"isPartOf\":{\"@id\":\"https:\\\/\\\/tepeyac.edu.mx\\\/wp23c\\\/#website\"},\"datePublished\":\"2023-06-21T17:19:40+00:00\",\"dateModified\":\"2023-06-21T17:59:12+00:00\",\"breadcrumb\":{\"@id\":\"https:\\\/\\\/tepeyac.edu.mx\\\/wp23c\\\/preescolar_qro\\\/#breadcrumb\"},\"inLanguage\":\"es\",\"potentialAction\":[{\"@type\":\"ReadAction\",\"target\":[\"https:\\\/\\\/tepeyac.edu.mx\\\/wp23c\\\/preescolar_qro\\\/\"]}]},{\"@type\":\"BreadcrumbList\",\"@id\":\"https:\\\/\\\/tepeyac.edu.mx\\\/wp23c\\\/preescolar_qro\\\/#breadcrumb\",\"itemListElement\":[{\"@type\":\"ListItem\",\"position\":1,\"name\":\"Portada\",\"item\":\"https:\\\/\\\/tepeyac.edu.mx\\\/wp23c\\\/\"},{\"@type\":\"ListItem\",\"position\":2,\"name\":\"Preescolar_qro\"}]},{\"@type\":\"WebSite\",\"@id\":\"https:\\\/\\\/tepeyac.edu.mx\\\/wp23c\\\/#website\",\"url\":\"https:\\\/\\\/tepeyac.edu.mx\\\/wp23c\\\/\",\"name\":\"Colegio del Tepeyac\",\"description\":\"Instituci\u00f3n Educativa\",\"publisher\":{\"@id\":\"https:\\\/\\\/tepeyac.edu.mx\\\/wp23c\\\/#organization\"},\"alternateName\":\"Colegio del Tepeyac\",\"potentialAction\":[{\"@type\":\"SearchAction\",\"target\":{\"@type\":\"EntryPoint\",\"urlTemplate\":\"https:\\\/\\\/tepeyac.edu.mx\\\/wp23c\\\/?s={search_term_string}\"},\"query-input\":{\"@type\":\"PropertyValueSpecification\",\"valueRequired\":true,\"valueName\":\"search_term_string\"}}],\"inLanguage\":\"es\"},{\"@type\":\"Organization\",\"@id\":\"https:\\\/\\\/tepeyac.edu.mx\\\/wp23c\\\/#organization\",\"name\":\"Colegios del Tepeyac\",\"url\":\"https:\\\/\\\/tepeyac.edu.mx\\\/wp23c\\\/\",\"logo\":{\"@type\":\"ImageObject\",\"inLanguage\":\"es\",\"@id\":\"https:\\\/\\\/tepeyac.edu.mx\\\/wp23c\\\/#\\\/schema\\\/logo\\\/image\\\/\",\"url\":\"https:\\\/\\\/tepeyac.edu.mx\\\/wp23c\\\/wp-content\\\/uploads\\\/2025\\\/02\\\/Logo-Colegiod-el-Tepeyac.jpg\",\"contentUrl\":\"https:\\\/\\\/tepeyac.edu.mx\\\/wp23c\\\/wp-content\\\/uploads\\\/2025\\\/02\\\/Logo-Colegiod-el-Tepeyac.jpg\",\"width\":709,\"height\":709,\"caption\":\"Colegios del Tepeyac\"},\"image\":{\"@id\":\"https:\\\/\\\/tepeyac.edu.mx\\\/wp23c\\\/#\\\/schema\\\/logo\\\/image\\\/\"},\"sameAs\":[\"https:\\\/\\\/www.facebook.com\\\/colegiodeltepeyac\"]}]}<\/script>\n<!-- \/ Yoast SEO plugin. -->","yoast_head_json":{"title":"Preescolar_qro - Colegios del Tepeyac","robots":{"index":"index","follow":"follow","max-snippet":"max-snippet:-1","max-image-preview":"max-image-preview:large","max-video-preview":"max-video-preview:-1"},"canonical":"https:\/\/tepeyac.edu.mx\/wp23c\/preescolar_qro\/","og_locale":"es_ES","og_type":"article","og_title":"Preescolar_qro - Colegios del Tepeyac","og_description":"Preescolar La\u00a0Educaci\u00f3n preescolar\u00a0es un periodo de formaci\u00f3n primordial en la vida de los ni\u00f1os, es en estos primeros cinco a\u00f1os de vida donde se construyen los fundamentos del desarrollo de la inteligencia, la personalidad y el comportamiento social. El\u00a0Colegio Tepeyac\u00a0bajo la teor\u00eda constructivista, transforma al ni\u00f1o en un alumno activo, capaz de explotar, descubrir, inventar [&hellip;]","og_url":"https:\/\/tepeyac.edu.mx\/wp23c\/preescolar_qro\/","og_site_name":"Colegios del Tepeyac","article_publisher":"https:\/\/www.facebook.com\/colegiodeltepeyac","article_modified_time":"2023-06-21T17:59:12+00:00","og_image":[{"width":709,"height":709,"url":"https:\/\/tepeyac.edu.mx\/wp23c\/wp-content\/uploads\/2025\/02\/Logo-Colegiod-el-Tepeyac.jpg","type":"image\/jpeg"}],"twitter_card":"summary_large_image","twitter_misc":{"Tiempo de lectura":"7 minutos"},"schema":{"@context":"https:\/\/schema.org","@graph":[{"@type":"WebPage","@id":"https:\/\/tepeyac.edu.mx\/wp23c\/preescolar_qro\/","url":"https:\/\/tepeyac.edu.mx\/wp23c\/preescolar_qro\/","name":"Preescolar_qro - Colegios del Tepeyac","isPartOf":{"@id":"https:\/\/tepeyac.edu.mx\/wp23c\/#website"},"datePublished":"2023-06-21T17:19:40+00:00","dateModified":"2023-06-21T17:59:12+00:00","breadcrumb":{"@id":"https:\/\/tepeyac.edu.mx\/wp23c\/preescolar_qro\/#breadcrumb"},"inLanguage":"es","potentialAction":[{"@type":"ReadAction","target":["https:\/\/tepeyac.edu.mx\/wp23c\/preescolar_qro\/"]}]},{"@type":"BreadcrumbList","@id":"https:\/\/tepeyac.edu.mx\/wp23c\/preescolar_qro\/#breadcrumb","itemListElement":[{"@type":"ListItem","position":1,"name":"Portada","item":"https:\/\/tepeyac.edu.mx\/wp23c\/"},{"@type":"ListItem","position":2,"name":"Preescolar_qro"}]},{"@type":"WebSite","@id":"https:\/\/tepeyac.edu.mx\/wp23c\/#website","url":"https:\/\/tepeyac.edu.mx\/wp23c\/","name":"Colegio del Tepeyac","description":"Instituci\u00f3n Educativa","publisher":{"@id":"https:\/\/tepeyac.edu.mx\/wp23c\/#organization"},"alternateName":"Colegio del Tepeyac","potentialAction":[{"@type":"SearchAction","target":{"@type":"EntryPoint","urlTemplate":"https:\/\/tepeyac.edu.mx\/wp23c\/?s={search_term_string}"},"query-input":{"@type":"PropertyValueSpecification","valueRequired":true,"valueName":"search_term_string"}}],"inLanguage":"es"},{"@type":"Organization","@id":"https:\/\/tepeyac.edu.mx\/wp23c\/#organization","name":"Colegios del Tepeyac","url":"https:\/\/tepeyac.edu.mx\/wp23c\/","logo":{"@type":"ImageObject","inLanguage":"es","@id":"https:\/\/tepeyac.edu.mx\/wp23c\/#\/schema\/logo\/image\/","url":"https:\/\/tepeyac.edu.mx\/wp23c\/wp-content\/uploads\/2025\/02\/Logo-Colegiod-el-Tepeyac.jpg","contentUrl":"https:\/\/tepeyac.edu.mx\/wp23c\/wp-content\/uploads\/2025\/02\/Logo-Colegiod-el-Tepeyac.jpg","width":709,"height":709,"caption":"Colegios del Tepeyac"},"image":{"@id":"https:\/\/tepeyac.edu.mx\/wp23c\/#\/schema\/logo\/image\/"},"sameAs":["https:\/\/www.facebook.com\/colegiodeltepeyac"]}]}},"_links":{"self":[{"href":"https:\/\/tepeyac.edu.mx\/wp23c\/wp-json\/wp\/v2\/pages\/923","targetHints":{"allow":["GET"]}}],"collection":[{"href":"https:\/\/tepeyac.edu.mx\/wp23c\/wp-json\/wp\/v2\/pages"}],"about":[{"href":"https:\/\/tepeyac.edu.mx\/wp23c\/wp-json\/wp\/v2\/types\/page"}],"author":[{"embeddable":true,"href":"https:\/\/tepeyac.edu.mx\/wp23c\/wp-json\/wp\/v2\/users\/1"}],"replies":[{"embeddable":true,"href":"https:\/\/tepeyac.edu.mx\/wp23c\/wp-json\/wp\/v2\/comments?post=923"}],"version-history":[{"count":5,"href":"https:\/\/tepeyac.edu.mx\/wp23c\/wp-json\/wp\/v2\/pages\/923\/revisions"}],"predecessor-version":[{"id":947,"href":"https:\/\/tepeyac.edu.mx\/wp23c\/wp-json\/wp\/v2\/pages\/923\/revisions\/947"}],"wp:attachment":[{"href":"https:\/\/tepeyac.edu.mx\/wp23c\/wp-json\/wp\/v2\/media?parent=923"}],"curies":[{"name":"wp","href":"https:\/\/api.w.org\/{rel}","templated":true}]}}